{"id":58871,"date":"2026-04-01T14:21:06","date_gmt":"2026-04-01T13:21:06","guid":{"rendered":"https:\/\/bigbuy.tupique.com\/produto\/gas-hob-beko-hilw75222sl-hilw75222sl-75-cm-1-w-75-cm\/"},"modified":"2026-04-15T00:12:37","modified_gmt":"2026-04-14T23:12:37","slug":"gas-hob-beko-hilw75222sl-hilw75222sl-75-cm-1-w-75-cm","status":"publish","type":"product","link":"https:\/\/bigbuy.tupique.com\/en\/produto\/gas-hob-beko-hilw75222sl-hilw75222sl-75-cm-1-w-75-cm\/","title":{"rendered":"Plaque au gaz BEKO HILW75222SL HILW75222SL 75 cm 1 W (75 CM)"},"content":{"rendered":"<p>Si vous pensez r\u00e9nover votre cuisine, achetez <b>Plaque au gaz BEKO HILW75222SL HILW75222SL 75 cm 1 W (75 CM)<\/b> et d\u00b4autres <b>produits BEKO<\/b> !<\/p>\n<ul>\n<li>puissance:\n<ul>\n<li>7400 W<\/li>\n<li>1 W<\/li>\n<\/ul>\n<\/li>\n<li>Bloc d\u2019Alimentation:\n<ul>\n<li>Lumi\u00e8re<\/li>\n<li>Gaz<\/li>\n<\/ul>\n<\/li>\n<li>Zones de cuisson: 5<\/li>\n<li>Fr\u00e9quence: 50 Hz<\/li>\n<li>Tension:\n<ul>\n<li>220-240 V<\/li>\n<li>220 -240 V<\/li>\n<\/ul>\n<\/li>\n<li>Type:\n<ul>\n<li>Int\u00e9grable<\/li>\n<li>Gaz<\/li>\n<li>Plaque au gaz<\/li>\n<\/ul>\n<\/li>\n<li>Contr\u00f4le: Plaque Tournante<\/li>\n<li>Dimensions approx.: 75 x 52,4 x 4,6 cm<\/li>\n<li>Largeur: 75 cm<\/li>\n<li>Couleur: Noir<\/li>\n<li>Mat\u00e9riel: verre<\/li>\n<li>Informations importantes: En ce qui concerne le raccordement au gaz, il convient de respecter les r\u00e9glementations nationales en vigueur.<\/li>\n<li>\u00c9cran integr\u00e9: Non<\/li>\n<li>Type de carburant: Gaz<\/li>\n<\/ul>","protected":false},"excerpt":{"rendered":"<p>Si vous pensez r\u00e9nover votre cuisine, achetez Plaque au gaz BEKO HILW75222SL HILW75222SL 75 cm 1 W (75 CM) et d\u00b4autres produits BEKO ! puissance: 7400 W 1 W Bloc d\u2019Alimentation: Lumi\u00e8re Gaz Zones de cuisson: 5 Fr\u00e9quence: 50 Hz Tension: 220-240 V 220 -240 V Type: Int\u00e9grable Gaz Plaque au gaz Contr\u00f4le: Plaque Tournante [&hellip;]<\/p>\n","protected":false},"featured_media":58870,"comment_status":"open","ping_status":"closed","template":"","meta":[],"product_brand":[825],"product_cat":[60,77,78],"product_tag":[55,56],"class_list":{"0":"post-58871","1":"product","2":"type-product","3":"status-publish","4":"has-post-thumbnail","6":"product_brand-brandp_1255","7":"product_cat-cuisine-gourmet","8":"product_cat-petit-electromenager","9":"product_cat-plaques-de-cuisson","10":"product_tag-tag_926","11":"product_tag-tag_930","13":"first","14":"instock","15":"taxable","16":"shipping-taxable","17":"purchasable","18":"product-type-simple"},"_links":{"self":[{"href":"https:\/\/bigbuy.tupique.com\/en\/wp-json\/wp\/v2\/product\/58871","targetHints":{"allow":["GET"]}}],"collection":[{"href":"https:\/\/bigbuy.tupique.com\/en\/wp-json\/wp\/v2\/product"}],"about":[{"href":"https:\/\/bigbuy.tupique.com\/en\/wp-json\/wp\/v2\/types\/product"}],"replies":[{"embeddable":true,"href":"https:\/\/bigbuy.tupique.com\/en\/wp-json\/wp\/v2\/comments?post=58871"}],"wp:featuredmedia":[{"embeddable":true,"href":"https:\/\/bigbuy.tupique.com\/en\/wp-json\/wp\/v2\/media\/58870"}],"wp:attachment":[{"href":"https:\/\/bigbuy.tupique.com\/en\/wp-json\/wp\/v2\/media?parent=58871"}],"wp:term":[{"taxonomy":"product_brand","embeddable":true,"href":"https:\/\/bigbuy.tupique.com\/en\/wp-json\/wp\/v2\/product_brand?post=58871"},{"taxonomy":"product_cat","embeddable":true,"href":"https:\/\/bigbuy.tupique.com\/en\/wp-json\/wp\/v2\/product_cat?post=58871"},{"taxonomy":"product_tag","embeddable":true,"href":"https:\/\/bigbuy.tupique.com\/en\/wp-json\/wp\/v2\/product_tag?post=58871"}],"curies":[{"name":"wp","href":"https:\/\/api.w.org\/{rel}","templated":true}]}}