{"id":58863,"date":"2026-04-01T14:20:54","date_gmt":"2026-04-01T13:20:54","guid":{"rendered":"https:\/\/bigbuy.tupique.com\/produto\/dishwasher-balay-3vs506ip-60-cm\/"},"modified":"2026-04-15T00:12:19","modified_gmt":"2026-04-14T23:12:19","slug":"dishwasher-balay-3vs506ip-60-cm","status":"publish","type":"product","link":"https:\/\/bigbuy.tupique.com\/en\/produto\/dishwasher-balay-3vs506ip-60-cm\/","title":{"rendered":"Lave-vaisselle Balay 3VS506IP 60 cm"},"content":{"rendered":"<p>Si vous pensez r\u00e9nover votre cuisine, achetez <b>Lave-vaisselle Balay 3VS506IP 60 cm<\/b> et d\u00b4autres <b>produits Balay<\/b> !<\/p>\n<ul>\n<li>Bloc d\u2019Alimentation: r\u00e9seau \u00e9lectrique<\/li>\n<li>Langue: Espagnol<\/li>\n<li>Largeur: 60 cm<\/li>\n<li>Classification \u00e9nerg\u00e9tique: E<\/li>\n<li>Produit \u00e0 brancher: Oui<\/li>\n<li>Type: Lave-vaisselle<\/li>\n<li>Couleur:\n<ul>\n<li>Acier<\/li>\n<li>Multicouleur<\/li>\n<\/ul>\n<\/li>\n<li>Type de prise: Prise EU<\/li>\n<li>Caract\u00e9ristiques: \u00c9cran integr\u00e9<\/li>\n<li>Mat\u00e9riel: Acier inoxydable<\/li>\n<li>Tension: 220 V<\/li>\n<li>Poids approx.: 2 Kg<\/li>\n<li>Niveau sonore: 44 dB<\/li>\n<\/ul>","protected":false},"excerpt":{"rendered":"<p>Si vous pensez r\u00e9nover votre cuisine, achetez Lave-vaisselle Balay 3VS506IP 60 cm et d\u00b4autres produits Balay ! Bloc d\u2019Alimentation: r\u00e9seau \u00e9lectrique Langue: Espagnol Largeur: 60 cm Classification \u00e9nerg\u00e9tique: E Produit \u00e0 brancher: Oui Type: Lave-vaisselle Couleur: Acier Multicouleur Type de prise: Prise EU Caract\u00e9ristiques: \u00c9cran integr\u00e9 Mat\u00e9riel: Acier inoxydable Tension: 220 V Poids approx.: 2 [&hellip;]<\/p>\n","protected":false},"featured_media":58858,"comment_status":"open","ping_status":"closed","template":"","meta":[],"product_brand":[114],"product_cat":[393,60,77],"product_tag":[],"class_list":{"0":"post-58863","1":"product","2":"type-product","3":"status-publish","4":"has-post-thumbnail","6":"product_brand-brandp_1251","7":"product_cat-autres-appareils-de-cuisines","8":"product_cat-cuisine-gourmet","9":"product_cat-petit-electromenager","11":"first","12":"instock","13":"taxable","14":"shipping-taxable","15":"purchasable","16":"product-type-simple"},"_links":{"self":[{"href":"https:\/\/bigbuy.tupique.com\/en\/wp-json\/wp\/v2\/product\/58863","targetHints":{"allow":["GET"]}}],"collection":[{"href":"https:\/\/bigbuy.tupique.com\/en\/wp-json\/wp\/v2\/product"}],"about":[{"href":"https:\/\/bigbuy.tupique.com\/en\/wp-json\/wp\/v2\/types\/product"}],"replies":[{"embeddable":true,"href":"https:\/\/bigbuy.tupique.com\/en\/wp-json\/wp\/v2\/comments?post=58863"}],"wp:featuredmedia":[{"embeddable":true,"href":"https:\/\/bigbuy.tupique.com\/en\/wp-json\/wp\/v2\/media\/58858"}],"wp:attachment":[{"href":"https:\/\/bigbuy.tupique.com\/en\/wp-json\/wp\/v2\/media?parent=58863"}],"wp:term":[{"taxonomy":"product_brand","embeddable":true,"href":"https:\/\/bigbuy.tupique.com\/en\/wp-json\/wp\/v2\/product_brand?post=58863"},{"taxonomy":"product_cat","embeddable":true,"href":"https:\/\/bigbuy.tupique.com\/en\/wp-json\/wp\/v2\/product_cat?post=58863"},{"taxonomy":"product_tag","embeddable":true,"href":"https:\/\/bigbuy.tupique.com\/en\/wp-json\/wp\/v2\/product_tag?post=58863"}],"curies":[{"name":"wp","href":"https:\/\/api.w.org\/{rel}","templated":true}]}}