{"id":58803,"date":"2026-04-01T14:19:24","date_gmt":"2026-04-01T13:19:24","guid":{"rendered":"https:\/\/bigbuy.tupique.com\/produto\/conventional-hood-mepamsa-110-0389-179-90-cm-712-m3-h-288w-black\/"},"modified":"2026-05-11T19:56:17","modified_gmt":"2026-05-11T17:56:17","slug":"conventional-hood-mepamsa-110-0389-179-90-cm-712-m3-h-288w-black","status":"publish","type":"product","link":"https:\/\/bigbuy.tupique.com\/en\/produto\/conventional-hood-mepamsa-110-0389-179-90-cm-712-m3-h-288w-black\/","title":{"rendered":"Hotte standard Mepamsa 110.0389.179 90 cm 712 m3\/h 288W Noir"},"content":{"rendered":"<p>Si vous pensez r\u00e9nover votre cuisine, achetez <b>Hotte standard Mepamsa 110.0389.179 90 cm 712 m3\/h 288W Noir<\/b> et d\u00b4autres <b>produits Mepamsa<\/b> !<\/p>\n<ul>\n<li>Type:\n<ul>\n<li>Mural<\/li>\n<li>LED<\/li>\n<\/ul>\n<\/li>\n<li>Couleur: Noir<\/li>\n<li>Largeur: 90 cm<\/li>\n<li>Classification \u00e9nerg\u00e9tique: A<\/li>\n<li>Moteur: 1<\/li>\n<li>Caract\u00e9ristiques: Commande tactile<\/li>\n<li>puissance: 288 W<\/li>\n<li>Filtre: Aluminium<\/li>\n<li>Niveau sonore: 49 dB<\/li>\n<li>Capacit\u00e9 d\u2019extraction: 712 m3\/h<\/li>\n<li>Produit \u00e0 brancher: Oui<\/li>\n<li>Type de prise: Prise EU<\/li>\n<li>Mat\u00e9riel: Verre tremp\u00e9<\/li>\n<li>Vitesse: 4<\/li>\n<li>Poids approx.: 20 kg<\/li>\n<li>\u00c9cran integr\u00e9: Non<\/li>\n<\/ul>","protected":false},"excerpt":{"rendered":"<p>Si vous pensez r\u00e9nover votre cuisine, achetez Hotte standard Mepamsa 110.0389.179 90 cm 712 m3\/h 288W Noir et d\u00b4autres produits Mepamsa ! Type: Mural LED Couleur: Noir Largeur: 90 cm Classification \u00e9nerg\u00e9tique: A Moteur: 1 Caract\u00e9ristiques: Commande tactile puissance: 288 W Filtre: Aluminium Niveau sonore: 49 dB Capacit\u00e9 d\u2019extraction: 712 m3\/h Produit \u00e0 brancher: Oui [&hellip;]<\/p>\n","protected":false},"featured_media":58801,"comment_status":"open","ping_status":"closed","template":"","meta":[],"product_brand":[1540],"product_cat":[60,61,62],"product_tag":[56],"class_list":{"0":"post-58803","1":"product","2":"type-product","3":"status-publish","4":"has-post-thumbnail","6":"product_brand-brandp_1292","7":"product_cat-cuisine-gourmet","8":"product_cat-equipement-de-cuisine","9":"product_cat-hottes-de-cuisine","10":"product_tag-tag_930","12":"first","13":"instock","14":"taxable","15":"shipping-taxable","16":"purchasable","17":"product-type-simple"},"_links":{"self":[{"href":"https:\/\/bigbuy.tupique.com\/en\/wp-json\/wp\/v2\/product\/58803","targetHints":{"allow":["GET"]}}],"collection":[{"href":"https:\/\/bigbuy.tupique.com\/en\/wp-json\/wp\/v2\/product"}],"about":[{"href":"https:\/\/bigbuy.tupique.com\/en\/wp-json\/wp\/v2\/types\/product"}],"replies":[{"embeddable":true,"href":"https:\/\/bigbuy.tupique.com\/en\/wp-json\/wp\/v2\/comments?post=58803"}],"wp:featuredmedia":[{"embeddable":true,"href":"https:\/\/bigbuy.tupique.com\/en\/wp-json\/wp\/v2\/media\/58801"}],"wp:attachment":[{"href":"https:\/\/bigbuy.tupique.com\/en\/wp-json\/wp\/v2\/media?parent=58803"}],"wp:term":[{"taxonomy":"product_brand","embeddable":true,"href":"https:\/\/bigbuy.tupique.com\/en\/wp-json\/wp\/v2\/product_brand?post=58803"},{"taxonomy":"product_cat","embeddable":true,"href":"https:\/\/bigbuy.tupique.com\/en\/wp-json\/wp\/v2\/product_cat?post=58803"},{"taxonomy":"product_tag","embeddable":true,"href":"https:\/\/bigbuy.tupique.com\/en\/wp-json\/wp\/v2\/product_tag?post=58803"}],"curies":[{"name":"wp","href":"https:\/\/api.w.org\/{rel}","templated":true}]}}