{"id":58798,"date":"2026-04-01T14:19:18","date_gmt":"2026-04-01T13:19:18","guid":{"rendered":"https:\/\/bigbuy.tupique.com\/produto\/conventional-hood-bosch-dfs067a51-60-cm-730-m3-h-140w-a\/"},"modified":"2026-04-14T23:38:31","modified_gmt":"2026-04-14T22:38:31","slug":"conventional-hood-bosch-dfs067a51-60-cm-730-m3-h-140w-a","status":"publish","type":"product","link":"https:\/\/bigbuy.tupique.com\/en\/produto\/conventional-hood-bosch-dfs067a51-60-cm-730-m3-h-140w-a\/","title":{"rendered":"Hotte standard BOSCH DFS067A51 60 cm 730 m3\/h 140W A"},"content":{"rendered":"<p>Si vous pensez r\u00e9nover votre cuisine, achetez <b>Hotte standard BOSCH DFS067A51 60 cm 730 m3\/h 140W A<\/b> et d\u00b4autres <b>produits BOSCH<\/b> !<\/p>\n<p>La <b>BOSCH DFS067A51<\/b> est une <b>hotte classique<\/b> encastrable con\u00e7ue pour offrir une extraction puissante et efficace des fum\u00e9es dans les cuisines domestiques, alliant fonctionnalit\u00e9 et qualit\u00e9 dans un design compact de <b>60 cm de largeur<\/b>. Fabriqu\u00e9e en <b>mat\u00e9riau m\u00e9tallique de haute qualit\u00e9<\/b>, elle pr\u00e9sente une finition <b>gris<\/b> facilitant son int\u00e9gration dans diff\u00e9rents styles de mobilier. Cette hotte se distingue par sa <b>capacit\u00e9 d\u2019extraction maximale de 727,7 m\u00b3\/h<\/b>, permettant de maintenir l\u2019air de la cuisine propre et sans odeurs, m\u00eame dans des espaces moyens. \u00c9quip\u00e9e d\u2019un syst\u00e8me \u00e0 <b>4 vitesses<\/b>, l\u2019utilisateur peut ajuster la puissance d\u2019extraction selon ses besoins, optimisant ainsi performance et consommation d\u2019\u00e9nergie. C\u00f4t\u00e9 efficacit\u00e9, elle b\u00e9n\u00e9ficie d\u2019une <b>classe \u00e9nerg\u00e9tique A<\/b>, garantissant une faible consommation et un usage responsable, compl\u00e9t\u00e9e par une <b>classe d\u2019efficacit\u00e9 lumineuse A<\/b> gr\u00e2ce \u00e0 son \u00e9clairage par <b>LED<\/b>, offrant une lumi\u00e8re claire et durable pendant la cuisson. Pour le confort et l\u2019entretien, cette hotte int\u00e8gre <b>deux filtres lavables<\/b>, compatibles lave-vaisselle, facilitant le nettoyage et prolongeant la dur\u00e9e de vie de l\u2019appareil, tout en assurant un fonctionnement optimal avec un minimum d\u2019effort. Son niveau sonore est r\u00e9duit, avec <b>41 dB en vitesse basse<\/b>, permettant une ventilation silencieuse qui ne perturbe pas l\u2019ambiance domestique. Cette combinaison de <b>mat\u00e9riaux robustes, haute performance, faible consommation et entretien facile<\/b> positionne la BOSCH DFS067A51 comme une option \u00e9quilibr\u00e9e et pratique pour ceux qui recherchent une hotte encastrable efficace et durable en cuisine.<\/p>\n<ul>\n<li>Largeur: 60 cm<\/li>\n<li>Type:\n<ul>\n<li>Int\u00e9grable<\/li>\n<li>Hotte standard<\/li>\n<li>Int\u00e9gr\u00e9<\/li>\n<\/ul>\n<\/li>\n<li>Couleur:\n<ul>\n<li>Gris<\/li>\n<li>Acier<\/li>\n<\/ul>\n<\/li>\n<li>Mati\u00e8re:\n<ul>\n<li>Acier inoxydable<\/li>\n<li>M\u00e9tal<\/li>\n<\/ul>\n<\/li>\n<li>Caract\u00e9ristiques: Lumi\u00e8re LED<\/li>\n<li>puissance: 140 W<\/li>\n<li>Filtres:\n<ul>\n<li>Convient aux lave-vaisselles<\/li>\n<li>2<\/li>\n<\/ul>\n<\/li>\n<li>Classification \u00e9nerg\u00e9tique:\n<ul>\n<li>A<\/li>\n<li>B<\/li>\n<\/ul>\n<\/li>\n<li>Produit \u00e0 brancher: Oui<\/li>\n<li>Type de prise: Prise EU<\/li>\n<li>Capacit\u00e9 d\u2019extraction:\n<ul>\n<li>730 m3\/h<\/li>\n<li>727 m3\/h<\/li>\n<\/ul>\n<\/li>\n<li>Bloc d\u2019Alimentation: r\u00e9seau \u00e9lectrique<\/li>\n<li>Filtre: Lavable<\/li>\n<li>Niveau sonore:\n<ul>\n<li>41 dB<\/li>\n<li>53 dB<\/li>\n<\/ul>\n<\/li>\n<li>Type de commande: Boutons<\/li>\n<li>Type d&#8217;ampoule: LED<\/li>\n<li>Technologie: LED<\/li>\n<li>Fr\u00e9quence: 50 &#8211; 60 Hz<\/li>\n<li>Longueur du c\u00e2ble: 1,75 m<\/li>\n<li>consommation d&#8217;\u00e9nergie: 38 kWh\/annum<\/li>\n<li>Tension: 220-240 V<\/li>\n<li>\u00c9cran integr\u00e9: Non<\/li>\n<li>Amp\u00e9rage: 10 A<\/li>\n<\/ul>","protected":false},"excerpt":{"rendered":"<p>Si vous pensez r\u00e9nover votre cuisine, achetez Hotte standard BOSCH DFS067A51 60 cm 730 m3\/h 140W A et d\u00b4autres produits BOSCH ! La BOSCH DFS067A51 est une hotte classique encastrable con\u00e7ue pour offrir une extraction puissante et efficace des fum\u00e9es dans les cuisines domestiques, alliant fonctionnalit\u00e9 et qualit\u00e9 dans un design compact de 60 cm [&hellip;]<\/p>\n","protected":false},"featured_media":58795,"comment_status":"open","ping_status":"closed","template":"","meta":[],"product_brand":[162],"product_cat":[60,61,62],"product_tag":[56],"class_list":{"0":"post-58798","1":"product","2":"type-product","3":"status-publish","4":"has-post-thumbnail","6":"product_brand-brandp_959","7":"product_cat-cuisine-gourmet","8":"product_cat-equipement-de-cuisine","9":"product_cat-hottes-de-cuisine","10":"product_tag-tag_930","12":"first","13":"instock","14":"taxable","15":"shipping-taxable","16":"purchasable","17":"product-type-simple"},"_links":{"self":[{"href":"https:\/\/bigbuy.tupique.com\/en\/wp-json\/wp\/v2\/product\/58798","targetHints":{"allow":["GET"]}}],"collection":[{"href":"https:\/\/bigbuy.tupique.com\/en\/wp-json\/wp\/v2\/product"}],"about":[{"href":"https:\/\/bigbuy.tupique.com\/en\/wp-json\/wp\/v2\/types\/product"}],"replies":[{"embeddable":true,"href":"https:\/\/bigbuy.tupique.com\/en\/wp-json\/wp\/v2\/comments?post=58798"}],"wp:featuredmedia":[{"embeddable":true,"href":"https:\/\/bigbuy.tupique.com\/en\/wp-json\/wp\/v2\/media\/58795"}],"wp:attachment":[{"href":"https:\/\/bigbuy.tupique.com\/en\/wp-json\/wp\/v2\/media?parent=58798"}],"wp:term":[{"taxonomy":"product_brand","embeddable":true,"href":"https:\/\/bigbuy.tupique.com\/en\/wp-json\/wp\/v2\/product_brand?post=58798"},{"taxonomy":"product_cat","embeddable":true,"href":"https:\/\/bigbuy.tupique.com\/en\/wp-json\/wp\/v2\/product_cat?post=58798"},{"taxonomy":"product_tag","embeddable":true,"href":"https:\/\/bigbuy.tupique.com\/en\/wp-json\/wp\/v2\/product_tag?post=58798"}],"curies":[{"name":"wp","href":"https:\/\/api.w.org\/{rel}","templated":true}]}}