{"id":58706,"date":"2026-04-01T14:14:20","date_gmt":"2026-04-01T13:14:20","guid":{"rendered":"https:\/\/bigbuy.tupique.com\/produto\/conventional-hood-mepamsa-luna-plus-90-90-cm-590-m%c2%b3-h-200w-a\/"},"modified":"2026-04-15T21:13:31","modified_gmt":"2026-04-15T20:13:31","slug":"conventional-hood-mepamsa-luna-plus-90-90-cm-590-m%c2%b3-h-200w-a","status":"publish","type":"product","link":"https:\/\/bigbuy.tupique.com\/en\/produto\/conventional-hood-mepamsa-luna-plus-90-90-cm-590-m%c2%b3-h-200w-a\/","title":{"rendered":"Hotte standard Mepamsa Luna Plus 90 90 cm 590 m\u00b3\/h 200W A"},"content":{"rendered":"<p>Si vous pensez r\u00e9nover votre cuisine, achetez <b>Hotte standard Mepamsa Luna Plus 90 90 cm 590 m\u00b3\/h 200W A<\/b> et d\u00b4autres <b>produits Mepamsa<\/b> !<\/p>\n<ul>\n<li>Type:\n<ul>\n<li>Paroi<\/li>\n<li>Hotte standard<\/li>\n<\/ul>\n<\/li>\n<li>Niveau sonore:\n<ul>\n<li>58-66 dB<\/li>\n<li>66 dB<\/li>\n<\/ul>\n<\/li>\n<li>Filtres: Aluminium<\/li>\n<li>Contr\u00f4le: Tactile<\/li>\n<li>Bloc d\u2019Alimentation: r\u00e9seau \u00e9lectrique<\/li>\n<li>Lumi\u00e8re: Oui<\/li>\n<li>Illumination: LED<\/li>\n<li>Classification \u00e9nerg\u00e9tique: A<\/li>\n<li>Dimensions approx.: 89,5 x 37,2 x 40-75 cm<\/li>\n<li>Produit \u00e0 brancher: Oui<\/li>\n<li>Type de prise: Prise EU<\/li>\n<li>puissance: 200 W<\/li>\n<li>Capacit\u00e9 d\u2019extraction: 590 m3\/h<\/li>\n<li>Pays \/ r\u00e9gion de fabrication: Espagne<\/li>\n<li>Couleur:\n<ul>\n<li>Blanc<\/li>\n<li>Noir<\/li>\n<\/ul>\n<\/li>\n<li>Mat\u00e9riel:\n<ul>\n<li>Bois<\/li>\n<li>Aluminium<\/li>\n<li>Plastique<\/li>\n<\/ul>\n<\/li>\n<li>Poids: 10 kg<\/li>\n<li>Technologie: LED<\/li>\n<li>Fr\u00e9quence: 50 Hz<\/li>\n<li>Caract\u00e9ristiques: Commande tactile<\/li>\n<li>Tension: 220-240 V<\/li>\n<li>Vitesse: 3 vitesses<\/li>\n<\/ul>","protected":false},"excerpt":{"rendered":"<p>Si vous pensez r\u00e9nover votre cuisine, achetez Hotte standard Mepamsa Luna Plus 90 90 cm 590 m\u00b3\/h 200W A et d\u00b4autres produits Mepamsa ! Type: Paroi Hotte standard Niveau sonore: 58-66 dB 66 dB Filtres: Aluminium Contr\u00f4le: Tactile Bloc d\u2019Alimentation: r\u00e9seau \u00e9lectrique Lumi\u00e8re: Oui Illumination: LED Classification \u00e9nerg\u00e9tique: A Dimensions approx.: 89,5 x 37,2 x [&hellip;]<\/p>\n","protected":false},"featured_media":58703,"comment_status":"open","ping_status":"closed","template":"","meta":[],"product_brand":[1540],"product_cat":[60,61,62],"product_tag":[56],"class_list":{"0":"post-58706","1":"product","2":"type-product","3":"status-publish","4":"has-post-thumbnail","6":"product_brand-brandp_1292","7":"product_cat-cuisine-gourmet","8":"product_cat-equipement-de-cuisine","9":"product_cat-hottes-de-cuisine","10":"product_tag-tag_930","12":"first","13":"instock","14":"taxable","15":"shipping-taxable","16":"purchasable","17":"product-type-variable"},"_links":{"self":[{"href":"https:\/\/bigbuy.tupique.com\/en\/wp-json\/wp\/v2\/product\/58706","targetHints":{"allow":["GET"]}}],"collection":[{"href":"https:\/\/bigbuy.tupique.com\/en\/wp-json\/wp\/v2\/product"}],"about":[{"href":"https:\/\/bigbuy.tupique.com\/en\/wp-json\/wp\/v2\/types\/product"}],"replies":[{"embeddable":true,"href":"https:\/\/bigbuy.tupique.com\/en\/wp-json\/wp\/v2\/comments?post=58706"}],"wp:featuredmedia":[{"embeddable":true,"href":"https:\/\/bigbuy.tupique.com\/en\/wp-json\/wp\/v2\/media\/58703"}],"wp:attachment":[{"href":"https:\/\/bigbuy.tupique.com\/en\/wp-json\/wp\/v2\/media?parent=58706"}],"wp:term":[{"taxonomy":"product_brand","embeddable":true,"href":"https:\/\/bigbuy.tupique.com\/en\/wp-json\/wp\/v2\/product_brand?post=58706"},{"taxonomy":"product_cat","embeddable":true,"href":"https:\/\/bigbuy.tupique.com\/en\/wp-json\/wp\/v2\/product_cat?post=58706"},{"taxonomy":"product_tag","embeddable":true,"href":"https:\/\/bigbuy.tupique.com\/en\/wp-json\/wp\/v2\/product_tag?post=58706"}],"curies":[{"name":"wp","href":"https:\/\/api.w.org\/{rel}","templated":true}]}}