{"id":58649,"date":"2026-04-01T14:04:09","date_gmt":"2026-04-01T13:04:09","guid":{"rendered":"https:\/\/bigbuy.tupique.com\/produto\/induction-hot-plate-bosch-puj631bb5e-60-cm-4600-w-592-cm\/"},"modified":"2026-04-15T00:12:24","modified_gmt":"2026-04-14T23:12:24","slug":"induction-hot-plate-bosch-puj631bb5e-60-cm-4600-w-592-cm","status":"publish","type":"product","link":"https:\/\/bigbuy.tupique.com\/en\/produto\/induction-hot-plate-bosch-puj631bb5e-60-cm-4600-w-592-cm\/","title":{"rendered":"Plaque \u00e0 Induction BOSCH PUJ631BB5E 60 cm 4600 W 59,2 cm"},"content":{"rendered":"<p>Si vous pensez r\u00e9nover votre cuisine, achetez <b>Plaque \u00e0 Induction BOSCH PUJ631BB5E 60 cm 4600 W 59,2 cm<\/b> et d\u00b4autres <b>produits BOSCH<\/b> !<\/p>\n<p>La <b>table de cuisson \u00e0 induction PUJ631BB5E<\/b> de <b>BOSCH<\/b> est un appareil con\u00e7u pour ceux qui recherchent efficacit\u00e9 et fonctionnalit\u00e9 en cuisine. Avec <b>trois zones de cuisson<\/b> et une <b>puissance maximale totale de 4600 W<\/b>, cette <b>table \u00e0 induction<\/b> offre un chauffage rapide et pr\u00e9cis, garantissant un contr\u00f4le optimal de la temp\u00e9rature pour cuisiner en toute s\u00e9curit\u00e9 et efficacit\u00e9. Elle mesure environ <b>60 cm de largeur<\/b>, id\u00e9ale pour s\u2019adapter aux espaces standards des cuisines modernes, et sa couleur <b>noire<\/b> apporte une finition \u00e9l\u00e9gante, facile \u00e0 assortir \u00e0 diff\u00e9rents styles d\u00e9coratifs. Son syst\u00e8me de commande tactile offre confort et rapidit\u00e9 dans la s\u00e9lection de <b>jusqu\u2019\u00e0 17 niveaux de puissance<\/b>, permettant d\u2019ajuster pr\u00e9cis\u00e9ment la chaleur selon le type de pr\u00e9paration. Elle inclut des fonctions suppl\u00e9mentaires comme le <b>minuteur<\/b>, qui permet de programmer des dur\u00e9es sp\u00e9cifiques pour chaque zone, et un <b>syst\u00e8me de verrouillage enfant<\/b> assurant la s\u00e9curit\u00e9 en \u00e9vitant toute manipulation accidentelle, ce qui en fait un choix adapt\u00e9 aux foyers avec enfants. La technologie d\u2019induction propre \u00e0 BOSCH garantit que la chaleur se g\u00e9n\u00e8re directement dans le r\u00e9cipient, ce qui se traduit par une meilleure efficacit\u00e9 \u00e9nerg\u00e9tique et une surface plus s\u00fbre et facile \u00e0 nettoyer. Cette table combine utilit\u00e9 et design dans un format compact, avec une interface intuitive facilitant son usage quotidien. En r\u00e9sum\u00e9, la <b>table \u00e0 induction BOSCH PUJ631BB5E<\/b> offre un \u00e9quilibre solide entre puissance, contr\u00f4le et s\u00e9curit\u00e9, se positionnant comme une alternative fiable pour ceux qui souhaitent une solution moderne et performante en cuisson par induction.<\/p>\n<ul>\n<li>Couleur: Noir<\/li>\n<li>Largeur:\n<ul>\n<li>60 cm<\/li>\n<li>59,2 cm<\/li>\n<\/ul>\n<\/li>\n<li>Caract\u00e9ristiques:\n<ul>\n<li>Verrouillage pour enfants<\/li>\n<li>\u00c9cran integr\u00e9<\/li>\n<li>Commande tactile<\/li>\n<\/ul>\n<\/li>\n<li>Zones de cuisson: 3<\/li>\n<li>Niveaux de puissance: 17<\/li>\n<li>Type:\n<ul>\n<li>Plaque \u00e0 Induction<\/li>\n<li>Int\u00e9gr\u00e9<\/li>\n<\/ul>\n<\/li>\n<li>Type d&#8217;installation: Int\u00e9grable<\/li>\n<li>Bloc d\u2019Alimentation:\n<ul>\n<li>C\u00e2ble \u00e9lectrique<\/li>\n<li>\u00c9lectrique<\/li>\n<\/ul>\n<\/li>\n<li>Dimensions approx.: 59 x 52 x 5 cm<\/li>\n<li>puissance: 4600 W<\/li>\n<li>Mat\u00e9riel: Vitroc\u00e9ramique<\/li>\n<li>Tension: 220-240 V<\/li>\n<li>Produit \u00e0 brancher: Oui<\/li>\n<li>Type de prise: Prise EU<\/li>\n<li>Fonctions: Minuterie<\/li>\n<li>Langue: Fran\u00e7ais<\/li>\n<li>Forme: Rond<\/li>\n<li>Type de commande: Tactile<\/li>\n<li>Design: Sans cadre<\/li>\n<\/ul>","protected":false},"excerpt":{"rendered":"<p>Si vous pensez r\u00e9nover votre cuisine, achetez Plaque \u00e0 Induction BOSCH PUJ631BB5E 60 cm 4600 W 59,2 cm et d\u00b4autres produits BOSCH ! La table de cuisson \u00e0 induction PUJ631BB5E de BOSCH est un appareil con\u00e7u pour ceux qui recherchent efficacit\u00e9 et fonctionnalit\u00e9 en cuisine. Avec trois zones de cuisson et une puissance maximale totale [&hellip;]<\/p>\n","protected":false},"featured_media":58648,"comment_status":"open","ping_status":"closed","template":"","meta":[],"product_brand":[162],"product_cat":[60,77,78],"product_tag":[55,56],"class_list":{"0":"post-58649","1":"product","2":"type-product","3":"status-publish","4":"has-post-thumbnail","6":"product_brand-brandp_959","7":"product_cat-cuisine-gourmet","8":"product_cat-petit-electromenager","9":"product_cat-plaques-de-cuisson","10":"product_tag-tag_926","11":"product_tag-tag_930","13":"first","14":"instock","15":"taxable","16":"shipping-taxable","17":"purchasable","18":"product-type-simple"},"_links":{"self":[{"href":"https:\/\/bigbuy.tupique.com\/en\/wp-json\/wp\/v2\/product\/58649","targetHints":{"allow":["GET"]}}],"collection":[{"href":"https:\/\/bigbuy.tupique.com\/en\/wp-json\/wp\/v2\/product"}],"about":[{"href":"https:\/\/bigbuy.tupique.com\/en\/wp-json\/wp\/v2\/types\/product"}],"replies":[{"embeddable":true,"href":"https:\/\/bigbuy.tupique.com\/en\/wp-json\/wp\/v2\/comments?post=58649"}],"wp:featuredmedia":[{"embeddable":true,"href":"https:\/\/bigbuy.tupique.com\/en\/wp-json\/wp\/v2\/media\/58648"}],"wp:attachment":[{"href":"https:\/\/bigbuy.tupique.com\/en\/wp-json\/wp\/v2\/media?parent=58649"}],"wp:term":[{"taxonomy":"product_brand","embeddable":true,"href":"https:\/\/bigbuy.tupique.com\/en\/wp-json\/wp\/v2\/product_brand?post=58649"},{"taxonomy":"product_cat","embeddable":true,"href":"https:\/\/bigbuy.tupique.com\/en\/wp-json\/wp\/v2\/product_cat?post=58649"},{"taxonomy":"product_tag","embeddable":true,"href":"https:\/\/bigbuy.tupique.com\/en\/wp-json\/wp\/v2\/product_tag?post=58649"}],"curies":[{"name":"wp","href":"https:\/\/api.w.org\/{rel}","templated":true}]}}