{"id":58435,"date":"2026-04-01T13:31:41","date_gmt":"2026-04-01T12:31:41","guid":{"rendered":"https:\/\/bigbuy.tupique.com\/produto\/food-processor-hkoenig\/"},"modified":"2026-04-16T18:35:52","modified_gmt":"2026-04-16T17:35:52","slug":"food-processor-hkoenig","status":"publish","type":"product","link":"https:\/\/bigbuy.tupique.com\/en\/produto\/food-processor-hkoenig\/","title":{"rendered":"Robot culinaire Hkoenig"},"content":{"rendered":"<p>Si vous \u00eates \u00e0 la recherche de nouvelles tendances sur le march\u00e9, nous vous pr\u00e9sentons <b>Robot culinaire Hkoenig<\/b> !<\/p>\n<ul>\n<li>Produit \u00e0 brancher: Oui<\/li>\n<\/ul>","protected":false},"excerpt":{"rendered":"<p><span class=\"unit-info\">55.3980 &euro; \/ 1 l<\/span><\/p>","protected":false},"featured_media":58431,"comment_status":"open","ping_status":"closed","template":"","meta":[],"product_brand":[288],"product_cat":[60,77,724],"product_tag":[55,59,56],"class_list":{"0":"post-58435","1":"product","2":"type-product","3":"status-publish","4":"has-post-thumbnail","6":"product_brand-brandp_5611","7":"product_cat-cuisine-gourmet","8":"product_cat-petit-electromenager","9":"product_cat-robots-de-cuisine","10":"product_tag-tag_926","11":"product_tag-tag_1304","12":"product_tag-tag_930","14":"first","15":"instock","16":"taxable","17":"shipping-taxable","18":"purchasable","19":"product-type-simple"},"_links":{"self":[{"href":"https:\/\/bigbuy.tupique.com\/en\/wp-json\/wp\/v2\/product\/58435","targetHints":{"allow":["GET"]}}],"collection":[{"href":"https:\/\/bigbuy.tupique.com\/en\/wp-json\/wp\/v2\/product"}],"about":[{"href":"https:\/\/bigbuy.tupique.com\/en\/wp-json\/wp\/v2\/types\/product"}],"replies":[{"embeddable":true,"href":"https:\/\/bigbuy.tupique.com\/en\/wp-json\/wp\/v2\/comments?post=58435"}],"wp:featuredmedia":[{"embeddable":true,"href":"https:\/\/bigbuy.tupique.com\/en\/wp-json\/wp\/v2\/media\/58431"}],"wp:attachment":[{"href":"https:\/\/bigbuy.tupique.com\/en\/wp-json\/wp\/v2\/media?parent=58435"}],"wp:term":[{"taxonomy":"product_brand","embeddable":true,"href":"https:\/\/bigbuy.tupique.com\/en\/wp-json\/wp\/v2\/product_brand?post=58435"},{"taxonomy":"product_cat","embeddable":true,"href":"https:\/\/bigbuy.tupique.com\/en\/wp-json\/wp\/v2\/product_cat?post=58435"},{"taxonomy":"product_tag","embeddable":true,"href":"https:\/\/bigbuy.tupique.com\/en\/wp-json\/wp\/v2\/product_tag?post=58435"}],"curies":[{"name":"wp","href":"https:\/\/api.w.org\/{rel}","templated":true}]}}