{"id":58231,"date":"2026-04-01T12:53:47","date_gmt":"2026-04-01T11:53:47","guid":{"rendered":"https:\/\/bigbuy.tupique.com\/produto\/router-sonicwall-03-ssc-2996-rj45-2-rj45-x-8\/"},"modified":"2026-04-15T04:07:58","modified_gmt":"2026-04-15T03:07:58","slug":"router-sonicwall-03-ssc-2996-rj45-2-rj45-x-8","status":"publish","type":"product","link":"https:\/\/bigbuy.tupique.com\/en\/produto\/router-sonicwall-03-ssc-2996-rj45-2-rj45-x-8\/","title":{"rendered":"Router SonicWall 03-SSC-2996 RJ45 2 rj45 x 8"},"content":{"rendered":"<p>Si vous \u00eates passionn\u00e9 d&#8217;<b>informatique et d&#8217;\u00e9lectronique<\/b>, si vous \u00eates \u00e0 la pointe de la technologie et qu&#8217;aucun d\u00e9tail ne vous \u00e9chappe, achetez <b>Router SonicWall 03-SSC-2996 RJ45 2 rj45 x 8<\/b> au meilleur prix.<\/p>\n<p>Le <b>routeur SonicWall TZ270<\/b> est un appareil con\u00e7u pour les environnements professionnels n\u00e9cessitant haute performance et s\u00e9curit\u00e9 avanc\u00e9e du r\u00e9seau. Ce <b>routeur de bureau<\/b> combine des technologies <b>filaire et sans fil<\/b>, offrant polyvalence et adaptabilit\u00e9 selon les besoins de l\u2019utilisateur. Sa connectivit\u00e9 via <b>8 ports RJ45<\/b> et un d\u00e9bit de <b>1 Gbit\/s<\/b> assure un acc\u00e8s rapide et stable pour plusieurs appareils, tandis que les <b>2 ports suppl\u00e9mentaires<\/b> facilitent la gestion et la connexion aux consoles. Avec un d\u00e9bit de pare-feu jusqu\u2019\u00e0 <b>2 Gbit\/s<\/b> et une capacit\u00e9 VPN de <b>0,75 Gbit\/s<\/b>, cet \u00e9quipement garantit une s\u00e9curit\u00e9 robuste et une gestion efficace du trafic chiffr\u00e9, id\u00e9al pour prot\u00e9ger les r\u00e9seaux d\u2019entreprise contre les menaces externes. De plus, son syst\u00e8me de protection contre les intrusions (IPS\/IDS) supporte jusqu\u2019\u00e0 <b>1000 Mbit\/s<\/b>, renfor\u00e7ant la d\u00e9tection et la pr\u00e9vention en temps r\u00e9el des attaques. Il prend en charge des protocoles courants tels que <b>TCP\/IP, UDP, ICMP, HTTP, HTTPS, IPSec, ISAKMP\/IKE, SNMP, DHCP, PPPoE, L2TP, PPTP et RADIUS<\/b>, garantissant une large compatibilit\u00e9 avec les infrastructures et services r\u00e9seau actuels. Son design compact de <b>35 mm de hauteur<\/b> et son format bureau facilitent son int\u00e9gration dans tout espace de travail sans compromettre ses performances. La dissipation thermique est optimale, avec 57,42 BTU\/h, am\u00e9liorant sa durabilit\u00e9 et sa stabilit\u00e9 en environnements exigeants. L\u2019acc\u00e8s administratif et la configuration sont simplifi\u00e9s via le <b>port console RJ-45<\/b>. En r\u00e9sum\u00e9, le SonicWall TZ270 offre une solution \u00e9quilibr\u00e9e combinant <b>haute capacit\u00e9 de traitement, s\u00e9curit\u00e9 avanc\u00e9e et connectivit\u00e9 fiable<\/b>, se positionnant comme un choix solide pour les entreprises souhaitant prot\u00e9ger et optimiser leurs r\u00e9seaux.<\/p>\n<ul>\n<li>Type:\n<ul>\n<li>Router<\/li>\n<li>Bureau<\/li>\n<li>Sans fil<\/li>\n<li>Avec fil<\/li>\n<\/ul>\n<\/li>\n<li>Produit \u00e0 brancher: Oui<\/li>\n<li>Type de prise: Prise EU<\/li>\n<li>Bloc d\u2019Alimentation: r\u00e9seau \u00e9lectrique<\/li>\n<li>Connexions:\n<ul>\n<li>RJ45<\/li>\n<li>2<\/li>\n<li>rj45 x 8<\/li>\n<\/ul>\n<\/li>\n<li>Profondeur: 135 mm<\/li>\n<li>Fr\u00e9quence: 50-60 Hz<\/li>\n<\/ul>","protected":false},"excerpt":{"rendered":"<p>Si vous \u00eates passionn\u00e9 d&#8217;informatique et d&#8217;\u00e9lectronique, si vous \u00eates \u00e0 la pointe de la technologie et qu&#8217;aucun d\u00e9tail ne vous \u00e9chappe, achetez Router SonicWall 03-SSC-2996 RJ45 2 rj45 x 8 au meilleur prix. Le routeur SonicWall TZ270 est un appareil con\u00e7u pour les environnements professionnels n\u00e9cessitant haute performance et s\u00e9curit\u00e9 avanc\u00e9e du r\u00e9seau. Ce [&hellip;]<\/p>\n","protected":false},"featured_media":58230,"comment_status":"open","ping_status":"closed","template":"","meta":[],"product_brand":[658],"product_cat":[65,584,612],"product_tag":[106],"class_list":{"0":"post-58231","1":"product","2":"type-product","3":"status-publish","4":"has-post-thumbnail","6":"product_brand-brandp_4781","7":"product_cat-informatique-electronique","8":"product_cat-informatique-reseaux-et-composants","9":"product_cat-routeurs-et-modems","10":"product_tag-tag_1295","12":"first","13":"instock","14":"taxable","15":"shipping-taxable","16":"purchasable","17":"product-type-simple"},"_links":{"self":[{"href":"https:\/\/bigbuy.tupique.com\/en\/wp-json\/wp\/v2\/product\/58231","targetHints":{"allow":["GET"]}}],"collection":[{"href":"https:\/\/bigbuy.tupique.com\/en\/wp-json\/wp\/v2\/product"}],"about":[{"href":"https:\/\/bigbuy.tupique.com\/en\/wp-json\/wp\/v2\/types\/product"}],"replies":[{"embeddable":true,"href":"https:\/\/bigbuy.tupique.com\/en\/wp-json\/wp\/v2\/comments?post=58231"}],"wp:featuredmedia":[{"embeddable":true,"href":"https:\/\/bigbuy.tupique.com\/en\/wp-json\/wp\/v2\/media\/58230"}],"wp:attachment":[{"href":"https:\/\/bigbuy.tupique.com\/en\/wp-json\/wp\/v2\/media?parent=58231"}],"wp:term":[{"taxonomy":"product_brand","embeddable":true,"href":"https:\/\/bigbuy.tupique.com\/en\/wp-json\/wp\/v2\/product_brand?post=58231"},{"taxonomy":"product_cat","embeddable":true,"href":"https:\/\/bigbuy.tupique.com\/en\/wp-json\/wp\/v2\/product_cat?post=58231"},{"taxonomy":"product_tag","embeddable":true,"href":"https:\/\/bigbuy.tupique.com\/en\/wp-json\/wp\/v2\/product_tag?post=58231"}],"curies":[{"name":"wp","href":"https:\/\/api.w.org\/{rel}","templated":true}]}}