{"id":57965,"date":"2026-04-01T10:59:53","date_gmt":"2026-04-01T09:59:53","guid":{"rendered":"https:\/\/bigbuy.tupique.com\/produto\/router-d-link-g530-ax3000-white-ethernet-lan-wi-fi\/"},"modified":"2026-05-11T20:00:15","modified_gmt":"2026-05-11T18:00:15","slug":"router-d-link-g530-ax3000-white-ethernet-lan-wi-fi","status":"publish","type":"product","link":"https:\/\/bigbuy.tupique.com\/en\/produto\/router-d-link-g530-ax3000-white-ethernet-lan-wi-fi\/","title":{"rendered":"Router D-Link G530 AX3000 Blanc Ethernet LAN Wi-Fi"},"content":{"rendered":"<p>Si vous \u00eates passionn\u00e9 d&#8217;<b>informatique et d&#8217;\u00e9lectronique<\/b>, si vous \u00eates \u00e0 la pointe de la technologie et qu&#8217;aucun d\u00e9tail ne vous \u00e9chappe, achetez <b>Router D-Link G530 AX3000 Blanc Ethernet LAN Wi-Fi<\/b> au meilleur prix.<\/p>\n<p>Le <b>routeur<\/b> <b>D-Link G530 5G<\/b> est un appareil con\u00e7u pour offrir une connectivit\u00e9 avanc\u00e9e et une haute vitesse de transmission, id\u00e9al pour les utilisateurs n\u00e9cessitant une connexion fiable et rapide en Wi-Fi comme en filaire. Ce dispositif utilise les technologies les plus r\u00e9centes, incluant le <b>Wi-Fi 6 (IEEE 802.11ax)<\/b> compatible avec les versions ant\u00e9rieures (ac\/n\/g\/b\/a), offrant une exp\u00e9rience sans fil efficace et \u00e0 faible latence sur les bandes <b>2,4 GHz et 5 GHz<\/b> avec des d\u00e9bits maximums allant jusqu\u2019\u00e0 <b>2402 Mbps en 5 GHz<\/b> et <b>574 Mbps en 2,4 GHz<\/b>. Il int\u00e8gre \u00e9galement un puissant modem supportant les r\u00e9seaux <b>5G NR en mode Standalone (SA) et Non-Standalone (NSA)<\/b>, garantissant des t\u00e9l\u00e9chargements jusqu\u2019\u00e0 <b>3,4 Gbps<\/b> et des uploads atteignant <b>900 Mbps<\/b>. Il est aussi compatible avec les technologies <b>LTE haut d\u00e9bit<\/b> pour assurer une connexion mobile stable et rapide. Il dispose d\u2019un ensemble complet de ports, dont un <b>port WAN et un port LAN Gigabit Ethernet<\/b>, permettant une connexion filaire jusqu\u2019\u00e0 <b>1 Gbps<\/b>. Son design comprend <b>2 antennes internes pour 2,4 GHz, 2 pour 5 GHz et 4 antennes internes LTE\/5G NR<\/b>, assurant une r\u00e9ception et \u00e9mission optimales du signal. Il est \u00e9quip\u00e9 de boutons physiques pour <b>WPS, reset et mise sous tension<\/b>, ainsi que d\u2019un emplacement pratique pour carte SIM facilitant la connexion mobile 5G sans p\u00e9riph\u00e9riques externes. Sa s\u00e9curit\u00e9 est robuste, int\u00e9grant les protocoles <b>WPA-PSK, WPA2-PSK et WPA3-PSK<\/b>, un pare-feu avec inspection de paquets (SPI), protection anti-spoofing, filtrage IP\/MAC et configuration DMZ, garantissant une protection avanc\u00e9e contre les acc\u00e8s non autoris\u00e9s et attaques r\u00e9seau. Pour la gestion, D-Link propose l\u2019application <b>Falcon compatible iOS et Android<\/b> ainsi qu\u2019une interface web intuitive permettant de configurer et surveiller facilement le routeur. Il fonctionne avec un adaptateur <b>12V \/ 2,5A<\/b>, est fabriqu\u00e9 en <b>blanc<\/b> et pr\u00e9sente des dimensions compactes de <b>137 x 146 x 205 mm<\/b> pour un poids de <b>623 grammes<\/b>, facilitant son installation dans divers espaces. Le D-Link G530 5G est certifi\u00e9 par des normes internationales et op\u00e9rateurs majeurs tels que FCC, PTCRB, AT&amp;T, Verizon et IC, assurant compatibilit\u00e9 et conformit\u00e9. En r\u00e9sum\u00e9, ce routeur offre une solution compl\u00e8te pour des connexions fixes et mobiles \u00e0 haute vitesse, destin\u00e9e aux foyers et bureaux exigeant performance et connectivit\u00e9 5G avanc\u00e9e.<\/p>\n<ul>\n<li>Type: Router<\/li>\n<li>Produit \u00e0 brancher: Oui<\/li>\n<li>Type de prise: Prise EU<\/li>\n<li>Bloc d\u2019Alimentation:\n<ul>\n<li>r\u00e9seau \u00e9lectrique<\/li>\n<li>DC<\/li>\n<li>CC<\/li>\n<\/ul>\n<\/li>\n<li>Couleur: Blanc<\/li>\n<li>Connexions:\n<ul>\n<li>Ethernet LAN<\/li>\n<li>RJ45<\/li>\n<\/ul>\n<\/li>\n<li>Connectivit\u00e9:\n<ul>\n<li>Wi-Fi<\/li>\n<li>Ethernet LAN<\/li>\n<\/ul>\n<\/li>\n<li>Profondeur: 146 mm<\/li>\n<li>Tension de sortie: 12 V<\/li>\n<li>Caract\u00e9ristiques:\n<ul>\n<li>Interrupteur marche\/arr\u00eat<\/li>\n<li>Plug and play<\/li>\n<li>Bouton de r\u00e9initialisation<\/li>\n<\/ul>\n<\/li>\n<li>Tension: 12 V<\/li>\n<li>Interface: Gigabit Ethernet<\/li>\n<li>Compatible: Android, iOS<\/li>\n<li>Bande: 2,4 GHz &#8211; 5 GHz<\/li>\n<li>vitesse: 10\/100\/1000 Mbps<\/li>\n<li>Non Inclus: Adaptateur AC<\/li>\n<li>Connexion USB: Non<\/li>\n<li>Plage d&#8217;humidit\u00e9 de travail: 10 % &#8211; 90 %<\/li>\n<li>Inclut: Manuel de l&#8217;utilisateur<\/li>\n<\/ul>","protected":false},"excerpt":{"rendered":"<p>Si vous \u00eates passionn\u00e9 d&#8217;informatique et d&#8217;\u00e9lectronique, si vous \u00eates \u00e0 la pointe de la technologie et qu&#8217;aucun d\u00e9tail ne vous \u00e9chappe, achetez Router D-Link G530 AX3000 Blanc Ethernet LAN Wi-Fi au meilleur prix. Le routeur D-Link G530 5G est un appareil con\u00e7u pour offrir une connectivit\u00e9 avanc\u00e9e et une haute vitesse de transmission, id\u00e9al [&hellip;]<\/p>\n","protected":false},"featured_media":57963,"comment_status":"open","ping_status":"closed","template":"","meta":[],"product_brand":[640],"product_cat":[65,584,612],"product_tag":[106],"class_list":{"0":"post-57965","1":"product","2":"type-product","3":"status-publish","4":"has-post-thumbnail","6":"product_brand-brandp_543","7":"product_cat-informatique-electronique","8":"product_cat-informatique-reseaux-et-composants","9":"product_cat-routeurs-et-modems","10":"product_tag-tag_1295","12":"first","13":"instock","14":"taxable","15":"shipping-taxable","16":"purchasable","17":"product-type-simple"},"_links":{"self":[{"href":"https:\/\/bigbuy.tupique.com\/en\/wp-json\/wp\/v2\/product\/57965","targetHints":{"allow":["GET"]}}],"collection":[{"href":"https:\/\/bigbuy.tupique.com\/en\/wp-json\/wp\/v2\/product"}],"about":[{"href":"https:\/\/bigbuy.tupique.com\/en\/wp-json\/wp\/v2\/types\/product"}],"replies":[{"embeddable":true,"href":"https:\/\/bigbuy.tupique.com\/en\/wp-json\/wp\/v2\/comments?post=57965"}],"wp:featuredmedia":[{"embeddable":true,"href":"https:\/\/bigbuy.tupique.com\/en\/wp-json\/wp\/v2\/media\/57963"}],"wp:attachment":[{"href":"https:\/\/bigbuy.tupique.com\/en\/wp-json\/wp\/v2\/media?parent=57965"}],"wp:term":[{"taxonomy":"product_brand","embeddable":true,"href":"https:\/\/bigbuy.tupique.com\/en\/wp-json\/wp\/v2\/product_brand?post=57965"},{"taxonomy":"product_cat","embeddable":true,"href":"https:\/\/bigbuy.tupique.com\/en\/wp-json\/wp\/v2\/product_cat?post=57965"},{"taxonomy":"product_tag","embeddable":true,"href":"https:\/\/bigbuy.tupique.com\/en\/wp-json\/wp\/v2\/product_tag?post=57965"}],"curies":[{"name":"wp","href":"https:\/\/api.w.org\/{rel}","templated":true}]}}