{"id":57885,"date":"2026-04-01T10:53:51","date_gmt":"2026-04-01T09:53:51","guid":{"rendered":"https:\/\/bigbuy.tupique.com\/produto\/cabinet-switch-d-link-dxs-1210-10ts-e-8-x-rj45-2-x-sfp\/"},"modified":"2026-04-15T02:56:40","modified_gmt":"2026-04-15T01:56:40","slug":"cabinet-switch-d-link-dxs-1210-10ts-e-8-x-rj45-2-x-sfp","status":"publish","type":"product","link":"https:\/\/bigbuy.tupique.com\/en\/produto\/cabinet-switch-d-link-dxs-1210-10ts-e-8-x-rj45-2-x-sfp\/","title":{"rendered":"Commutateur R\u00e9seau Armoire D-Link DXS-1210-10TS\/E 8 x RJ45 2 x SFP"},"content":{"rendered":"<p>Si vous \u00eates passionn\u00e9 d&#8217;<b>informatique et d&#8217;\u00e9lectronique<\/b>, si vous \u00eates \u00e0 la pointe de la technologie et qu&#8217;aucun d\u00e9tail ne vous \u00e9chappe, achetez <b>Commutateur R\u00e9seau Armoire D-Link DXS-1210-10TS\/E 8 x RJ45 2 x SFP<\/b> au meilleur prix.<\/p>\n<p>Le <b>D-Link DXS-1210-10TS\/E<\/b> est un <b>switch d\u2019armoire<\/b> g\u00e9r\u00e9 haute performance con\u00e7u pour des environnements professionnels n\u00e9cessitant une infrastructure r\u00e9seau robuste et efficace. Ce mod\u00e8le offre une combinaison avanc\u00e9e de connectivit\u00e9 et de capacit\u00e9 gr\u00e2ce \u00e0 ses <b>8 ports RJ-45 Ethernet 10G (100\/1000\/10000 Mbps)<\/b>, id\u00e9aux pour transmettre de gros volumes de donn\u00e9es avec faible latence et haute stabilit\u00e9. Avec prise en charge des couches de commutation <b>L2\/L3<\/b>, il permet une gestion avanc\u00e9e du trafic r\u00e9seau et une segmentation via des protocoles standards tels que <b>IEEE 802.1D, 802.1p, 802.1Q, 802.1s, 802.1w, 802.1x<\/b>, garantissant compatibilit\u00e9 avec VLAN, QoS, agr\u00e9gation de liens et s\u00e9curit\u00e9 au niveau entreprise. Sa capacit\u00e9 de commutation de <b>200 Gbit\/s<\/b> et sa table MAC pouvant contenir jusqu\u2019\u00e0 <b>16 000 entr\u00e9es<\/b> assurent des performances solides et efficaces dans des environnements \u00e0 forte demande de bande passante. De plus, il est con\u00e7u pour un montage simple en rack au format <b>1U<\/b>, parfait pour les centres de donn\u00e9es ou les installations \u00e0 espace limit\u00e9, offrant une solution compacte avec des dimensions de <b>44 x 21 x 4,4 cm<\/b> et un poids de <b>3,1 kg<\/b>. Son design noir et argent\u00e9, ainsi que ses caract\u00e9ristiques multi-supports, lui conf\u00e8rent une flexibilit\u00e9 d\u2019adaptation \u00e0 diff\u00e9rentes configurations physiques et esth\u00e9tiques. En r\u00e9sum\u00e9, le DXS-1210-10TS\/E est une option technique avanc\u00e9e pour les entreprises et op\u00e9rateurs recherchant un switch g\u00e9r\u00e9 fiable, polyvalent et capable de supporter des infrastructures r\u00e9seau modernes et exigeantes.<\/p>\n<ul>\n<li>Dimensions approx.: 44 x 21 x 4,4 cm<\/li>\n<li>Produit \u00e0 brancher: Oui<\/li>\n<li>Poids approx.: 3,1 Kg<\/li>\n<li>Type de prise: Prise EU<\/li>\n<li>Couleur:\n<ul>\n<li>Noir<\/li>\n<li>Argent\u00e9<\/li>\n<\/ul>\n<\/li>\n<li>Bloc d\u2019Alimentation: r\u00e9seau \u00e9lectrique<\/li>\n<li>Connexions:\n<ul>\n<li>RJ45<\/li>\n<li>rj45 x 8<\/li>\n<\/ul>\n<\/li>\n<li>Facteur de forme: 1U<\/li>\n<li>Support: Multisupport<\/li>\n<li>N\u00b0 de rainures: 2<\/li>\n<li>Ecran: 6,5&#8243;<\/li>\n<li>Fr\u00e9quence: 50 &#8211; 60 Hz<\/li>\n<li>Caract\u00e9ristiques: T\u00e9moin de fonctionnement LED<\/li>\n<li>Tension: 100 &#8211; 240 V<\/li>\n<li>Largeur: 44 cm<\/li>\n<li>Temp\u00e9rature approximative: -40\u00ba \/ 70\u00ba<\/li>\n<li>S\u00e9curit\u00e9: IGMP<\/li>\n<li>Long: 21 cm<\/li>\n<\/ul>","protected":false},"excerpt":{"rendered":"<p>Si vous \u00eates passionn\u00e9 d&#8217;informatique et d&#8217;\u00e9lectronique, si vous \u00eates \u00e0 la pointe de la technologie et qu&#8217;aucun d\u00e9tail ne vous \u00e9chappe, achetez Commutateur R\u00e9seau Armoire D-Link DXS-1210-10TS\/E 8 x RJ45 2 x SFP au meilleur prix. Le D-Link DXS-1210-10TS\/E est un switch d\u2019armoire g\u00e9r\u00e9 haute performance con\u00e7u pour des environnements professionnels n\u00e9cessitant une infrastructure [&hellip;]<\/p>\n","protected":false},"featured_media":57882,"comment_status":"open","ping_status":"closed","template":"","meta":[],"product_brand":[640],"product_cat":[65,584,585],"product_tag":[210],"class_list":{"0":"post-57885","1":"product","2":"type-product","3":"status-publish","4":"has-post-thumbnail","6":"product_brand-brandp_543","7":"product_cat-informatique-electronique","8":"product_cat-informatique-reseaux-et-composants","9":"product_cat-switch","10":"product_tag-tag_25","12":"first","13":"instock","14":"taxable","15":"shipping-taxable","16":"purchasable","17":"product-type-simple"},"_links":{"self":[{"href":"https:\/\/bigbuy.tupique.com\/en\/wp-json\/wp\/v2\/product\/57885","targetHints":{"allow":["GET"]}}],"collection":[{"href":"https:\/\/bigbuy.tupique.com\/en\/wp-json\/wp\/v2\/product"}],"about":[{"href":"https:\/\/bigbuy.tupique.com\/en\/wp-json\/wp\/v2\/types\/product"}],"replies":[{"embeddable":true,"href":"https:\/\/bigbuy.tupique.com\/en\/wp-json\/wp\/v2\/comments?post=57885"}],"wp:featuredmedia":[{"embeddable":true,"href":"https:\/\/bigbuy.tupique.com\/en\/wp-json\/wp\/v2\/media\/57882"}],"wp:attachment":[{"href":"https:\/\/bigbuy.tupique.com\/en\/wp-json\/wp\/v2\/media?parent=57885"}],"wp:term":[{"taxonomy":"product_brand","embeddable":true,"href":"https:\/\/bigbuy.tupique.com\/en\/wp-json\/wp\/v2\/product_brand?post=57885"},{"taxonomy":"product_cat","embeddable":true,"href":"https:\/\/bigbuy.tupique.com\/en\/wp-json\/wp\/v2\/product_cat?post=57885"},{"taxonomy":"product_tag","embeddable":true,"href":"https:\/\/bigbuy.tupique.com\/en\/wp-json\/wp\/v2\/product_tag?post=57885"}],"curies":[{"name":"wp","href":"https:\/\/api.w.org\/{rel}","templated":true}]}}