{"id":57825,"date":"2026-04-01T10:18:26","date_gmt":"2026-04-01T09:18:26","guid":{"rendered":"https:\/\/bigbuy.tupique.com\/produto\/smartphone-oneplus-13r-678-octa-core-12-gb-ram-256-gb-silver\/"},"modified":"2026-04-16T23:30:41","modified_gmt":"2026-04-16T22:30:41","slug":"smartphone-oneplus-13r-678-octa-core-12-gb-ram-256-gb-silver","status":"publish","type":"product","link":"https:\/\/bigbuy.tupique.com\/en\/produto\/smartphone-oneplus-13r-678-octa-core-12-gb-ram-256-gb-silver\/","title":{"rendered":"Smartphone OnePlus 13R 6,78&#8243; Octa Core 12 GB RAM 256 GB Argent\u00e9"},"content":{"rendered":"<p>Si vous \u00eates passionn\u00e9 d&#8217;<b>informatique et d&#8217;\u00e9lectronique<\/b>, si vous \u00eates \u00e0 la pointe de la technologie et qu&#8217;aucun d\u00e9tail ne vous \u00e9chappe, achetez <b>Smartphone OnePlus 13R 6,78&#8243; Octa Core 12 GB RAM 256 GB Argent\u00e9<\/b> au meilleur prix.<\/p>\n<p>Le <b>smartphone OnePlus<\/b> en blanc se distingue par sa grande capacit\u00e9 de m\u00e9moire et son \u00e9cran immersif qui am\u00e9liorent l\u2019exp\u00e9rience utilisateur. Il dispose d\u2019une <b>m\u00e9moire RAM de 12 Go<\/b>, adapt\u00e9e pour g\u00e9rer plusieurs applications simultan\u00e9ment et offrir des performances fluides lors de t\u00e2ches exigeantes. Son <b>\u00e9cran de 6,78 pouces<\/b> offre un large espace visuel net, id\u00e9al pour consommer des contenus multim\u00e9dias, naviguer sur Internet ou jouer avec un grand niveau de d\u00e9tail et de d\u00e9finition. L\u2019appareil int\u00e8gre une <b>capacit\u00e9 de stockage interne de 256 Go<\/b>, permettant de sauvegarder de nombreux fichiers, photos, vid\u00e9os et applications sans souci d\u2019espace disponible. Parmi ses caract\u00e9ristiques techniques, il comprend un <b>syst\u00e8me de positionnement GPS<\/b> facilitant une navigation pr\u00e9cise et fiable, ainsi qu\u2019un <b>capteur de lumi\u00e8re ambiante<\/b> qui ajuste automatiquement la luminosit\u00e9 de l\u2019\u00e9cran pour optimiser la visibilit\u00e9 et r\u00e9duire la fatigue visuelle selon les conditions d\u2019\u00e9clairage. Cet ensemble de sp\u00e9cifications vise un smartphone \u00e9quilibr\u00e9, con\u00e7u pour les utilisateurs recherchant \u00e0 la fois puissance et fonctionnalit\u00e9s avanc\u00e9es dans un design soign\u00e9. En r\u00e9sum\u00e9, le OnePlus blanc est une option solide pour ceux qui souhaitent des performances avanc\u00e9es, une grande capacit\u00e9 m\u00e9moire et une exp\u00e9rience visuelle remarquable.<\/p>\n<ul>\n<li>Type de prise: Prise EU<\/li>\n<li>Type: Smartphone<\/li>\n<li>Produit \u00e0 brancher: Oui<\/li>\n<li>Diagonale de l&#8217;\u00e9cran (cm): 17,2 cm<\/li>\n<li>SIM: nano SIM<\/li>\n<li>R\u00e9solution (px): 2780 x 1264<\/li>\n<li>Bloc d\u2019Alimentation: r\u00e9seau \u00e9lectrique<\/li>\n<li>Indice de r\u00e9parabilit\u00e9: 7.2<\/li>\n<li>Capacit\u00e9 de la batterie: 6000 mAh<\/li>\n<li>Ecran: 6,78&#8243;<\/li>\n<li>Syst\u00e8me d&#8217;exploitation: Android<\/li>\n<li>puissance: 80 W<\/li>\n<li>Connectivit\u00e9:\n<ul>\n<li>Wi-Fi<\/li>\n<li>NFC<\/li>\n<li>Bluetooth<\/li>\n<li>BeiDou<\/li>\n<li>5G<\/li>\n<li>WCDMA<\/li>\n<\/ul>\n<\/li>\n<li>Cam\u00e9ra\/Appareil Photo:\n<ul>\n<li>16 mpx<\/li>\n<li>50 Mp<\/li>\n<li>8 MP<\/li>\n<li>16 MP<\/li>\n<li>Frontal<\/li>\n<li>Triple<\/li>\n<\/ul>\n<\/li>\n<li>Connexions:\n<ul>\n<li>USB-C<\/li>\n<li>USB<\/li>\n<li>USB 2.0<\/li>\n<li>Dual SIM<\/li>\n<li>USB-A &#8211; USB-C<\/li>\n<\/ul>\n<\/li>\n<li>Processeur: Octa Core<\/li>\n<li>M\u00e9moire RAM: 12 GB RAM<\/li>\n<li>M\u00e9moire interne: 256 GB<\/li>\n<li>Couleur:\n<ul>\n<li>Argent\u00e9<\/li>\n<li>Blanc<\/li>\n<\/ul>\n<\/li>\n<li>Caract\u00e9ristiques:\n<ul>\n<li>GPS<\/li>\n<li>Capteur de lumi\u00e8re ambiante<\/li>\n<li>HDR<\/li>\n<li>Autofocus<\/li>\n<li>Guide d&#8217;installation inclus<\/li>\n<li>Chargement rapide et fiable<\/li>\n<li>Syst\u00e8me de reconnaissance faciale<\/li>\n<li>Lecteur d&#8217;empreintes<\/li>\n<li>Capteur de proximit\u00e9<\/li>\n<li>Gorilla Glass<\/li>\n<li>\u00c9cran plat<\/li>\n<\/ul>\n<\/li>\n<li>Classification \u00e9nerg\u00e9tique: A<\/li>\n<li>Ouverture: F\/1,8<\/li>\n<li>Technologie:\n<ul>\n<li>LED<\/li>\n<li>Mime<\/li>\n<li>Glonass<\/li>\n<li>Bluetooth aptX low Latency<\/li>\n<\/ul>\n<\/li>\n<li>Capteurs:\n<ul>\n<li>Acc\u00e9l\u00e9rom\u00e8tre<\/li>\n<li>Gyroscope<\/li>\n<li>Magn\u00e9tom\u00e8tre<\/li>\n<\/ul>\n<\/li>\n<li>Classification IP: IP65<\/li>\n<li>Inclut: Capteur infrarouge<\/li>\n<li>Fonctions: ECO<\/li>\n<li>Non Inclus: Adaptateur AC<\/li>\n<li>Fr\u00e9quence: 120 Hz<\/li>\n<li>Famille de processeurs: Qualcomm Snapdragon<\/li>\n<\/ul>","protected":false},"excerpt":{"rendered":"<p>Si vous \u00eates passionn\u00e9 d&#8217;informatique et d&#8217;\u00e9lectronique, si vous \u00eates \u00e0 la pointe de la technologie et qu&#8217;aucun d\u00e9tail ne vous \u00e9chappe, achetez Smartphone OnePlus 13R 6,78&#8243; Octa Core 12 GB RAM 256 GB Argent\u00e9 au meilleur prix. Le smartphone OnePlus en blanc se distingue par sa grande capacit\u00e9 de m\u00e9moire et son \u00e9cran immersif [&hellip;]<\/p>\n","protected":false},"featured_media":57820,"comment_status":"open","ping_status":"closed","template":"","meta":[],"product_brand":[1150],"product_cat":[575,65,960],"product_tag":[213,566,106],"class_list":{"0":"post-57825","1":"product","2":"type-product","3":"status-publish","4":"has-post-thumbnail","6":"product_brand-brandp_4881","7":"product_cat-electronique-telephonie-et-tablettes","8":"product_cat-informatique-electronique","9":"product_cat-telephones-portables","10":"product_tag-tag_933","11":"product_tag-tag_547","12":"product_tag-tag_1295","14":"first","15":"instock","16":"taxable","17":"shipping-taxable","18":"purchasable","19":"product-type-simple"},"_links":{"self":[{"href":"https:\/\/bigbuy.tupique.com\/en\/wp-json\/wp\/v2\/product\/57825","targetHints":{"allow":["GET"]}}],"collection":[{"href":"https:\/\/bigbuy.tupique.com\/en\/wp-json\/wp\/v2\/product"}],"about":[{"href":"https:\/\/bigbuy.tupique.com\/en\/wp-json\/wp\/v2\/types\/product"}],"replies":[{"embeddable":true,"href":"https:\/\/bigbuy.tupique.com\/en\/wp-json\/wp\/v2\/comments?post=57825"}],"wp:featuredmedia":[{"embeddable":true,"href":"https:\/\/bigbuy.tupique.com\/en\/wp-json\/wp\/v2\/media\/57820"}],"wp:attachment":[{"href":"https:\/\/bigbuy.tupique.com\/en\/wp-json\/wp\/v2\/media?parent=57825"}],"wp:term":[{"taxonomy":"product_brand","embeddable":true,"href":"https:\/\/bigbuy.tupique.com\/en\/wp-json\/wp\/v2\/product_brand?post=57825"},{"taxonomy":"product_cat","embeddable":true,"href":"https:\/\/bigbuy.tupique.com\/en\/wp-json\/wp\/v2\/product_cat?post=57825"},{"taxonomy":"product_tag","embeddable":true,"href":"https:\/\/bigbuy.tupique.com\/en\/wp-json\/wp\/v2\/product_tag?post=57825"}],"curies":[{"name":"wp","href":"https:\/\/api.w.org\/{rel}","templated":true}]}}