{"id":56756,"date":"2026-04-01T01:46:19","date_gmt":"2026-04-01T00:46:19","guid":{"rendered":"https:\/\/bigbuy.tupique.com\/produto\/control-dj-hercules-inpulse-500\/"},"modified":"2026-05-11T20:02:29","modified_gmt":"2026-05-11T18:02:29","slug":"control-dj-hercules-inpulse-500","status":"publish","type":"product","link":"https:\/\/bigbuy.tupique.com\/en\/produto\/control-dj-hercules-inpulse-500\/","title":{"rendered":"Contr\u00f4le DJ Hercules INPULSE 500"},"content":{"rendered":"<p>Si vous \u00eates passionn\u00e9 d&#8217;<b>informatique et d&#8217;\u00e9lectronique<\/b>, si vous \u00eates \u00e0 la pointe de la technologie et qu&#8217;aucun d\u00e9tail ne vous \u00e9chappe, achetez <b>Contr\u00f4le DJ Hercules INPULSE 500<\/b> au meilleur prix.<\/p>\n<p>Le <b>Hercules Inpulse 500<\/b> est une <b>contr\u00f4leur DJ<\/b> professionnel con\u00e7u pour ceux qui souhaitent d\u00e9buter dans le DJing avec un \u00e9quipement fiable et complet. Cet appareil pr\u00e9sente une <b>couleur noire<\/b> classique qui facilite son int\u00e9gration dans tout environnement de travail et se distingue par sa connectivit\u00e9 essentielle, incluant une <b>connexion USB 2.0<\/b> garantissant une communication rapide et stable avec l\u2019ordinateur, ainsi qu\u2019une entr\u00e9e <b>Jack 3,5 mm<\/b> pour brancher casques ou moniteurs externes, indispensable pour un contr\u00f4le et un mixage pr\u00e9cis. Son design <b>filaire<\/b> optimise la transmission des donn\u00e9es, \u00e9vitant latences et interf\u00e9rences sans d\u00e9pendre uniquement du sans-fil, tout en int\u00e9grant des fonctions Bluetooth pour plus de polyvalence. \u00c9quip\u00e9 d\u2019un <b>\u00e9galiseur<\/b> int\u00e9gr\u00e9, il permet un r\u00e9glage pr\u00e9cis du son, offrant un contr\u00f4le d\u00e9taill\u00e9 des fr\u00e9quences pour s\u2019adapter \u00e0 divers styles musicaux et environnements sonores. Le Hercules Inpulse 500 fonctionne comme une interface audio avec mixeur mat\u00e9riel int\u00e9gr\u00e9, ce qui am\u00e9liore sa facilit\u00e9 d\u2019utilisation et la qualit\u00e9 sonore, en faisant une solution tout-en-un compatible avec les logiciels de mixage Serato DJ Lite et DJUCED, tous deux inclus, et prenant en charge les diffusions en streaming. Ce contr\u00f4leur \u00e0 deux platines int\u00e8gre des boutons et jog wheels sensibles et bien plac\u00e9s pour des transitions fluides et pr\u00e9cises, avec aides visuelles et tutoriels pour faciliter l\u2019apprentissage des d\u00e9butants. Sa robustesse et ses fonctions professionnelles garantissent une performance constante en studio comme en live. En r\u00e9sum\u00e9, le <b>Hercules DJControl Inpulse 500<\/b> offre un \u00e9quilibre entre caract\u00e9ristiques techniques et ergonomie, se positionnant comme une option solide pour ceux qui veulent d\u00e9buter avec un \u00e9quipement complet et \u00e9volutif dans l\u2019art du DJing.<\/p>\n<ul>\n<li>Caract\u00e9ristiques:\n<ul>\n<li>Connexion USB<\/li>\n<li>Equalizer<\/li>\n<\/ul>\n<\/li>\n<li>Connectivit\u00e9: Bluetooth<\/li>\n<li>Type:\n<ul>\n<li>Avec fil<\/li>\n<li>Contr\u00f4le DJ<\/li>\n<\/ul>\n<\/li>\n<li>Couleur: Noir<\/li>\n<li>Connexions:\n<ul>\n<li>USB<\/li>\n<li>USB 2.0<\/li>\n<li>Jack 3.5 mm<\/li>\n<\/ul>\n<\/li>\n<li>Compatible: Windows 10<\/li>\n<li>\u00c9cran integr\u00e9: Non<\/li>\n<\/ul>","protected":false},"excerpt":{"rendered":"<p>Si vous \u00eates passionn\u00e9 d&#8217;informatique et d&#8217;\u00e9lectronique, si vous \u00eates \u00e0 la pointe de la technologie et qu&#8217;aucun d\u00e9tail ne vous \u00e9chappe, achetez Contr\u00f4le DJ Hercules INPULSE 500 au meilleur prix. Le Hercules Inpulse 500 est une contr\u00f4leur DJ professionnel con\u00e7u pour ceux qui souhaitent d\u00e9buter dans le DJing avec un \u00e9quipement fiable et complet. [&hellip;]<\/p>\n","protected":false},"featured_media":179634,"comment_status":"open","ping_status":"closed","template":"","meta":[],"product_brand":[1077],"product_cat":[755,763,65],"product_tag":[59],"class_list":{"0":"post-56756","1":"product","2":"type-product","3":"status-publish","4":"has-post-thumbnail","6":"product_brand-brandp_652","7":"product_cat-electronique-son","8":"product_cat-haut-parleurs","9":"product_cat-informatique-electronique","10":"product_tag-tag_1304","12":"first","13":"instock","14":"taxable","15":"shipping-taxable","16":"purchasable","17":"product-type-simple"},"_links":{"self":[{"href":"https:\/\/bigbuy.tupique.com\/en\/wp-json\/wp\/v2\/product\/56756","targetHints":{"allow":["GET"]}}],"collection":[{"href":"https:\/\/bigbuy.tupique.com\/en\/wp-json\/wp\/v2\/product"}],"about":[{"href":"https:\/\/bigbuy.tupique.com\/en\/wp-json\/wp\/v2\/types\/product"}],"replies":[{"embeddable":true,"href":"https:\/\/bigbuy.tupique.com\/en\/wp-json\/wp\/v2\/comments?post=56756"}],"wp:featuredmedia":[{"embeddable":true,"href":"https:\/\/bigbuy.tupique.com\/en\/wp-json\/wp\/v2\/media\/179634"}],"wp:attachment":[{"href":"https:\/\/bigbuy.tupique.com\/en\/wp-json\/wp\/v2\/media?parent=56756"}],"wp:term":[{"taxonomy":"product_brand","embeddable":true,"href":"https:\/\/bigbuy.tupique.com\/en\/wp-json\/wp\/v2\/product_brand?post=56756"},{"taxonomy":"product_cat","embeddable":true,"href":"https:\/\/bigbuy.tupique.com\/en\/wp-json\/wp\/v2\/product_cat?post=56756"},{"taxonomy":"product_tag","embeddable":true,"href":"https:\/\/bigbuy.tupique.com\/en\/wp-json\/wp\/v2\/product_tag?post=56756"}],"curies":[{"name":"wp","href":"https:\/\/api.w.org\/{rel}","templated":true}]}}