{"id":55841,"date":"2026-03-31T16:33:30","date_gmt":"2026-03-31T15:33:30","guid":{"rendered":"https:\/\/bigbuy.tupique.com\/produto\/womens-perfume-bond-no-9-queens-edp-100-ml-queens\/"},"modified":"2026-04-15T02:19:30","modified_gmt":"2026-04-15T01:19:30","slug":"womens-perfume-bond-no-9-queens-edp-100-ml-queens","status":"publish","type":"product","link":"https:\/\/bigbuy.tupique.com\/en\/produto\/womens-perfume-bond-no-9-queens-edp-100-ml-queens\/","title":{"rendered":"Parfum Femme Bond No. 9 Queens EDP 100 ml Queens"},"content":{"rendered":"<p>Laissez-vous surprendre par le parfum de marque&nbsp;<strong>Parfum Femme Bond No. 9 Queens EDP 100 ml Queens<\/strong> et faites ressortir votre f&eacute;minit&eacute; en portant ce <strong>parfum femme <\/strong><strong>100 % authentique<\/strong>. Sa composition unique exalte un parfum &agrave; votre image. D&eacute;couvrez sans plus tarder nos produits <strong>Bond No. 9 100 % authentiques<\/strong> !<\/p>\n<ul>\n<li>Capacit\u00e9: 100 ml<\/li>\n<li>Type: EDP (Eau de Parfum)<\/li>\n<li>Type de fragrance: EDP<\/li>\n<li>Genre: Femme<\/li>\n<li>Informations importantes: La conception de l&#8217;emballage du produit peut varier en fonction des promotions publicitaires du fabricant ou de la p\u00e9riode de l&#8217;ann\u00e9e. Les diff\u00e9rents emballages sont conserv\u00e9s jusqu&#8217;\u00e0 la fin du stock.<\/li>\n<li>Nom du parfum: Queens<\/li>\n<\/ul>","protected":false},"excerpt":{"rendered":"<p><span class=\"unit-info\">283.9900 &euro; \/ 100 ml<\/span><\/p>","protected":false},"featured_media":55840,"comment_status":"open","ping_status":"closed","template":"","meta":[],"product_brand":[1500],"product_cat":[769,1056,1486],"product_tag":[542,1048,543],"class_list":{"0":"post-55841","1":"product","2":"type-product","3":"status-publish","4":"has-post-thumbnail","6":"product_brand-brandp_8361","7":"product_cat-parfum-cosmetique","8":"product_cat-parfums","9":"product_cat-parfums-pour-femme","10":"product_tag-tag_1274","11":"product_tag-tag_1262","12":"product_tag-tag_61","14":"first","15":"instock","16":"taxable","17":"shipping-taxable","18":"purchasable","19":"product-type-simple"},"_links":{"self":[{"href":"https:\/\/bigbuy.tupique.com\/en\/wp-json\/wp\/v2\/product\/55841","targetHints":{"allow":["GET"]}}],"collection":[{"href":"https:\/\/bigbuy.tupique.com\/en\/wp-json\/wp\/v2\/product"}],"about":[{"href":"https:\/\/bigbuy.tupique.com\/en\/wp-json\/wp\/v2\/types\/product"}],"replies":[{"embeddable":true,"href":"https:\/\/bigbuy.tupique.com\/en\/wp-json\/wp\/v2\/comments?post=55841"}],"wp:featuredmedia":[{"embeddable":true,"href":"https:\/\/bigbuy.tupique.com\/en\/wp-json\/wp\/v2\/media\/55840"}],"wp:attachment":[{"href":"https:\/\/bigbuy.tupique.com\/en\/wp-json\/wp\/v2\/media?parent=55841"}],"wp:term":[{"taxonomy":"product_brand","embeddable":true,"href":"https:\/\/bigbuy.tupique.com\/en\/wp-json\/wp\/v2\/product_brand?post=55841"},{"taxonomy":"product_cat","embeddable":true,"href":"https:\/\/bigbuy.tupique.com\/en\/wp-json\/wp\/v2\/product_cat?post=55841"},{"taxonomy":"product_tag","embeddable":true,"href":"https:\/\/bigbuy.tupique.com\/en\/wp-json\/wp\/v2\/product_tag?post=55841"}],"curies":[{"name":"wp","href":"https:\/\/api.w.org\/{rel}","templated":true}]}}