{"id":55792,"date":"2026-03-31T16:18:41","date_gmt":"2026-03-31T15:18:41","guid":{"rendered":"https:\/\/bigbuy.tupique.com\/produto\/essential-oil-diffuser-diptyque\/"},"modified":"2026-05-11T19:55:16","modified_gmt":"2026-05-11T17:55:16","slug":"essential-oil-diffuser-diptyque","status":"publish","type":"product","link":"https:\/\/bigbuy.tupique.com\/en\/produto\/essential-oil-diffuser-diptyque\/","title":{"rendered":"Diffuseur d&#8217;Huiles Essentielles Diptyque"},"content":{"rendered":"<p>Si vous vous pr\u00e9occupez de votre sant\u00e9 et que vous cherchez des produits qui vous offriraient <b>diffuseurs d&#8217;huiles essentielles<\/b>, achetez <b>Diffuseur d&#8217;Huiles Essentielles Diptyque<\/b> et d&#8217;autres <b>produits Diptyque<\/b> au meilleur prix.<\/p>\n<ul>\n<li>Type:\n<ul>\n<li>Diffuseur<\/li>\n<li>Cosm\u00e9tique<\/li>\n<\/ul>\n<\/li>\n<li>Caract\u00e9ristiques: \u00c9lectrique<\/li>\n<li>Couleur: Blanc<\/li>\n<\/ul>","protected":false},"excerpt":{"rendered":"<p>Si vous vous pr\u00e9occupez de votre sant\u00e9 et que vous cherchez des produits qui vous offriraient diffuseurs d&#8217;huiles essentielles, achetez Diffuseur d&#8217;Huiles Essentielles Diptyque et d&#8217;autres produits Diptyque au meilleur prix. Type: Diffuseur Cosm\u00e9tique Caract\u00e9ristiques: \u00c9lectrique Couleur: Blanc<\/p>","protected":false},"featured_media":55791,"comment_status":"open","ping_status":"closed","template":"","meta":[],"product_brand":[1489],"product_cat":[1059,752,1487],"product_tag":[1485,165],"class_list":{"0":"post-55792","1":"product","2":"type-product","3":"status-publish","4":"has-post-thumbnail","6":"product_brand-brandp_2283","7":"product_cat-esthetique-et-traitements-corporels","8":"product_cat-sante-beaute","9":"product_cat-soins-anti-cellulite","10":"product_tag-tag_1288","11":"product_tag-tag_69","13":"first","14":"instock","15":"taxable","16":"shipping-taxable","17":"purchasable","18":"product-type-simple"},"_links":{"self":[{"href":"https:\/\/bigbuy.tupique.com\/en\/wp-json\/wp\/v2\/product\/55792","targetHints":{"allow":["GET"]}}],"collection":[{"href":"https:\/\/bigbuy.tupique.com\/en\/wp-json\/wp\/v2\/product"}],"about":[{"href":"https:\/\/bigbuy.tupique.com\/en\/wp-json\/wp\/v2\/types\/product"}],"replies":[{"embeddable":true,"href":"https:\/\/bigbuy.tupique.com\/en\/wp-json\/wp\/v2\/comments?post=55792"}],"wp:featuredmedia":[{"embeddable":true,"href":"https:\/\/bigbuy.tupique.com\/en\/wp-json\/wp\/v2\/media\/55791"}],"wp:attachment":[{"href":"https:\/\/bigbuy.tupique.com\/en\/wp-json\/wp\/v2\/media?parent=55792"}],"wp:term":[{"taxonomy":"product_brand","embeddable":true,"href":"https:\/\/bigbuy.tupique.com\/en\/wp-json\/wp\/v2\/product_brand?post=55792"},{"taxonomy":"product_cat","embeddable":true,"href":"https:\/\/bigbuy.tupique.com\/en\/wp-json\/wp\/v2\/product_cat?post=55792"},{"taxonomy":"product_tag","embeddable":true,"href":"https:\/\/bigbuy.tupique.com\/en\/wp-json\/wp\/v2\/product_tag?post=55792"}],"curies":[{"name":"wp","href":"https:\/\/api.w.org\/{rel}","templated":true}]}}