{"id":55533,"date":"2026-03-31T13:59:31","date_gmt":"2026-03-31T12:59:31","guid":{"rendered":"https:\/\/bigbuy.tupique.com\/produto\/table-football-ociotrends\/"},"modified":"2026-04-15T13:55:38","modified_gmt":"2026-04-15T12:55:38","slug":"table-football-ociotrends","status":"publish","type":"product","link":"https:\/\/bigbuy.tupique.com\/en\/produto\/table-football-ociotrends\/","title":{"rendered":"Baby Foot Ociotrends"},"content":{"rendered":"<p>Restez en forme et d\u00e9couvrez les derni\u00e8res nouveaut\u00e9s du secteur pour faire du sport avec les meilleures garanties ! Achetez <b>Baby Foot Ociotrends<\/b> au meilleur prix et profitez d&#8217;une vie saine !<\/p>\n<ul>\n<li>Caract\u00e9ristiques: Pliable<\/li>\n<li>\u00c2ge recommand\u00e9: + 6 Ans<\/li>\n<\/ul>","protected":false},"excerpt":{"rendered":"<p>Restez en forme et d\u00e9couvrez les derni\u00e8res nouveaut\u00e9s du secteur pour faire du sport avec les meilleures garanties ! Achetez Baby Foot Ociotrends au meilleur prix et profitez d&#8217;une vie saine ! Caract\u00e9ristiques: Pliable \u00c2ge recommand\u00e9: + 6 Ans<\/p>","protected":false},"featured_media":189284,"comment_status":"open","ping_status":"closed","template":"","meta":[],"product_brand":[1480],"product_cat":[620,157,158],"product_tag":[],"class_list":{"0":"post-55533","1":"product","2":"type-product","3":"status-publish","4":"has-post-thumbnail","6":"product_brand-brandp_10447","7":"product_cat-jeux-de-societe-pour-enfants","8":"product_cat-jouets-deguisements","9":"product_cat-jouets-et-jeux","11":"first","12":"instock","13":"taxable","14":"shipping-taxable","15":"purchasable","16":"product-type-simple"},"_links":{"self":[{"href":"https:\/\/bigbuy.tupique.com\/en\/wp-json\/wp\/v2\/product\/55533","targetHints":{"allow":["GET"]}}],"collection":[{"href":"https:\/\/bigbuy.tupique.com\/en\/wp-json\/wp\/v2\/product"}],"about":[{"href":"https:\/\/bigbuy.tupique.com\/en\/wp-json\/wp\/v2\/types\/product"}],"replies":[{"embeddable":true,"href":"https:\/\/bigbuy.tupique.com\/en\/wp-json\/wp\/v2\/comments?post=55533"}],"wp:featuredmedia":[{"embeddable":true,"href":"https:\/\/bigbuy.tupique.com\/en\/wp-json\/wp\/v2\/media\/189284"}],"wp:attachment":[{"href":"https:\/\/bigbuy.tupique.com\/en\/wp-json\/wp\/v2\/media?parent=55533"}],"wp:term":[{"taxonomy":"product_brand","embeddable":true,"href":"https:\/\/bigbuy.tupique.com\/en\/wp-json\/wp\/v2\/product_brand?post=55533"},{"taxonomy":"product_cat","embeddable":true,"href":"https:\/\/bigbuy.tupique.com\/en\/wp-json\/wp\/v2\/product_cat?post=55533"},{"taxonomy":"product_tag","embeddable":true,"href":"https:\/\/bigbuy.tupique.com\/en\/wp-json\/wp\/v2\/product_tag?post=55533"}],"curies":[{"name":"wp","href":"https:\/\/api.w.org\/{rel}","templated":true}]}}