{"id":55231,"date":"2026-03-31T12:59:49","date_gmt":"2026-03-31T11:59:49","guid":{"rendered":"https:\/\/bigbuy.tupique.com\/produto\/nas-network-storage-synology-ds925\/"},"modified":"2026-05-11T20:00:29","modified_gmt":"2026-05-11T18:00:29","slug":"nas-network-storage-synology-ds925","status":"publish","type":"product","link":"https:\/\/bigbuy.tupique.com\/en\/produto\/nas-network-storage-synology-ds925\/","title":{"rendered":"Stockage en R\u00e9seau NAS Synology DS925+"},"content":{"rendered":"<p>Si vous \u00eates \u00e0 la recherche de nouvelles tendances sur le march\u00e9, nous vous pr\u00e9sentons <b>Stockage en R\u00e9seau NAS Synology DS925+<\/b> !<\/p>\n<p>Le <b>Synology DS925+<\/b> est un syst\u00e8me de <b>stockage en r\u00e9seau NAS<\/b> con\u00e7u pour les utilisateurs domestiques et les petites entreprises recherchant une solution robuste et polyvalente pour g\u00e9rer et prot\u00e9ger leurs donn\u00e9es. \u00c9quip\u00e9 d\u2019un processeur de la famille <b>Ryzen Embedded V1500B<\/b> \u00e0 <b>2,2 GHz<\/b>, cet appareil offre des performances fiables et efficaces pour le multit\u00e2che et l\u2019acc\u00e8s simultan\u00e9 aux fichiers. Il dispose de <b>4 Go de m\u00e9moire DDR4<\/b>, suffisant pour garantir une r\u00e9activit\u00e9 fluide dans des environnements multi-utilisateurs et applications vari\u00e9es. Son design en <b>noir avec ch\u00e2ssis m\u00e9tallique<\/b> pr\u00e9sente un format compact et r\u00e9sistant, avec un interrupteur marche\/arr\u00eat facilitant son utilisation. Le DS925+ prend en charge les disques <b>HDD et SSD<\/b>, offrant la flexibilit\u00e9 de configurer capacit\u00e9 et vitesse de stockage selon les besoins. Il int\u00e8gre \u00e9galement des connexions <b>USB<\/b> pour l\u2019extension et la copie directe, ainsi que des ports <b>RJ45<\/b> permettant une int\u00e9gration facile dans les r\u00e9seaux domestiques et professionnels \u00e0 haute vitesse. Ce mod\u00e8le se distingue par sa compatibilit\u00e9 avec les syst\u00e8mes NAS, garantissant un contr\u00f4le centralis\u00e9 du stockage, optimisant la s\u00e9curit\u00e9 et l\u2019acc\u00e8s \u00e0 distance. Bien qu\u2019il ne soit pas livr\u00e9 avec une capacit\u00e9 de stockage pr\u00e9install\u00e9e, sa structure permet d\u2019ajouter jusqu\u2019\u00e0 cinq baies pour disques, offrant une solution \u00e9volutive. En r\u00e9sum\u00e9, le Synology DS925+ est une option solide pour ceux qui recherchent un syst\u00e8me NAS fiable, avec un bon \u00e9quilibre entre puissance de traitement, m\u00e9moire et connectivit\u00e9 pour g\u00e9rer de grands volumes de donn\u00e9es de mani\u00e8re s\u00e9curis\u00e9e et efficace.<\/p>\n<ul>\n<li>Produit \u00e0 brancher: Oui<\/li>\n<li>Type de prise: Prise EU<\/li>\n<li>Bloc d\u2019Alimentation: r\u00e9seau \u00e9lectrique<\/li>\n<li>Type:\n<ul>\n<li>DDR4<\/li>\n<li>NAS<\/li>\n<li>HDD\/SSD<\/li>\n<\/ul>\n<\/li>\n<li>Couleur: Noir<\/li>\n<li>Connexions:\n<ul>\n<li>RJ45 x 2<\/li>\n<li>Ethernet LAN<\/li>\n<li>2<\/li>\n<li>SO-DIMM<\/li>\n<li>USB<\/li>\n<li>RJ45<\/li>\n<li>USB-A 3.2<\/li>\n<\/ul>\n<\/li>\n<li>M\u00e9moire RAM: 4 GB RAM<\/li>\n<li>Tension:\n<ul>\n<li>100-240 V<\/li>\n<li>100 &#8211; 240 V<\/li>\n<\/ul>\n<\/li>\n<li>Fr\u00e9quence:\n<ul>\n<li>50-60 Hz<\/li>\n<li>50 &#8211; 60 Hz<\/li>\n<\/ul>\n<\/li>\n<li>Compatible:\n<ul>\n<li>HDD\/SSD<\/li>\n<li>Raid 0,1,5,6,10,JBOD<\/li>\n<\/ul>\n<\/li>\n<li>Mati\u00e8re: M\u00e9tal<\/li>\n<li>Caract\u00e9ristiques:\n<ul>\n<li>Interrupteur marche\/arr\u00eat<\/li>\n<li>T\u00e9moin de fonctionnement LED<\/li>\n<li>Verrou de s\u00e9curit\u00e9<\/li>\n<\/ul>\n<\/li>\n<li>Ventillateur: 2<\/li>\n<li>Batterie au lithium rechargeable: 100 mAh<\/li>\n<li>Inclut: Adaptateur<\/li>\n<li>Connectivit\u00e9: Ethernet LAN<\/li>\n<li>Taille maximale de la carte m\u00e9moire: 32 GB<\/li>\n<li>Type de m\u00e9moire: DDR4<\/li>\n<li>Poids: 2,2 kg<\/li>\n<li>Facteur de forme: SO-DIMM<\/li>\n<li>M\u00e9moire: x 2<\/li>\n<li>vitesse:\n<ul>\n<li>2500 Mbps<\/li>\n<li>2.2 GHz<\/li>\n<\/ul>\n<\/li>\n<li>Processeur: AMD Ryzen V1500B<\/li>\n<li>Noyaux: 4 Noyaux<\/li>\n<li>Famille de processeurs: AMD<\/li>\n<li>Type d&#8217;installation: Sol<\/li>\n<\/ul>","protected":false},"excerpt":{"rendered":"<p>Si vous \u00eates \u00e0 la recherche de nouvelles tendances sur le march\u00e9, nous vous pr\u00e9sentons Stockage en R\u00e9seau NAS Synology DS925+ ! Le Synology DS925+ est un syst\u00e8me de stockage en r\u00e9seau NAS con\u00e7u pour les utilisateurs domestiques et les petites entreprises recherchant une solution robuste et polyvalente pour g\u00e9rer et prot\u00e9ger leurs donn\u00e9es. \u00c9quip\u00e9 [&hellip;]<\/p>\n","protected":false},"featured_media":55223,"comment_status":"open","ping_status":"closed","template":"","meta":[],"product_brand":[990],"product_cat":[588,65,584],"product_tag":[106],"class_list":{"0":"post-55231","1":"product","2":"type-product","3":"status-publish","4":"has-post-thumbnail","6":"product_brand-brandp_653","7":"product_cat-disques-durs","8":"product_cat-informatique-electronique","9":"product_cat-informatique-reseaux-et-composants","10":"product_tag-tag_1295","12":"first","13":"instock","14":"taxable","15":"shipping-taxable","16":"purchasable","17":"product-type-simple"},"_links":{"self":[{"href":"https:\/\/bigbuy.tupique.com\/en\/wp-json\/wp\/v2\/product\/55231","targetHints":{"allow":["GET"]}}],"collection":[{"href":"https:\/\/bigbuy.tupique.com\/en\/wp-json\/wp\/v2\/product"}],"about":[{"href":"https:\/\/bigbuy.tupique.com\/en\/wp-json\/wp\/v2\/types\/product"}],"replies":[{"embeddable":true,"href":"https:\/\/bigbuy.tupique.com\/en\/wp-json\/wp\/v2\/comments?post=55231"}],"wp:featuredmedia":[{"embeddable":true,"href":"https:\/\/bigbuy.tupique.com\/en\/wp-json\/wp\/v2\/media\/55223"}],"wp:attachment":[{"href":"https:\/\/bigbuy.tupique.com\/en\/wp-json\/wp\/v2\/media?parent=55231"}],"wp:term":[{"taxonomy":"product_brand","embeddable":true,"href":"https:\/\/bigbuy.tupique.com\/en\/wp-json\/wp\/v2\/product_brand?post=55231"},{"taxonomy":"product_cat","embeddable":true,"href":"https:\/\/bigbuy.tupique.com\/en\/wp-json\/wp\/v2\/product_cat?post=55231"},{"taxonomy":"product_tag","embeddable":true,"href":"https:\/\/bigbuy.tupique.com\/en\/wp-json\/wp\/v2\/product_tag?post=55231"}],"curies":[{"name":"wp","href":"https:\/\/api.w.org\/{rel}","templated":true}]}}