{"id":54337,"date":"2026-03-31T08:09:16","date_gmt":"2026-03-31T07:09:16","guid":{"rendered":"https:\/\/bigbuy.tupique.com\/produto\/gps-tomtom-1yd6-002-00\/"},"modified":"2026-04-16T21:45:36","modified_gmt":"2026-04-16T20:45:36","slug":"gps-tomtom-1yd6-002-00","status":"publish","type":"product","link":"https:\/\/bigbuy.tupique.com\/en\/produto\/gps-tomtom-1yd6-002-00\/","title":{"rendered":"GPS TomTom 1YD6.002.00"},"content":{"rendered":"<p>\u00c9quipez votre v\u00e9hicule avec les derni\u00e8res nouveaut\u00e9s du secteur ! Achetez <b>GPS TomTom 1YD6.002.00<\/b> et aucun d\u00e9tail ne vous \u00e9chappera!<\/p>\n<p>Le <b>GPS TomTom GO Superior mod\u00e8le 1YD6.002.00<\/b> est un appareil de navigation avanc\u00e9 con\u00e7u pour faciliter et optimiser les d\u00e9placements routiers. Il dispose d\u2019un <b>\u00e9cran tactile HD de 6 pouces<\/b> offrant une visualisation claire et nette, id\u00e9ale pour consulter cartes et itin\u00e9raires facilement en conduisant. Ce GPS se distingue par sa connectivit\u00e9 <b>Bluetooth<\/b> et <b>Wi-Fi<\/b>, permettant de mettre \u00e0 jour cartes et logiciels sans fil, garantissant ainsi d\u2019avoir toujours les informations routi\u00e8res les plus r\u00e9centes sans c\u00e2bles ni appareils externes. Il inclut des cartes fiables du monde entier, avec une couverture sp\u00e9ciale pour l\u2019Espagne, et permet d\u2019\u00e9viter les zones \u00e0 faibles \u00e9missions gr\u00e2ce \u00e0 l\u2019int\u00e9gration de services exclusifs comme TomTom Traffic, qui propose des itin\u00e9raires alternatifs bas\u00e9s sur le trafic en temps r\u00e9el pour gagner du temps et r\u00e9duire le stress au volant. De plus, il est \u00e9quip\u00e9 de <b>haut-parleurs int\u00e9gr\u00e9s<\/b> diffusant des indications claires et pr\u00e9cises, rendant la navigation s\u00fbre et confortable sans avoir \u00e0 consulter constamment l\u2019\u00e9cran. Son design noir est \u00e9l\u00e9gant et fonctionnel, tandis que la connexion via <b>USB<\/b> facilite la charge et le transfert de donn\u00e9es. Cet appareil allie technologie avanc\u00e9e et simplicit\u00e9 d\u2019utilisation, offrant des indications visuelles optimis\u00e9es pour am\u00e9liorer la s\u00e9curit\u00e9 en conduite et \u00e9viter les distractions inutiles en guidant le conducteur de fa\u00e7on intuitive. En r\u00e9sum\u00e9, le TomTom GO Superior se positionne comme un GPS fiable et moderne, r\u00e9pondant aux besoins des conducteurs occasionnels comme professionnels, avec pr\u00e9cision, mises \u00e0 jour constantes et nombreuses fonctions pour une planification optimale du trajet.<\/p>\n<ul>\n<li>Couleur:\n<ul>\n<li>Noir<\/li>\n<li>noir<\/li>\n<\/ul>\n<\/li>\n<li>Caract\u00e9ristiques:\n<ul>\n<li>Ecran tactile<\/li>\n<li>Haut-parleurs int\u00e9gr\u00e9s<\/li>\n<\/ul>\n<\/li>\n<li>Disque dur: 32 GB<\/li>\n<li>Automatique: Non<\/li>\n<li>Type: GPS<\/li>\n<li>Produit \u00e0 brancher: Oui<\/li>\n<li>Type de prise: Prise EU<\/li>\n<li>Bloc d\u2019Alimentation: r\u00e9seau \u00e9lectrique<\/li>\n<li>Connexions:\n<ul>\n<li>USB<\/li>\n<li>USB-C<\/li>\n<\/ul>\n<\/li>\n<li>Connectivit\u00e9:\n<ul>\n<li>Bluetooth<\/li>\n<li>Wi-Fi<\/li>\n<\/ul>\n<\/li>\n<li>M\u00e9moire interne: 32 GB<\/li>\n<li>Cam\u00e9ra\/Appareil Photo: Non<\/li>\n<li>Fonctionne \u00e0 piles: 1 Litio Ion, incluidas<\/li>\n<li>Inclut: Manuel de l&#8217;utilisateur<\/li>\n<li>Utilisation recommand\u00e9e: Voiture<\/li>\n<li>Cartes: EU<\/li>\n<li>R\u00e9solution (px): 1280 x 720 px<\/li>\n<li>Diagonale de l&#8217;\u00e9cran (cm): 15,2 cm<\/li>\n<\/ul>","protected":false},"excerpt":{"rendered":"<p>\u00c9quipez votre v\u00e9hicule avec les derni\u00e8res nouveaut\u00e9s du secteur ! Achetez GPS TomTom 1YD6.002.00 et aucun d\u00e9tail ne vous \u00e9chappera! Le GPS TomTom GO Superior mod\u00e8le 1YD6.002.00 est un appareil de navigation avanc\u00e9 con\u00e7u pour faciliter et optimiser les d\u00e9placements routiers. Il dispose d\u2019un \u00e9cran tactile HD de 6 pouces offrant une visualisation claire et [&hellip;]<\/p>\n","protected":false},"featured_media":54332,"comment_status":"open","ping_status":"closed","template":"","meta":[],"product_brand":[671],"product_cat":[623,65,624],"product_tag":[59,164],"class_list":{"0":"post-54337","1":"product","2":"type-product","3":"status-publish","4":"has-post-thumbnail","6":"product_brand-brandp_582","7":"product_cat-electronique-gps-et-automobile","8":"product_cat-informatique-electronique","9":"product_cat-navigateurs-gps","10":"product_tag-tag_1304","11":"product_tag-tag_152","13":"first","14":"instock","15":"taxable","16":"shipping-taxable","17":"purchasable","18":"product-type-simple"},"_links":{"self":[{"href":"https:\/\/bigbuy.tupique.com\/en\/wp-json\/wp\/v2\/product\/54337","targetHints":{"allow":["GET"]}}],"collection":[{"href":"https:\/\/bigbuy.tupique.com\/en\/wp-json\/wp\/v2\/product"}],"about":[{"href":"https:\/\/bigbuy.tupique.com\/en\/wp-json\/wp\/v2\/types\/product"}],"replies":[{"embeddable":true,"href":"https:\/\/bigbuy.tupique.com\/en\/wp-json\/wp\/v2\/comments?post=54337"}],"wp:featuredmedia":[{"embeddable":true,"href":"https:\/\/bigbuy.tupique.com\/en\/wp-json\/wp\/v2\/media\/54332"}],"wp:attachment":[{"href":"https:\/\/bigbuy.tupique.com\/en\/wp-json\/wp\/v2\/media?parent=54337"}],"wp:term":[{"taxonomy":"product_brand","embeddable":true,"href":"https:\/\/bigbuy.tupique.com\/en\/wp-json\/wp\/v2\/product_brand?post=54337"},{"taxonomy":"product_cat","embeddable":true,"href":"https:\/\/bigbuy.tupique.com\/en\/wp-json\/wp\/v2\/product_cat?post=54337"},{"taxonomy":"product_tag","embeddable":true,"href":"https:\/\/bigbuy.tupique.com\/en\/wp-json\/wp\/v2\/product_tag?post=54337"}],"curies":[{"name":"wp","href":"https:\/\/api.w.org\/{rel}","templated":true}]}}