{"id":54212,"date":"2026-03-31T07:58:22","date_gmt":"2026-03-31T06:58:22","guid":{"rendered":"https:\/\/bigbuy.tupique.com\/produto\/printer-epson-c11ch25401-14-ppm-usb-2-0-wifi\/"},"modified":"2026-04-15T07:39:24","modified_gmt":"2026-04-15T06:39:24","slug":"printer-epson-c11ch25401-14-ppm-usb-2-0-wifi","status":"publish","type":"product","link":"https:\/\/bigbuy.tupique.com\/en\/produto\/printer-epson-c11ch25401-14-ppm-usb-2-0-wifi\/","title":{"rendered":"Imprimante Epson C11CH25401 14 ppm USB 2.0 WiFi"},"content":{"rendered":"<p>Si vous \u00eates passionn\u00e9 d&#8217;<b>informatique et d&#8217;\u00e9lectronique<\/b>, si vous \u00eates \u00e0 la pointe de la technologie et qu&#8217;aucun d\u00e9tail ne vous \u00e9chappe, achetez <b>Imprimante Epson C11CH25401 14 ppm USB 2.0 WiFi<\/b> au meilleur prix.<\/p>\n<p>La <b>Epson WorkForce WF-110W<\/b> est une <b>imprimante portable<\/b> \u00e0 jet d\u2019encre qui se distingue par son design compact et l\u00e9ger, mesurant seulement 309 x 154 x 61 mm pour un poids de 1,6 kg, facilitant son transport et son usage en mobilit\u00e9. Elle int\u00e8gre une batterie rechargeable via USB permettant d\u2019imprimer jusqu\u2019\u00e0 50 pages sans connexion \u00e9lectrique, avec une option batterie externe \u00e9tendant l\u2019autonomie \u00e0 410 pages, id\u00e9ale pour les professionnels et utilisateurs hors bureau ou sans acc\u00e8s imm\u00e9diat au courant. Sa vitesse d\u2019impression atteint <b>14 ppm en noir<\/b> et 4 ppm en couleur en qualit\u00e9 normale sur papier A4, avec une r\u00e9solution maximale de <b>5760 x 1440 dpi<\/b>, garantissant des impressions nettes et d\u00e9taill\u00e9es. Elle utilise des encres pigment\u00e9es pour le noir et la couleur, assurant des r\u00e9sultats durables, r\u00e9sistants aux taches et fid\u00e8les en couleur. L\u2019imprimante offre une connectivit\u00e9 sans fil via <b>Wi-Fi<\/b>, compatible avec Google Cloud Print et Epson Connect, permettant d\u2019imprimer directement depuis smartphones, tablettes et autres appareils mobiles via l\u2019application Epson iPrint. Elle peut aussi recevoir des documents \u00e0 imprimer de n\u2019importe o\u00f9 gr\u00e2ce au service Epson Email Print, ajoutant flexibilit\u00e9 et praticit\u00e9. Son \u00e9cran LCD de 3,7 cm facilite la configuration et le contr\u00f4le du niveau d\u2019encre sans ordinateur. Pour les connexions filaires, elle dispose d\u2019un port <b>USB 2.0<\/b> pour un lien direct avec d\u2019autres appareils si n\u00e9cessaire. Cette imprimante portable, compatible avec le format papier A4 et \u00e9quip\u00e9e de deux cartouches, est une solution pratique, efficace et de qualit\u00e9 pour les utilisateurs n\u00e9cessitant une impression mobile sans compromis sur la performance ni la d\u00e9finition. Elle convient parfaitement aux professionnels recherchant flexibilit\u00e9 et fiabilit\u00e9 dans une imprimante compacte.<\/p>\n<ul>\n<li>Type:\n<ul>\n<li>Encre<\/li>\n<li>Imprimante<\/li>\n<\/ul>\n<\/li>\n<li>vitesse:\n<ul>\n<li>4-14 ppm<\/li>\n<li>4 ppm<\/li>\n<li>11 ppm<\/li>\n<li>14 ppm<\/li>\n<\/ul>\n<\/li>\n<li>Impression recto verso: Non<\/li>\n<li>Volume sonore: 45 dB<\/li>\n<li>Bloc d\u2019Alimentation:\n<ul>\n<li>r\u00e9seau \u00e9lectrique<\/li>\n<li>Batterie rechargeable<\/li>\n<\/ul>\n<\/li>\n<li>Inclut:\n<ul>\n<li>Adaptateur AC<\/li>\n<li>C\u00e2ble USB<\/li>\n<li>Cartouche d&#8217;Encre Originale (lot de 4)<\/li>\n<li>Batterie au lithium rechargeable<\/li>\n<\/ul>\n<\/li>\n<li>Dimensions approx.: 30,9 x 15,9 x 6,1 cm<\/li>\n<li>Produit \u00e0 brancher: Oui<\/li>\n<li>Connectivit\u00e9: Wi-Fi<\/li>\n<li>Type de prise: Prise EU<\/li>\n<li>Technologie:\n<ul>\n<li>LCD<\/li>\n<li>Injection d&#8217;encre<\/li>\n<\/ul>\n<\/li>\n<li>Couleur: Noir<\/li>\n<li>Temps de charge approx.: 3 heures<\/li>\n<li>Caract\u00e9ristiques:\n<ul>\n<li>\u00c9cran integr\u00e9<\/li>\n<li>\u00c9cran couleur<\/li>\n<li>\u00c9cran LCD<\/li>\n<li>Batterie int\u00e9gr\u00e9e<\/li>\n<\/ul>\n<\/li>\n<li>Connexions:\n<ul>\n<li>USB 2.0<\/li>\n<li>USB<\/li>\n<li>Micro USB<\/li>\n<\/ul>\n<\/li>\n<li>R\u00e9solution d&#8217;image maximale: 5760 x 1440 dpi<\/li>\n<li>Capacit\u00e9: 20 Volets<\/li>\n<li>Compatible: Imprimante<\/li>\n<li>Papier:\n<ul>\n<li>A4<\/li>\n<li>B5<\/li>\n<\/ul>\n<\/li>\n<li>Tension: 200-240 V<\/li>\n<li>Fr\u00e9quence d&#8217;entr\u00e9e AC: 50-60 Hz<\/li>\n<li>Plateau: 1<\/li>\n<li>Ethernet: Non<\/li>\n<li>Poids approx.: 1,6 kg<\/li>\n<li>Fonctionne \u00e0 piles:\n<ul>\n<li>Incluses<\/li>\n<li>Litio Ion<\/li>\n<\/ul>\n<\/li>\n<li>Poids: 1,6 kg<\/li>\n<li>consommation d&#8217;\u00e9nergie: 11 kWh<\/li>\n<li>Utilisation recommand\u00e9e: Maison<\/li>\n<li>Type de batterie: Batterie au lithium rechargeable<\/li>\n<\/ul>","protected":false},"excerpt":{"rendered":"<p>Si vous \u00eates passionn\u00e9 d&#8217;informatique et d&#8217;\u00e9lectronique, si vous \u00eates \u00e0 la pointe de la technologie et qu&#8217;aucun d\u00e9tail ne vous \u00e9chappe, achetez Imprimante Epson C11CH25401 14 ppm USB 2.0 WiFi au meilleur prix. La Epson WorkForce WF-110W est une imprimante portable \u00e0 jet d\u2019encre qui se distingue par son design compact et l\u00e9ger, mesurant [&hellip;]<\/p>\n","protected":false},"featured_media":54209,"comment_status":"open","ping_status":"closed","template":"","meta":[],"product_brand":[632],"product_cat":[592,65,581],"product_tag":[213,106],"class_list":{"0":"post-54212","1":"product","2":"type-product","3":"status-publish","4":"has-post-thumbnail","6":"product_brand-brandp_547","7":"product_cat-imprimantes","8":"product_cat-informatique-electronique","9":"product_cat-informatique-peripheriques-et-consommables","10":"product_tag-tag_933","11":"product_tag-tag_1295","13":"first","14":"instock","15":"taxable","16":"shipping-taxable","17":"purchasable","18":"product-type-simple"},"_links":{"self":[{"href":"https:\/\/bigbuy.tupique.com\/en\/wp-json\/wp\/v2\/product\/54212","targetHints":{"allow":["GET"]}}],"collection":[{"href":"https:\/\/bigbuy.tupique.com\/en\/wp-json\/wp\/v2\/product"}],"about":[{"href":"https:\/\/bigbuy.tupique.com\/en\/wp-json\/wp\/v2\/types\/product"}],"replies":[{"embeddable":true,"href":"https:\/\/bigbuy.tupique.com\/en\/wp-json\/wp\/v2\/comments?post=54212"}],"wp:featuredmedia":[{"embeddable":true,"href":"https:\/\/bigbuy.tupique.com\/en\/wp-json\/wp\/v2\/media\/54209"}],"wp:attachment":[{"href":"https:\/\/bigbuy.tupique.com\/en\/wp-json\/wp\/v2\/media?parent=54212"}],"wp:term":[{"taxonomy":"product_brand","embeddable":true,"href":"https:\/\/bigbuy.tupique.com\/en\/wp-json\/wp\/v2\/product_brand?post=54212"},{"taxonomy":"product_cat","embeddable":true,"href":"https:\/\/bigbuy.tupique.com\/en\/wp-json\/wp\/v2\/product_cat?post=54212"},{"taxonomy":"product_tag","embeddable":true,"href":"https:\/\/bigbuy.tupique.com\/en\/wp-json\/wp\/v2\/product_tag?post=54212"}],"curies":[{"name":"wp","href":"https:\/\/api.w.org\/{rel}","templated":true}]}}