{"id":54071,"date":"2026-03-31T07:46:43","date_gmt":"2026-03-31T06:46:43","guid":{"rendered":"https:\/\/bigbuy.tupique.com\/produto\/hard-drive-seagate-st12000nm002h-35-12-tb\/"},"modified":"2026-04-16T13:16:10","modified_gmt":"2026-04-16T12:16:10","slug":"hard-drive-seagate-st12000nm002h-35-12-tb","status":"publish","type":"product","link":"https:\/\/bigbuy.tupique.com\/en\/produto\/hard-drive-seagate-st12000nm002h-35-12-tb\/","title":{"rendered":"Disque dur Seagate ST12000NM002H 3,5&#8243; 12 TB"},"content":{"rendered":"<p>Si vous \u00eates passionn\u00e9 d&#8217;<b>informatique et d&#8217;\u00e9lectronique<\/b>, si vous \u00eates \u00e0 la pointe de la technologie et qu&#8217;aucun d\u00e9tail ne vous \u00e9chappe, achetez <b>Disque dur Seagate ST12000NM002H 3,5&#8243; 12 TB<\/b> au meilleur prix.<\/p>\n<ul>\n<li>Type: Disque dur interne<\/li>\n<li>Taille: 3,5&#8243;<\/li>\n<li>vitesse: 7200 rpm<\/li>\n<li>Quantit\u00e9: 1<\/li>\n<li>Interface: Serial ATA III<\/li>\n<li>Disque dur: 12 TB<\/li>\n<\/ul>","protected":false},"excerpt":{"rendered":"<p>Si vous \u00eates passionn\u00e9 d&#8217;informatique et d&#8217;\u00e9lectronique, si vous \u00eates \u00e0 la pointe de la technologie et qu&#8217;aucun d\u00e9tail ne vous \u00e9chappe, achetez Disque dur Seagate ST12000NM002H 3,5&#8243; 12 TB au meilleur prix. Type: Disque dur interne Taille: 3,5&#8243; vitesse: 7200 rpm Quantit\u00e9: 1 Interface: Serial ATA III Disque dur: 12 TB<\/p>","protected":false},"featured_media":181036,"comment_status":"open","ping_status":"closed","template":"","meta":[],"product_brand":[641],"product_cat":[588,65,584],"product_tag":[106],"class_list":{"0":"post-54071","1":"product","2":"type-product","3":"status-publish","4":"has-post-thumbnail","6":"product_brand-brandp_578","7":"product_cat-disques-durs","8":"product_cat-informatique-electronique","9":"product_cat-informatique-reseaux-et-composants","10":"product_tag-tag_1295","12":"first","13":"instock","14":"taxable","15":"shipping-taxable","16":"purchasable","17":"product-type-simple"},"_links":{"self":[{"href":"https:\/\/bigbuy.tupique.com\/en\/wp-json\/wp\/v2\/product\/54071","targetHints":{"allow":["GET"]}}],"collection":[{"href":"https:\/\/bigbuy.tupique.com\/en\/wp-json\/wp\/v2\/product"}],"about":[{"href":"https:\/\/bigbuy.tupique.com\/en\/wp-json\/wp\/v2\/types\/product"}],"replies":[{"embeddable":true,"href":"https:\/\/bigbuy.tupique.com\/en\/wp-json\/wp\/v2\/comments?post=54071"}],"wp:featuredmedia":[{"embeddable":true,"href":"https:\/\/bigbuy.tupique.com\/en\/wp-json\/wp\/v2\/media\/181036"}],"wp:attachment":[{"href":"https:\/\/bigbuy.tupique.com\/en\/wp-json\/wp\/v2\/media?parent=54071"}],"wp:term":[{"taxonomy":"product_brand","embeddable":true,"href":"https:\/\/bigbuy.tupique.com\/en\/wp-json\/wp\/v2\/product_brand?post=54071"},{"taxonomy":"product_cat","embeddable":true,"href":"https:\/\/bigbuy.tupique.com\/en\/wp-json\/wp\/v2\/product_cat?post=54071"},{"taxonomy":"product_tag","embeddable":true,"href":"https:\/\/bigbuy.tupique.com\/en\/wp-json\/wp\/v2\/product_tag?post=54071"}],"curies":[{"name":"wp","href":"https:\/\/api.w.org\/{rel}","templated":true}]}}