{"id":53727,"date":"2026-03-31T06:43:56","date_gmt":"2026-03-31T05:43:56","guid":{"rendered":"https:\/\/bigbuy.tupique.com\/produto\/tablet-apple-ipad-2025-11-128-gb-silver-a14-bionic-6-gb-ram\/"},"modified":"2026-05-11T19:55:33","modified_gmt":"2026-05-11T17:55:33","slug":"tablet-apple-ipad-2025-11-128-gb-silver-a14-bionic-6-gb-ram","status":"publish","type":"product","link":"https:\/\/bigbuy.tupique.com\/en\/produto\/tablet-apple-ipad-2025-11-128-gb-silver-a14-bionic-6-gb-ram\/","title":{"rendered":"Tablette Apple iPad 2025 11&#8243; 128 GB Argent\u00e9 A14 Bionic 6 GB RAM"},"content":{"rendered":"<p>Si vous \u00eates passionn\u00e9 d&#8217;<b>informatique et d&#8217;\u00e9lectronique<\/b>, si vous \u00eates \u00e0 la pointe de la technologie et qu&#8217;aucun d\u00e9tail ne vous \u00e9chappe, achetez <b>Tablette Apple iPad 2025 11&#8243; 128 GB Argent\u00e9 A14 Bionic 6 GB RAM<\/b> au meilleur prix.<\/p>\n<p>L\u2019<b>iPad 2025<\/b> d\u2019Apple est une <b>tablette<\/b> de derni\u00e8re g\u00e9n\u00e9ration qui allie puissance, polyvalence et design dans un format \u00e9l\u00e9gant avec une finition <b>argent\u00e9e<\/b>, con\u00e7ue pour les utilisateurs recherchant fluidit\u00e9 aussi bien au travail qu\u2019en loisirs. Dot\u00e9e d\u2019un large <b>\u00e9cran de 11 pouces<\/b>, elle offre une exp\u00e9rience visuelle confortable pour la navigation, l\u2019\u00e9dition de contenus et la consommation multim\u00e9dia, garantissant des images nettes et des couleurs \u00e9clatantes. Elle dispose de <b>128 Go de capacit\u00e9 de stockage<\/b>, permettant de sauvegarder applications, documents, photos et vid\u00e9os sans souci d\u2019espace, tandis que ses <b>6 Go de m\u00e9moire RAM<\/b> assurent un multit\u00e2che fluide et une r\u00e9activit\u00e9 optimale m\u00eame avec des applications exigeantes. Elle int\u00e8gre la connectivit\u00e9 <b>Wi-Fi<\/b> pour une connexion Internet stable et un port <b>USB-C<\/b> facilitant le transfert de donn\u00e9es, la recharge et la connexion d\u2019accessoires, offrant une compatibilit\u00e9 maximale avec les appareils actuels. L\u2019appareil photo <b>arri\u00e8re de 12 m\u00e9gapixels<\/b> garantit une qualit\u00e9 adapt\u00e9e \u00e0 la photographie comme aux appels vid\u00e9o, capturant images et vid\u00e9os avec un niveau de d\u00e9tail adapt\u00e9 \u00e0 un usage professionnel ou personnel. De plus, l\u2019iPad 2025 est compatible avec les accessoires officiels Apple tels que l\u2019Apple Pencil et les claviers, augmentant ses possibilit\u00e9s pour prendre des notes, dessiner ou travailler efficacement partout. L\u2019ensemble est aliment\u00e9 via le <b>secteur<\/b> et se distingue par sa portabilit\u00e9 et son autonomie optimis\u00e9e, r\u00e9pondant aux besoins des utilisateurs modernes. En r\u00e9sum\u00e9, ce mod\u00e8le incarne l\u2019engagement d\u2019Apple dans le segment des tablettes avanc\u00e9es, combinant technologie de pointe et facilit\u00e9 d\u2019utilisation dans un appareil robuste et moderne.<\/p>\n<ul>\n<li>Type: Tablette<\/li>\n<li>Produit \u00e0 brancher: Oui<\/li>\n<li>Type de prise: Prise EU<\/li>\n<li>Bloc d\u2019Alimentation: r\u00e9seau \u00e9lectrique<\/li>\n<li>Connexions: USB-C<\/li>\n<li>Cam\u00e9ra\/Appareil Photo: 12 mpx<\/li>\n<li>Syst\u00e8me d&#8217;exploitation: iPadOS<\/li>\n<li>Capacit\u00e9 de la batterie: 8500 mAh<\/li>\n<li>Ecran: 11&#8243;<\/li>\n<li>M\u00e9moire interne: 128 GB<\/li>\n<li>Couleur: Argent\u00e9<\/li>\n<li>Connectivit\u00e9: Wi-Fi<\/li>\n<li>R\u00e9solution: 2732 x 2048 px<\/li>\n<li>Inclut:\n<ul>\n<li>Chargeur<\/li>\n<li>Manuel de l&#8217;utilisateur<\/li>\n<\/ul>\n<\/li>\n<li>Processeur: A14 Bionic<\/li>\n<li>M\u00e9moire RAM: 6 GB RAM<\/li>\n<li>Noyaux: 8 Noyaux<\/li>\n<li>Diagonale de l&#8217;\u00e9cran (cm): 27,9 cm<\/li>\n<li>R\u00e9solution (px): 2388 X 1668 PX<\/li>\n<li>Type de stockage: Flash<\/li>\n<\/ul>","protected":false},"excerpt":{"rendered":"<p>Si vous \u00eates passionn\u00e9 d&#8217;informatique et d&#8217;\u00e9lectronique, si vous \u00eates \u00e0 la pointe de la technologie et qu&#8217;aucun d\u00e9tail ne vous \u00e9chappe, achetez Tablette Apple iPad 2025 11&#8243; 128 GB Argent\u00e9 A14 Bionic 6 GB RAM au meilleur prix. L\u2019iPad 2025 d\u2019Apple est une tablette de derni\u00e8re g\u00e9n\u00e9ration qui allie puissance, polyvalence et design dans [&hellip;]<\/p>\n","protected":false},"featured_media":179797,"comment_status":"open","ping_status":"closed","template":"","meta":[],"product_brand":[979],"product_cat":[575,65,1052],"product_tag":[566,106],"class_list":{"0":"post-53727","1":"product","2":"type-product","3":"status-publish","4":"has-post-thumbnail","6":"product_brand-brandp_533","7":"product_cat-electronique-telephonie-et-tablettes","8":"product_cat-informatique-electronique","9":"product_cat-tablettes","10":"product_tag-tag_547","11":"product_tag-tag_1295","13":"first","14":"instock","15":"taxable","16":"shipping-taxable","17":"purchasable","18":"product-type-simple"},"_links":{"self":[{"href":"https:\/\/bigbuy.tupique.com\/en\/wp-json\/wp\/v2\/product\/53727","targetHints":{"allow":["GET"]}}],"collection":[{"href":"https:\/\/bigbuy.tupique.com\/en\/wp-json\/wp\/v2\/product"}],"about":[{"href":"https:\/\/bigbuy.tupique.com\/en\/wp-json\/wp\/v2\/types\/product"}],"replies":[{"embeddable":true,"href":"https:\/\/bigbuy.tupique.com\/en\/wp-json\/wp\/v2\/comments?post=53727"}],"wp:featuredmedia":[{"embeddable":true,"href":"https:\/\/bigbuy.tupique.com\/en\/wp-json\/wp\/v2\/media\/179797"}],"wp:attachment":[{"href":"https:\/\/bigbuy.tupique.com\/en\/wp-json\/wp\/v2\/media?parent=53727"}],"wp:term":[{"taxonomy":"product_brand","embeddable":true,"href":"https:\/\/bigbuy.tupique.com\/en\/wp-json\/wp\/v2\/product_brand?post=53727"},{"taxonomy":"product_cat","embeddable":true,"href":"https:\/\/bigbuy.tupique.com\/en\/wp-json\/wp\/v2\/product_cat?post=53727"},{"taxonomy":"product_tag","embeddable":true,"href":"https:\/\/bigbuy.tupique.com\/en\/wp-json\/wp\/v2\/product_tag?post=53727"}],"curies":[{"name":"wp","href":"https:\/\/api.w.org\/{rel}","templated":true}]}}