{"id":52906,"date":"2026-03-31T05:20:20","date_gmt":"2026-03-31T04:20:20","guid":{"rendered":"https:\/\/bigbuy.tupique.com\/produto\/washing-machine-samsung\/"},"modified":"2026-04-15T05:48:30","modified_gmt":"2026-04-15T04:48:30","slug":"washing-machine-samsung","status":"publish","type":"product","link":"https:\/\/bigbuy.tupique.com\/en\/produto\/washing-machine-samsung\/","title":{"rendered":"Machine \u00e0 laver Samsung"},"content":{"rendered":"<p>Si vous \u00eates \u00e0 la recherche de nouvelles tendances sur le march\u00e9, nous vous pr\u00e9sentons <b>Machine \u00e0 laver Samsung<\/b> !<\/p>\n<ul>\n<li>Type d&#8217;installation: Sous le plan de travail<\/li>\n<li>Produit \u00e0 brancher: Oui<\/li>\n<li>Langue: Espagnol<\/li>\n<li>Bloc d\u2019Alimentation: r\u00e9seau \u00e9lectrique<\/li>\n<li>Classification \u00e9nerg\u00e9tique: A<\/li>\n<li>Couleur: Noir<\/li>\n<li>Caract\u00e9ristiques:\n<ul>\n<li>Verrouillage pour enfants<\/li>\n<li>\u00c9cran integr\u00e9<\/li>\n<li>Commande tactile<\/li>\n<li>Temp\u00e9rature r\u00e9glable<\/li>\n<\/ul>\n<\/li>\n<li>Connectivit\u00e9: Wi-Fi<\/li>\n<li>Type de charge: Frontal<\/li>\n<li>Fr\u00e9quence: 50 Hz<\/li>\n<li>Tension: 220-240 V<\/li>\n<li>vitesse: 1000 rpm<\/li>\n<\/ul>","protected":false},"excerpt":{"rendered":"<p>Si vous \u00eates \u00e0 la recherche de nouvelles tendances sur le march\u00e9, nous vous pr\u00e9sentons Machine \u00e0 laver Samsung ! Type d&#8217;installation: Sous le plan de travail Produit \u00e0 brancher: Oui Langue: Espagnol Bloc d\u2019Alimentation: r\u00e9seau \u00e9lectrique Classification \u00e9nerg\u00e9tique: A Couleur: Noir Caract\u00e9ristiques: Verrouillage pour enfants \u00c9cran integr\u00e9 Commande tactile Temp\u00e9rature r\u00e9glable Connectivit\u00e9: Wi-Fi Type [&hellip;]<\/p>\n","protected":false},"featured_media":52892,"comment_status":"open","ping_status":"closed","template":"","meta":[],"product_brand":[183],"product_cat":[239,240,751],"product_tag":[104],"class_list":{"0":"post-52906","1":"product","2":"type-product","3":"status-publish","4":"has-post-thumbnail","6":"product_brand-brandp_576","7":"product_cat-maison-jardin","8":"product_cat-nettoyage-aspirateur-et-repassage","9":"product_cat-seche-linge-fers-a-repasser-sechoirs","10":"product_tag-tag_1279","12":"first","13":"instock","14":"taxable","15":"shipping-taxable","16":"purchasable","17":"product-type-simple"},"_links":{"self":[{"href":"https:\/\/bigbuy.tupique.com\/en\/wp-json\/wp\/v2\/product\/52906","targetHints":{"allow":["GET"]}}],"collection":[{"href":"https:\/\/bigbuy.tupique.com\/en\/wp-json\/wp\/v2\/product"}],"about":[{"href":"https:\/\/bigbuy.tupique.com\/en\/wp-json\/wp\/v2\/types\/product"}],"replies":[{"embeddable":true,"href":"https:\/\/bigbuy.tupique.com\/en\/wp-json\/wp\/v2\/comments?post=52906"}],"wp:featuredmedia":[{"embeddable":true,"href":"https:\/\/bigbuy.tupique.com\/en\/wp-json\/wp\/v2\/media\/52892"}],"wp:attachment":[{"href":"https:\/\/bigbuy.tupique.com\/en\/wp-json\/wp\/v2\/media?parent=52906"}],"wp:term":[{"taxonomy":"product_brand","embeddable":true,"href":"https:\/\/bigbuy.tupique.com\/en\/wp-json\/wp\/v2\/product_brand?post=52906"},{"taxonomy":"product_cat","embeddable":true,"href":"https:\/\/bigbuy.tupique.com\/en\/wp-json\/wp\/v2\/product_cat?post=52906"},{"taxonomy":"product_tag","embeddable":true,"href":"https:\/\/bigbuy.tupique.com\/en\/wp-json\/wp\/v2\/product_tag?post=52906"}],"curies":[{"name":"wp","href":"https:\/\/api.w.org\/{rel}","templated":true}]}}