{"id":52708,"date":"2026-03-31T05:06:44","date_gmt":"2026-03-31T04:06:44","guid":{"rendered":"https:\/\/bigbuy.tupique.com\/produto\/compatible-toner-xerox-106r03760-cyan-1-unit\/"},"modified":"2026-04-14T23:51:37","modified_gmt":"2026-04-14T22:51:37","slug":"compatible-toner-xerox-106r03760-cyan-1-unit","status":"publish","type":"product","link":"https:\/\/bigbuy.tupique.com\/en\/produto\/compatible-toner-xerox-106r03760-cyan-1-unit\/","title":{"rendered":"Toner Compatible Xerox 106R03760 Cyan (1 Unit\u00e9s)"},"content":{"rendered":"<p>Si vous \u00eates passionn\u00e9 d&#8217;<b>informatique et d&#8217;\u00e9lectronique<\/b>, si vous \u00eates \u00e0 la pointe de la technologie et qu&#8217;aucun d\u00e9tail ne vous \u00e9chappe, achetez <b>Toner Compatible Xerox 106R03760 Cyan (1 Unit\u00e9s)<\/b> au meilleur prix.<\/p>\n<ul>\n<li>Type: Original<\/li>\n<li>Couleur: Cyan<\/li>\n<li>Unit\u00e9s: 1 Unit\u00e9<\/li>\n<li>Capacit\u00e9: 10100 Pages<\/li>\n<li>Mati\u00e8re: Plastique<\/li>\n<li>Ann\u00e9e: 2017<\/li>\n<li>Connexions: SATA<\/li>\n<li>Caract\u00e9ristiques: Original<\/li>\n<\/ul>","protected":false},"excerpt":{"rendered":"<p><span class=\"unit-info\">502.9900 &euro; \/ 1 unit<\/span><\/p>","protected":false},"featured_media":52707,"comment_status":"open","ping_status":"closed","template":"","meta":[],"product_brand":[631],"product_cat":[65,581,582],"product_tag":[213,106],"class_list":{"0":"post-52708","1":"product","2":"type-product","3":"status-publish","4":"has-post-thumbnail","6":"product_brand-brandp_922","7":"product_cat-informatique-electronique","8":"product_cat-informatique-peripheriques-et-consommables","9":"product_cat-toners-originaux","10":"product_tag-tag_933","11":"product_tag-tag_1295","13":"first","14":"instock","15":"taxable","16":"shipping-taxable","17":"purchasable","18":"product-type-simple"},"_links":{"self":[{"href":"https:\/\/bigbuy.tupique.com\/en\/wp-json\/wp\/v2\/product\/52708","targetHints":{"allow":["GET"]}}],"collection":[{"href":"https:\/\/bigbuy.tupique.com\/en\/wp-json\/wp\/v2\/product"}],"about":[{"href":"https:\/\/bigbuy.tupique.com\/en\/wp-json\/wp\/v2\/types\/product"}],"replies":[{"embeddable":true,"href":"https:\/\/bigbuy.tupique.com\/en\/wp-json\/wp\/v2\/comments?post=52708"}],"wp:featuredmedia":[{"embeddable":true,"href":"https:\/\/bigbuy.tupique.com\/en\/wp-json\/wp\/v2\/media\/52707"}],"wp:attachment":[{"href":"https:\/\/bigbuy.tupique.com\/en\/wp-json\/wp\/v2\/media?parent=52708"}],"wp:term":[{"taxonomy":"product_brand","embeddable":true,"href":"https:\/\/bigbuy.tupique.com\/en\/wp-json\/wp\/v2\/product_brand?post=52708"},{"taxonomy":"product_cat","embeddable":true,"href":"https:\/\/bigbuy.tupique.com\/en\/wp-json\/wp\/v2\/product_cat?post=52708"},{"taxonomy":"product_tag","embeddable":true,"href":"https:\/\/bigbuy.tupique.com\/en\/wp-json\/wp\/v2\/product_tag?post=52708"}],"curies":[{"name":"wp","href":"https:\/\/api.w.org\/{rel}","templated":true}]}}