{"id":52244,"date":"2026-03-31T04:24:53","date_gmt":"2026-03-31T03:24:53","guid":{"rendered":"https:\/\/bigbuy.tupique.com\/produto\/original-ink-cartridge-xerox-115r00127\/"},"modified":"2026-05-11T19:59:08","modified_gmt":"2026-05-11T17:59:08","slug":"original-ink-cartridge-xerox-115r00127","status":"publish","type":"product","link":"https:\/\/bigbuy.tupique.com\/en\/produto\/original-ink-cartridge-xerox-115r00127\/","title":{"rendered":"Cartouche d&#8217;encre originale Xerox 115R00127"},"content":{"rendered":"<p>Si vous \u00eates passionn\u00e9 d&#8217;<b>informatique et d&#8217;\u00e9lectronique<\/b>, si vous \u00eates \u00e0 la pointe de la technologie et qu&#8217;aucun d\u00e9tail ne vous \u00e9chappe, achetez <b>Cartouche d&#8217;encre originale Xerox 115R00127<\/b> au meilleur prix.<\/p>\n<ul>\n<li>Type:\n<ul>\n<li>Cartouche d&#8217;encre originale<\/li>\n<li>Ceinture<\/li>\n<\/ul>\n<\/li>\n<li>Poids: 3,5 kg<\/li>\n<\/ul>","protected":false},"excerpt":{"rendered":"<p>Si vous \u00eates passionn\u00e9 d&#8217;informatique et d&#8217;\u00e9lectronique, si vous \u00eates \u00e0 la pointe de la technologie et qu&#8217;aucun d\u00e9tail ne vous \u00e9chappe, achetez Cartouche d&#8217;encre originale Xerox 115R00127 au meilleur prix. Type: Cartouche d&#8217;encre originale Ceinture Poids: 3,5 kg<\/p>","protected":false},"featured_media":52243,"comment_status":"open","ping_status":"closed","template":"","meta":[],"product_brand":[631],"product_cat":[595,65,581],"product_tag":[213,106],"class_list":{"0":"post-52244","1":"product","2":"type-product","3":"status-publish","4":"has-post-thumbnail","6":"product_brand-brandp_922","7":"product_cat-cartouches-d-encre-originale","8":"product_cat-informatique-electronique","9":"product_cat-informatique-peripheriques-et-consommables","10":"product_tag-tag_933","11":"product_tag-tag_1295","13":"first","14":"instock","15":"taxable","16":"shipping-taxable","17":"purchasable","18":"product-type-simple"},"_links":{"self":[{"href":"https:\/\/bigbuy.tupique.com\/en\/wp-json\/wp\/v2\/product\/52244","targetHints":{"allow":["GET"]}}],"collection":[{"href":"https:\/\/bigbuy.tupique.com\/en\/wp-json\/wp\/v2\/product"}],"about":[{"href":"https:\/\/bigbuy.tupique.com\/en\/wp-json\/wp\/v2\/types\/product"}],"replies":[{"embeddable":true,"href":"https:\/\/bigbuy.tupique.com\/en\/wp-json\/wp\/v2\/comments?post=52244"}],"wp:featuredmedia":[{"embeddable":true,"href":"https:\/\/bigbuy.tupique.com\/en\/wp-json\/wp\/v2\/media\/52243"}],"wp:attachment":[{"href":"https:\/\/bigbuy.tupique.com\/en\/wp-json\/wp\/v2\/media?parent=52244"}],"wp:term":[{"taxonomy":"product_brand","embeddable":true,"href":"https:\/\/bigbuy.tupique.com\/en\/wp-json\/wp\/v2\/product_brand?post=52244"},{"taxonomy":"product_cat","embeddable":true,"href":"https:\/\/bigbuy.tupique.com\/en\/wp-json\/wp\/v2\/product_cat?post=52244"},{"taxonomy":"product_tag","embeddable":true,"href":"https:\/\/bigbuy.tupique.com\/en\/wp-json\/wp\/v2\/product_tag?post=52244"}],"curies":[{"name":"wp","href":"https:\/\/api.w.org\/{rel}","templated":true}]}}