{"id":51978,"date":"2026-03-31T03:56:45","date_gmt":"2026-03-31T02:56:45","guid":{"rendered":"https:\/\/bigbuy.tupique.com\/produto\/surveillance-camcorder-axis-02942-001\/"},"modified":"2026-05-11T20:00:29","modified_gmt":"2026-05-11T18:00:29","slug":"surveillance-camcorder-axis-02942-001","status":"publish","type":"product","link":"https:\/\/bigbuy.tupique.com\/en\/produto\/surveillance-camcorder-axis-02942-001\/","title":{"rendered":"Camescope de surveillance Axis 02942-001"},"content":{"rendered":"<p>Si vous \u00eates \u00e0 la recherche de nouvelles tendances sur le march\u00e9, nous vous pr\u00e9sentons <b>Camescope de surveillance Axis 02942-001<\/b> !<\/p>\n<ul>\n<li>Type:\n<ul>\n<li>Cam\u00e9scope<\/li>\n<li>Avec fil<\/li>\n<li>Cam\u00e9ra de s\u00e9curit\u00e9 IP<\/li>\n<\/ul>\n<\/li>\n<li>Couleur:\n<ul>\n<li>Blanc<\/li>\n<li>Noir<\/li>\n<\/ul>\n<\/li>\n<li>Connexions:\n<ul>\n<li>Ethernet LAN<\/li>\n<li>PoE x 1<\/li>\n<li>USB<\/li>\n<li>RJ45<\/li>\n<\/ul>\n<\/li>\n<li>Cam\u00e9ra\/Appareil Photo: 5 Mp<\/li>\n<li>Caract\u00e9ristiques:\n<ul>\n<li>Contr\u00f4le de l&#8217;inclinaison<\/li>\n<li>R\u00e9duction du bruit<\/li>\n<li>Lecteur de Cartes<\/li>\n<li>T\u00e9moin de fonctionnement LED<\/li>\n<\/ul>\n<\/li>\n<li>Montage: Plafond<\/li>\n<li>Nombre de cam\u00e9ras: 1<\/li>\n<li>Classification IP: IP66<\/li>\n<li>Poids approx.: 4 Kg<\/li>\n<li>Fonctions: Prot\u00e8ge la vie priv\u00e9e<\/li>\n<li>Cartes M\u00e9moire Compatibles: MicroSD (TransFlash),MicroSDHC,MicroSDXC<\/li>\n<\/ul>","protected":false},"excerpt":{"rendered":"<p>Si vous \u00eates \u00e0 la recherche de nouvelles tendances sur le march\u00e9, nous vous pr\u00e9sentons Camescope de surveillance Axis 02942-001 ! Type: Cam\u00e9scope Avec fil Cam\u00e9ra de s\u00e9curit\u00e9 IP Couleur: Blanc Noir Connexions: Ethernet LAN PoE x 1 USB RJ45 Cam\u00e9ra\/Appareil Photo: 5 Mp Caract\u00e9ristiques: Contr\u00f4le de l&#8217;inclinaison R\u00e9duction du bruit Lecteur de Cartes T\u00e9moin [&hellip;]<\/p>\n","protected":false},"featured_media":51970,"comment_status":"open","ping_status":"closed","template":"","meta":[],"product_brand":[645],"product_cat":[580,239,579],"product_tag":[567,210],"class_list":{"0":"post-51978","1":"product","2":"type-product","3":"status-publish","4":"has-post-thumbnail","6":"product_brand-brandp_4776","7":"product_cat-cameras-de-surveillance-video","8":"product_cat-maison-jardin","9":"product_cat-securite-a-la-maison","10":"product_tag-tag_556","11":"product_tag-tag_25","13":"first","14":"instock","15":"taxable","16":"shipping-taxable","17":"purchasable","18":"product-type-simple"},"_links":{"self":[{"href":"https:\/\/bigbuy.tupique.com\/en\/wp-json\/wp\/v2\/product\/51978","targetHints":{"allow":["GET"]}}],"collection":[{"href":"https:\/\/bigbuy.tupique.com\/en\/wp-json\/wp\/v2\/product"}],"about":[{"href":"https:\/\/bigbuy.tupique.com\/en\/wp-json\/wp\/v2\/types\/product"}],"replies":[{"embeddable":true,"href":"https:\/\/bigbuy.tupique.com\/en\/wp-json\/wp\/v2\/comments?post=51978"}],"wp:featuredmedia":[{"embeddable":true,"href":"https:\/\/bigbuy.tupique.com\/en\/wp-json\/wp\/v2\/media\/51970"}],"wp:attachment":[{"href":"https:\/\/bigbuy.tupique.com\/en\/wp-json\/wp\/v2\/media?parent=51978"}],"wp:term":[{"taxonomy":"product_brand","embeddable":true,"href":"https:\/\/bigbuy.tupique.com\/en\/wp-json\/wp\/v2\/product_brand?post=51978"},{"taxonomy":"product_cat","embeddable":true,"href":"https:\/\/bigbuy.tupique.com\/en\/wp-json\/wp\/v2\/product_cat?post=51978"},{"taxonomy":"product_tag","embeddable":true,"href":"https:\/\/bigbuy.tupique.com\/en\/wp-json\/wp\/v2\/product_tag?post=51978"}],"curies":[{"name":"wp","href":"https:\/\/api.w.org\/{rel}","templated":true}]}}