{"id":51830,"date":"2026-03-31T03:39:46","date_gmt":"2026-03-31T02:39:46","guid":{"rendered":"https:\/\/bigbuy.tupique.com\/produto\/scanner-epson-ds-c490\/"},"modified":"2026-04-15T01:26:14","modified_gmt":"2026-04-15T00:26:14","slug":"scanner-epson-ds-c490","status":"publish","type":"product","link":"https:\/\/bigbuy.tupique.com\/en\/produto\/scanner-epson-ds-c490\/","title":{"rendered":"Scanner Epson DS-C490"},"content":{"rendered":"<p>Si vous \u00eates passionn\u00e9 d&#8217;<b>informatique et d&#8217;\u00e9lectronique<\/b>, si vous \u00eates \u00e0 la pointe de la technologie et qu&#8217;aucun d\u00e9tail ne vous \u00e9chappe, achetez <b>Scanner Epson DS-C490<\/b> au meilleur prix.<\/p>\n<p>Le <b>scanner DS-C490<\/b> d\u2019<b>Epson<\/b> est un appareil professionnel con\u00e7u pour num\u00e9riser des documents avec efficacit\u00e9 et qualit\u00e9, id\u00e9al pour les environnements de bureau n\u00e9cessitant un flux de travail continu. Il offre une taille maximale de num\u00e9risation de <b>215,9 x 5588 mm<\/b>, permettant de capturer des formats standard comme le <b>A4<\/b> jusqu\u2019\u00e0 des documents plus longs, avec une r\u00e9solution optique de <b>600 x 600 dpi<\/b> garantissant des images nettes et d\u00e9taill\u00e9es. Il est \u00e9quip\u00e9 d\u2019un chargeur automatique de documents (<b>ADF<\/b>) capable de g\u00e9rer une capacit\u00e9 standard de <b>20 feuilles<\/b>, facilitant la num\u00e9risation rapide et successive de plusieurs pages, et prend en charge diff\u00e9rents types de supports tels que cartes de visite, cartes plastiques et cartes postales. Sa profondeur de couleur de <b>30 bits<\/b> contribue \u00e0 des r\u00e9sultats pr\u00e9cis en reproduction des couleurs, assurant la fid\u00e9lit\u00e9 lors de la num\u00e9risation d\u2019images et documents en couleur. Le scanner dispose d\u2019une interface de connexion <b>USB 2.0<\/b>, offrant une connectivit\u00e9 stable et compatible avec la plupart des \u00e9quipements modernes. C\u00f4t\u00e9 design, il combine une finition en <b>noir et blanc<\/b> et un syst\u00e8me de contr\u00f4le par boutons, simplifiant son utilisation directe. Le syst\u00e8me d\u2019\u00e9clairage ReadyScan LED permet une num\u00e9risation rapide sans temps de chauffe ni consommation excessive d\u2019\u00e9nergie. De plus, il facilite l\u2019envoi des documents num\u00e9ris\u00e9s directement vers diverses destinations comme e-mail, dossiers r\u00e9seau ou serveurs FTP, ainsi que l\u2019impression directe, optimisant le flux documentaire au bureau. Avec un cycle de travail quotidien maximal estim\u00e9 \u00e0 <b>6500 pages<\/b>, il est con\u00e7u pour supporter des charges de travail intensives sans usure rapide, soulignant sa fiabilit\u00e9 et durabilit\u00e9. Ce mod\u00e8le se positionne comme une solution robuste et polyvalente pour les entreprises ayant besoin de num\u00e9riser rapidement et avec qualit\u00e9 des documents vari\u00e9s dans une gamme standard de formats, avec une connectivit\u00e9 simple et efficace.<\/p>\n<ul>\n<li>Type: Scanner<\/li>\n<li>Produit \u00e0 brancher: Oui<\/li>\n<li>Type de prise: Prise EU<\/li>\n<li>Bloc d\u2019Alimentation:\n<ul>\n<li>r\u00e9seau \u00e9lectrique<\/li>\n<li>CA<\/li>\n<\/ul>\n<\/li>\n<li>Couleur:\n<ul>\n<li>Blanc<\/li>\n<li>Noir<\/li>\n<\/ul>\n<\/li>\n<li>Connexions:\n<ul>\n<li>USB 2.0<\/li>\n<li>USB<\/li>\n<\/ul>\n<\/li>\n<li>R\u00e9solution d&#8217;image maximale: 600 x 600 dpi<\/li>\n<li>Tension d&#8217;entr\u00e9e AC: 100 &#8211; 240 V<\/li>\n<li>\u00c9cran integr\u00e9: Non<\/li>\n<li>Taille: A4<\/li>\n<li>Technologie: LED<\/li>\n<li>Scanner: 600 x 600 dpi<\/li>\n<li>Entr\u00e9e AC: 100-240 V<\/li>\n<li>Papier:\n<ul>\n<li>A4<\/li>\n<li>B5<\/li>\n<\/ul>\n<\/li>\n<li>Connectivit\u00e9: Ethernet LAN<\/li>\n<li>Caract\u00e9ristiques: Scanner Double Face<\/li>\n<li>Type de commande: Boutons<\/li>\n<li>Poids: 1,9 Kg<\/li>\n<li>Compatible: PC<\/li>\n<\/ul>","protected":false},"excerpt":{"rendered":"<p>Si vous \u00eates passionn\u00e9 d&#8217;informatique et d&#8217;\u00e9lectronique, si vous \u00eates \u00e0 la pointe de la technologie et qu&#8217;aucun d\u00e9tail ne vous \u00e9chappe, achetez Scanner Epson DS-C490 au meilleur prix. Le scanner DS-C490 d\u2019Epson est un appareil professionnel con\u00e7u pour num\u00e9riser des documents avec efficacit\u00e9 et qualit\u00e9, id\u00e9al pour les environnements de bureau n\u00e9cessitant un flux [&hellip;]<\/p>\n","protected":false},"featured_media":51819,"comment_status":"open","ping_status":"closed","template":"","meta":[],"product_brand":[632],"product_cat":[65,581,587],"product_tag":[213,106],"class_list":{"0":"post-51830","1":"product","2":"type-product","3":"status-publish","4":"has-post-thumbnail","6":"product_brand-brandp_547","7":"product_cat-informatique-electronique","8":"product_cat-informatique-peripheriques-et-consommables","9":"product_cat-scanners","10":"product_tag-tag_933","11":"product_tag-tag_1295","13":"first","14":"instock","15":"taxable","16":"shipping-taxable","17":"purchasable","18":"product-type-simple"},"_links":{"self":[{"href":"https:\/\/bigbuy.tupique.com\/en\/wp-json\/wp\/v2\/product\/51830","targetHints":{"allow":["GET"]}}],"collection":[{"href":"https:\/\/bigbuy.tupique.com\/en\/wp-json\/wp\/v2\/product"}],"about":[{"href":"https:\/\/bigbuy.tupique.com\/en\/wp-json\/wp\/v2\/types\/product"}],"replies":[{"embeddable":true,"href":"https:\/\/bigbuy.tupique.com\/en\/wp-json\/wp\/v2\/comments?post=51830"}],"wp:featuredmedia":[{"embeddable":true,"href":"https:\/\/bigbuy.tupique.com\/en\/wp-json\/wp\/v2\/media\/51819"}],"wp:attachment":[{"href":"https:\/\/bigbuy.tupique.com\/en\/wp-json\/wp\/v2\/media?parent=51830"}],"wp:term":[{"taxonomy":"product_brand","embeddable":true,"href":"https:\/\/bigbuy.tupique.com\/en\/wp-json\/wp\/v2\/product_brand?post=51830"},{"taxonomy":"product_cat","embeddable":true,"href":"https:\/\/bigbuy.tupique.com\/en\/wp-json\/wp\/v2\/product_cat?post=51830"},{"taxonomy":"product_tag","embeddable":true,"href":"https:\/\/bigbuy.tupique.com\/en\/wp-json\/wp\/v2\/product_tag?post=51830"}],"curies":[{"name":"wp","href":"https:\/\/api.w.org\/{rel}","templated":true}]}}