{"id":51803,"date":"2026-03-31T03:38:49","date_gmt":"2026-03-31T02:38:49","guid":{"rendered":"https:\/\/bigbuy.tupique.com\/produto\/wall-mounted-rack-cabinet-apc-er8212\/"},"modified":"2026-04-16T08:04:58","modified_gmt":"2026-04-16T07:04:58","slug":"wall-mounted-rack-cabinet-apc-er8212","status":"publish","type":"product","link":"https:\/\/bigbuy.tupique.com\/en\/produto\/wall-mounted-rack-cabinet-apc-er8212\/","title":{"rendered":"Armoire Murale Rack APC ER8212"},"content":{"rendered":"<p>Si vous \u00eates passionn\u00e9 d&#8217;<b>informatique et d&#8217;\u00e9lectronique<\/b>, si vous \u00eates \u00e0 la pointe de la technologie et qu&#8217;aucun d\u00e9tail ne vous \u00e9chappe, achetez <b>Armoire Murale Rack APC ER8212<\/b> au meilleur prix.<\/p>\n<ul>\n<li>Largeur: 80 cm<\/li>\n<li>Caract\u00e9ristiques: De Sol<\/li>\n<li>Compatible: 19&#8243;<\/li>\n<li>Type: Rangement<\/li>\n<li>Couleur: Noir<\/li>\n<li>Profondeur: 1100 mm<\/li>\n<li>Capacit\u00e9: 42 uds<\/li>\n<li>Taille: 19&#8243;<\/li>\n<\/ul>","protected":false},"excerpt":{"rendered":"<p>Si vous \u00eates passionn\u00e9 d&#8217;informatique et d&#8217;\u00e9lectronique, si vous \u00eates \u00e0 la pointe de la technologie et qu&#8217;aucun d\u00e9tail ne vous \u00e9chappe, achetez Armoire Murale Rack APC ER8212 au meilleur prix. Largeur: 80 cm Caract\u00e9ristiques: De Sol Compatible: 19&#8243; Type: Rangement Couleur: Noir Profondeur: 1100 mm Capacit\u00e9: 42 uds Taille: 19&#8243;<\/p>","protected":false},"featured_media":51796,"comment_status":"open","ping_status":"closed","template":"","meta":[],"product_brand":[649],"product_cat":[605,65,584],"product_tag":[106],"class_list":{"0":"post-51803","1":"product","2":"type-product","3":"status-publish","4":"has-post-thumbnail","6":"product_brand-brandp_532","7":"product_cat-armoires-rack","8":"product_cat-informatique-electronique","9":"product_cat-informatique-reseaux-et-composants","10":"product_tag-tag_1295","12":"first","13":"instock","14":"taxable","15":"shipping-taxable","16":"purchasable","17":"product-type-simple"},"_links":{"self":[{"href":"https:\/\/bigbuy.tupique.com\/en\/wp-json\/wp\/v2\/product\/51803","targetHints":{"allow":["GET"]}}],"collection":[{"href":"https:\/\/bigbuy.tupique.com\/en\/wp-json\/wp\/v2\/product"}],"about":[{"href":"https:\/\/bigbuy.tupique.com\/en\/wp-json\/wp\/v2\/types\/product"}],"replies":[{"embeddable":true,"href":"https:\/\/bigbuy.tupique.com\/en\/wp-json\/wp\/v2\/comments?post=51803"}],"wp:featuredmedia":[{"embeddable":true,"href":"https:\/\/bigbuy.tupique.com\/en\/wp-json\/wp\/v2\/media\/51796"}],"wp:attachment":[{"href":"https:\/\/bigbuy.tupique.com\/en\/wp-json\/wp\/v2\/media?parent=51803"}],"wp:term":[{"taxonomy":"product_brand","embeddable":true,"href":"https:\/\/bigbuy.tupique.com\/en\/wp-json\/wp\/v2\/product_brand?post=51803"},{"taxonomy":"product_cat","embeddable":true,"href":"https:\/\/bigbuy.tupique.com\/en\/wp-json\/wp\/v2\/product_cat?post=51803"},{"taxonomy":"product_tag","embeddable":true,"href":"https:\/\/bigbuy.tupique.com\/en\/wp-json\/wp\/v2\/product_tag?post=51803"}],"curies":[{"name":"wp","href":"https:\/\/api.w.org\/{rel}","templated":true}]}}