{"id":51681,"date":"2026-03-31T03:22:13","date_gmt":"2026-03-31T02:22:13","guid":{"rendered":"https:\/\/bigbuy.tupique.com\/produto\/switch-cisco-c1200-24p-4g\/"},"modified":"2026-04-16T12:05:51","modified_gmt":"2026-04-16T11:05:51","slug":"switch-cisco-c1200-24p-4g","status":"publish","type":"product","link":"https:\/\/bigbuy.tupique.com\/en\/produto\/switch-cisco-c1200-24p-4g\/","title":{"rendered":"Switch CISCO C1200-24P-4G"},"content":{"rendered":"<p>Si vous \u00eates passionn\u00e9 d&#8217;<b>informatique et d&#8217;\u00e9lectronique<\/b>, si vous \u00eates \u00e0 la pointe de la technologie et qu&#8217;aucun d\u00e9tail ne vous \u00e9chappe, achetez <b>Switch CISCO C1200-24P-4G<\/b> au meilleur prix.<\/p>\n<p>Le <b>Cisco Catalyst 1200 C1200-24P-4G<\/b> est un <b>switch manageable<\/b> con\u00e7u pour offrir des solutions de connectivit\u00e9 robustes dans les environnements professionnels et les r\u00e9seaux locaux. Cet appareil de la marque reconnue <b>CISCO<\/b> pr\u00e9sente un facteur de forme compact de <b>1U pour montage en rack<\/b>, avec un design en <b>blanc<\/b> facilitant son int\u00e9gration dans les espaces techniques. \u00c9quip\u00e9 de <b>28 ports Gigabit Ethernet (10\/100\/1000) RJ-45<\/b>, il prend en charge la commutation de donn\u00e9es \u00e0 haute vitesse ainsi que l\u2019alimentation via <b>PoE (Power over Ethernet)<\/b>, avec au moins <b>1 port PoE<\/b> pour alimenter des dispositifs connect\u00e9s tels que cam\u00e9ras IP ou points d\u2019acc\u00e8s sans fil sans source externe. Sa technologie avanc\u00e9e inclut une m\u00e9moire <b>DDR4 SDRAM<\/b> et une <b>capacit\u00e9 de commutation jusqu\u2019\u00e0 56 Gbit\/s<\/b>, garantissant des performances stables et efficaces dans la gestion du trafic r\u00e9seau. Il supporte \u00e9galement les standards essentiels comme <b>IEEE 802.1D, 802.1Q, 802.1p, 802.1s, 802.1w, 802.1x, 802.3ad<\/b> et d\u2019autres protocoles li\u00e9s \u00e0 la qualit\u00e9 de service, la segmentation s\u00e9curis\u00e9e, la redondance et l\u2019authentification, s\u2019adaptant aux besoins sp\u00e9cifiques des r\u00e9seaux d\u2019entreprise avanc\u00e9s. L\u2019\u00e9quipement dispose d\u2019un <b>port console compatible RJ-45 et USB Type-C<\/b>, facilitant la configuration et la maintenance. Sa plage de tension d\u2019entr\u00e9e est de <b>100-240 V<\/b>, permettant une installation polyvalente \u00e0 l\u2019\u00e9chelle mondiale. Le Cisco Catalyst 1200 C1200-24P-4G est ainsi une solution compl\u00e8te alliant capacit\u00e9, s\u00e9curit\u00e9 et flexibilit\u00e9 pour des infrastructures r\u00e9seau exigeant fiabilit\u00e9 et gestion avanc\u00e9e. Ce mod\u00e8le constitue une option solide pour les entreprises recherchant un switch de couche 2 avec des fonctionnalit\u00e9s professionnelles et une qualit\u00e9 reconnue.<\/p>\n<ul>\n<li>Produit \u00e0 brancher: Oui<\/li>\n<li>Type de prise: Prise EU<\/li>\n<li>Type: Switch<\/li>\n<li>Bloc d\u2019Alimentation: r\u00e9seau \u00e9lectrique<\/li>\n<li>Couleur: Blanc<\/li>\n<li>Connexions: PoE x 1<\/li>\n<li>Tension: 100-240 V<\/li>\n<li>Fr\u00e9quence: 50-60 Hz<\/li>\n<\/ul>","protected":false},"excerpt":{"rendered":"<p>Si vous \u00eates passionn\u00e9 d&#8217;informatique et d&#8217;\u00e9lectronique, si vous \u00eates \u00e0 la pointe de la technologie et qu&#8217;aucun d\u00e9tail ne vous \u00e9chappe, achetez Switch CISCO C1200-24P-4G au meilleur prix. Le Cisco Catalyst 1200 C1200-24P-4G est un switch manageable con\u00e7u pour offrir des solutions de connectivit\u00e9 robustes dans les environnements professionnels et les r\u00e9seaux locaux. Cet [&hellip;]<\/p>\n","protected":false},"featured_media":193375,"comment_status":"open","ping_status":"closed","template":"","meta":[],"product_brand":[656],"product_cat":[65,584,585],"product_tag":[106],"class_list":{"0":"post-51681","1":"product","2":"type-product","3":"status-publish","4":"has-post-thumbnail","6":"product_brand-brandp_1036","7":"product_cat-informatique-electronique","8":"product_cat-informatique-reseaux-et-composants","9":"product_cat-switch","10":"product_tag-tag_1295","12":"first","13":"instock","14":"taxable","15":"shipping-taxable","16":"purchasable","17":"product-type-simple"},"_links":{"self":[{"href":"https:\/\/bigbuy.tupique.com\/en\/wp-json\/wp\/v2\/product\/51681","targetHints":{"allow":["GET"]}}],"collection":[{"href":"https:\/\/bigbuy.tupique.com\/en\/wp-json\/wp\/v2\/product"}],"about":[{"href":"https:\/\/bigbuy.tupique.com\/en\/wp-json\/wp\/v2\/types\/product"}],"replies":[{"embeddable":true,"href":"https:\/\/bigbuy.tupique.com\/en\/wp-json\/wp\/v2\/comments?post=51681"}],"wp:featuredmedia":[{"embeddable":true,"href":"https:\/\/bigbuy.tupique.com\/en\/wp-json\/wp\/v2\/media\/193375"}],"wp:attachment":[{"href":"https:\/\/bigbuy.tupique.com\/en\/wp-json\/wp\/v2\/media?parent=51681"}],"wp:term":[{"taxonomy":"product_brand","embeddable":true,"href":"https:\/\/bigbuy.tupique.com\/en\/wp-json\/wp\/v2\/product_brand?post=51681"},{"taxonomy":"product_cat","embeddable":true,"href":"https:\/\/bigbuy.tupique.com\/en\/wp-json\/wp\/v2\/product_cat?post=51681"},{"taxonomy":"product_tag","embeddable":true,"href":"https:\/\/bigbuy.tupique.com\/en\/wp-json\/wp\/v2\/product_tag?post=51681"}],"curies":[{"name":"wp","href":"https:\/\/api.w.org\/{rel}","templated":true}]}}