{"id":51666,"date":"2026-03-31T03:21:35","date_gmt":"2026-03-31T02:21:35","guid":{"rendered":"https:\/\/bigbuy.tupique.com\/produto\/raid-controller-card-qnap-tsh1277axurpr516g\/"},"modified":"2026-04-16T10:06:03","modified_gmt":"2026-04-16T09:06:03","slug":"raid-controller-card-qnap-tsh1277axurpr516g","status":"publish","type":"product","link":"https:\/\/bigbuy.tupique.com\/en\/produto\/raid-controller-card-qnap-tsh1277axurpr516g\/","title":{"rendered":"Carte de contr\u00f4leur RAID Qnap TSH1277AXURPR516G"},"content":{"rendered":"<p>Si vous \u00eates passionn\u00e9 d&#8217;<b>informatique et d&#8217;\u00e9lectronique<\/b>, si vous \u00eates \u00e0 la pointe de la technologie et qu&#8217;aucun d\u00e9tail ne vous \u00e9chappe, achetez <b>Carte de contr\u00f4leur RAID Qnap TSH1277AXURPR516G<\/b> au meilleur prix.<\/p>\n<ul>\n<li>Couleur: Noir<\/li>\n<li>Syst\u00e8me d&#8217;exploitation:\n<ul>\n<li>Windows 10<\/li>\n<li>Windows 7<\/li>\n<li>Windows 8<\/li>\n<\/ul>\n<\/li>\n<li>Vibromasseur: Oui<\/li>\n<li>Type:\n<ul>\n<li>NAS<\/li>\n<li>HDD<\/li>\n<li>HDD\/SSD<\/li>\n<\/ul>\n<\/li>\n<li>Produit \u00e0 brancher: Oui<\/li>\n<li>Type de prise: Prise EU<\/li>\n<li>Bloc d\u2019Alimentation:\n<ul>\n<li>r\u00e9seau \u00e9lectrique<\/li>\n<li>Int\u00e9rieur<\/li>\n<\/ul>\n<\/li>\n<li>Caract\u00e9ristiques:\n<ul>\n<li>Interrupteur marche\/arr\u00eat<\/li>\n<li>Vibromasseur<\/li>\n<li>Etats de veille<\/li>\n<\/ul>\n<\/li>\n<li>Connexions:\n<ul>\n<li>USB<\/li>\n<li>USB-C 3.2 Gen 2 (3.1 Gen 2)<\/li>\n<li>RJ-45 x 6<\/li>\n<li>USB A 3.2 Gen 2 (3.1 Gen 2) x 4<\/li>\n<li>SFP+<\/li>\n<\/ul>\n<\/li>\n<li>puissance: 500 W<\/li>\n<li>M\u00e9moire RAM: 16 GB RAM<\/li>\n<li>Tension:\n<ul>\n<li>12 V<\/li>\n<li>100 &#8211; 240 V<\/li>\n<\/ul>\n<\/li>\n<li>Ventillateur: 2<\/li>\n<li>Cache: 12 MB<\/li>\n<li>Fr\u00e9quence:\n<ul>\n<li>50 &#8211; 60 Hz<\/li>\n<li>4,5 GHz<\/li>\n<\/ul>\n<\/li>\n<li>Connectivit\u00e9: Ethernet LAN<\/li>\n<li>Type de m\u00e9moire: DDR4<\/li>\n<li>Temp\u00e9rature approximative: &#8211; 20\u00baC \/ 70\u00b0C<\/li>\n<li>Technologie:\n<ul>\n<li>VT-d<\/li>\n<li>VT-x<\/li>\n<li>Execute Disable Bit (XD Bit)<\/li>\n<\/ul>\n<\/li>\n<li>Noyaux: 6 Noyaux<\/li>\n<li>vitesse: 3.3 GHz<\/li>\n<li>Famille de processeurs: Intel<\/li>\n<\/ul>","protected":false},"excerpt":{"rendered":"<p>Si vous \u00eates passionn\u00e9 d&#8217;informatique et d&#8217;\u00e9lectronique, si vous \u00eates \u00e0 la pointe de la technologie et qu&#8217;aucun d\u00e9tail ne vous \u00e9chappe, achetez Carte de contr\u00f4leur RAID Qnap TSH1277AXURPR516G au meilleur prix. Couleur: Noir Syst\u00e8me d&#8217;exploitation: Windows 10 Windows 7 Windows 8 Vibromasseur: Oui Type: NAS HDD HDD\/SSD Produit \u00e0 brancher: Oui Type de prise: [&hellip;]<\/p>\n","protected":false},"featured_media":51664,"comment_status":"open","ping_status":"closed","template":"","meta":[],"product_brand":[646],"product_cat":[604,65,584],"product_tag":[106],"class_list":{"0":"post-51666","1":"product","2":"type-product","3":"status-publish","4":"has-post-thumbnail","6":"product_brand-brandp_4747","7":"product_cat-cartes-pci","8":"product_cat-informatique-electronique","9":"product_cat-informatique-reseaux-et-composants","10":"product_tag-tag_1295","12":"first","13":"instock","14":"taxable","15":"shipping-taxable","16":"purchasable","17":"product-type-simple"},"_links":{"self":[{"href":"https:\/\/bigbuy.tupique.com\/en\/wp-json\/wp\/v2\/product\/51666","targetHints":{"allow":["GET"]}}],"collection":[{"href":"https:\/\/bigbuy.tupique.com\/en\/wp-json\/wp\/v2\/product"}],"about":[{"href":"https:\/\/bigbuy.tupique.com\/en\/wp-json\/wp\/v2\/types\/product"}],"replies":[{"embeddable":true,"href":"https:\/\/bigbuy.tupique.com\/en\/wp-json\/wp\/v2\/comments?post=51666"}],"wp:featuredmedia":[{"embeddable":true,"href":"https:\/\/bigbuy.tupique.com\/en\/wp-json\/wp\/v2\/media\/51664"}],"wp:attachment":[{"href":"https:\/\/bigbuy.tupique.com\/en\/wp-json\/wp\/v2\/media?parent=51666"}],"wp:term":[{"taxonomy":"product_brand","embeddable":true,"href":"https:\/\/bigbuy.tupique.com\/en\/wp-json\/wp\/v2\/product_brand?post=51666"},{"taxonomy":"product_cat","embeddable":true,"href":"https:\/\/bigbuy.tupique.com\/en\/wp-json\/wp\/v2\/product_cat?post=51666"},{"taxonomy":"product_tag","embeddable":true,"href":"https:\/\/bigbuy.tupique.com\/en\/wp-json\/wp\/v2\/product_tag?post=51666"}],"curies":[{"name":"wp","href":"https:\/\/api.w.org\/{rel}","templated":true}]}}