{"id":51602,"date":"2026-03-31T03:18:28","date_gmt":"2026-03-31T02:18:28","guid":{"rendered":"https:\/\/bigbuy.tupique.com\/produto\/laser-printer-xerox-c7000v_dn\/"},"modified":"2026-04-15T00:12:20","modified_gmt":"2026-04-14T23:12:20","slug":"laser-printer-xerox-c7000v_dn","status":"publish","type":"product","link":"https:\/\/bigbuy.tupique.com\/en\/produto\/laser-printer-xerox-c7000v_dn\/","title":{"rendered":"Imprimante laser Xerox C7000V_DN"},"content":{"rendered":"<p>Si vous \u00eates passionn\u00e9 d&#8217;<b>informatique et d&#8217;\u00e9lectronique<\/b>, si vous \u00eates \u00e0 la pointe de la technologie et qu&#8217;aucun d\u00e9tail ne vous \u00e9chappe, achetez <b>Imprimante laser Xerox C7000V_DN           <\/b> au meilleur prix.<\/p>\n<p>La <b>imprimante laser Xerox VersaLink C7000V_DN<\/b> est une solution avanc\u00e9e con\u00e7ue pour les environnements professionnels exigeant qualit\u00e9 et efficacit\u00e9 en impression couleur et volume moyen \u00e0 \u00e9lev\u00e9. Cet appareil se distingue par sa capacit\u00e9 \u00e0 g\u00e9rer des formats jusqu\u2019au <b>A3<\/b>, id\u00e9al pour des travaux n\u00e9cessitant un format plus large. Elle offre une vitesse constante de <b>35 pages par minute<\/b> en couleur comme en noir, garantissant productivit\u00e9 sans compromis sur la qualit\u00e9. Sa technologie d\u2019impression laser propose une <b>r\u00e9solution maximale de 1200 x 2400 dpi<\/b>, permettant d\u2019obtenir des documents avec des images et textes tr\u00e8s nets et d\u00e9taill\u00e9s. L\u2019imprimante int\u00e8gre un <b>\u00e9cran LCD int\u00e9gr\u00e9<\/b> facilitant la navigation dans les menus et r\u00e9glages, am\u00e9liorant l\u2019exp\u00e9rience utilisateur et acc\u00e9l\u00e9rant la configuration. C\u00f4t\u00e9 connectivit\u00e9, elle dispose de <b>NFC<\/b> pour une impression simple et s\u00e9curis\u00e9e depuis des appareils mobiles compatibles, ainsi que d\u2019un support r\u00e9seau favorisant l\u2019int\u00e9gration en environnements de travail partag\u00e9s. Un atout majeur est sa capacit\u00e9 d\u2019impression <b>recto verso (duplex)<\/b>, permettant une utilisation plus efficace du papier et r\u00e9duisant l\u2019impact environnemental. Le syst\u00e8me utilise quatre cartouches d\u2019impression pour maintenir un haut standard de reproduction des couleurs et supporte un cycle de travail mensuel maximal de <b>153 000 pages<\/b>, d\u00e9montrant sa robustesse pour les charges \u00e9lev\u00e9es. Son design blanc contribue \u00e0 un aspect moderne et professionnel, s\u2019int\u00e9grant parfaitement aux espaces de bureau contemporains. La m\u00e9moire interne comprend <b>2 Go<\/b> pour g\u00e9rer des processus complexes et plusieurs t\u00e2ches simultan\u00e9es sans perte de performance. De plus, elle int\u00e8gre la technologie Xerox\u00ae ConnectKey\u00ae, offrant des options de personnalisation, compatibilit\u00e9 avec applications et appareils mobiles, ainsi que des fonctionnalit\u00e9s pour optimiser le flux de travail quotidien. En r\u00e9sum\u00e9, la Xerox VersaLink C7000V_DN est une imprimante laser couleur performante, adapt\u00e9e aux professionnels et entreprises recherchant une impression rapide, polyvalente et de qualit\u00e9 sup\u00e9rieure en grands formats.<\/p>\n<ul>\n<li>Impression couleur: Oui<\/li>\n<li>Type:\n<ul>\n<li>Imprimante laser couleur<\/li>\n<li>Imprimante laser<\/li>\n<\/ul>\n<\/li>\n<li>Noyaux: 2 Noyaux<\/li>\n<li>Produit \u00e0 brancher: Oui<\/li>\n<li>Type de prise: Prise EU<\/li>\n<li>Connexions: Ethernet LAN<\/li>\n<li>Bloc d\u2019Alimentation: r\u00e9seau \u00e9lectrique<\/li>\n<li>Couleur: Blanc<\/li>\n<li>Caract\u00e9ristiques:\n<ul>\n<li>\u00c9cran integr\u00e9<\/li>\n<li>Impression recto verso<\/li>\n<\/ul>\n<\/li>\n<li>R\u00e9solution d&#8217;image maximale: 1200 x 2400 dpi<\/li>\n<li>Ecran: 5&#8221;<\/li>\n<li>Technologie: Laser<\/li>\n<li>Taille: A3<\/li>\n<li>vitesse:\n<ul>\n<li>35 ppm<\/li>\n<li>10\/100\/1000 Mbps<\/li>\n<\/ul>\n<\/li>\n<li>Compatible:\n<ul>\n<li>Linux<\/li>\n<li>VersaLink C7000<\/li>\n<\/ul>\n<\/li>\n<li>Connectivit\u00e9:\n<ul>\n<li>Ethernet LAN<\/li>\n<li>NFC<\/li>\n<\/ul>\n<\/li>\n<li>Impression recto verso: Automatique<\/li>\n<li>Fr\u00e9quence d&#8217;entr\u00e9e AC: 50-60 Hz<\/li>\n<li>Plateau: 1<\/li>\n<li>Largeur: 59 cm<\/li>\n<li>Non Inclus: Wi-Fi<\/li>\n<li>Tension: 220-240 V<\/li>\n<li>Certificat: Certification ENERGY STAR<\/li>\n<li>M\u00e9moire RAM: 2 GB<\/li>\n<li>Diagonale de l&#8217;\u00e9cran (cm): 12,7 cm<\/li>\n<\/ul>","protected":false},"excerpt":{"rendered":"<p>Si vous \u00eates passionn\u00e9 d&#8217;informatique et d&#8217;\u00e9lectronique, si vous \u00eates \u00e0 la pointe de la technologie et qu&#8217;aucun d\u00e9tail ne vous \u00e9chappe, achetez Imprimante laser Xerox C7000V_DN au meilleur prix. La imprimante laser Xerox VersaLink C7000V_DN est une solution avanc\u00e9e con\u00e7ue pour les environnements professionnels exigeant qualit\u00e9 et efficacit\u00e9 en impression couleur et volume moyen [&hellip;]<\/p>\n","protected":false},"featured_media":51597,"comment_status":"open","ping_status":"closed","template":"","meta":[],"product_brand":[631],"product_cat":[592,65,581],"product_tag":[213,106],"class_list":{"0":"post-51602","1":"product","2":"type-product","3":"status-publish","4":"has-post-thumbnail","6":"product_brand-brandp_922","7":"product_cat-imprimantes","8":"product_cat-informatique-electronique","9":"product_cat-informatique-peripheriques-et-consommables","10":"product_tag-tag_933","11":"product_tag-tag_1295","13":"first","14":"instock","15":"taxable","16":"shipping-taxable","17":"purchasable","18":"product-type-simple"},"_links":{"self":[{"href":"https:\/\/bigbuy.tupique.com\/en\/wp-json\/wp\/v2\/product\/51602","targetHints":{"allow":["GET"]}}],"collection":[{"href":"https:\/\/bigbuy.tupique.com\/en\/wp-json\/wp\/v2\/product"}],"about":[{"href":"https:\/\/bigbuy.tupique.com\/en\/wp-json\/wp\/v2\/types\/product"}],"replies":[{"embeddable":true,"href":"https:\/\/bigbuy.tupique.com\/en\/wp-json\/wp\/v2\/comments?post=51602"}],"wp:featuredmedia":[{"embeddable":true,"href":"https:\/\/bigbuy.tupique.com\/en\/wp-json\/wp\/v2\/media\/51597"}],"wp:attachment":[{"href":"https:\/\/bigbuy.tupique.com\/en\/wp-json\/wp\/v2\/media?parent=51602"}],"wp:term":[{"taxonomy":"product_brand","embeddable":true,"href":"https:\/\/bigbuy.tupique.com\/en\/wp-json\/wp\/v2\/product_brand?post=51602"},{"taxonomy":"product_cat","embeddable":true,"href":"https:\/\/bigbuy.tupique.com\/en\/wp-json\/wp\/v2\/product_cat?post=51602"},{"taxonomy":"product_tag","embeddable":true,"href":"https:\/\/bigbuy.tupique.com\/en\/wp-json\/wp\/v2\/product_tag?post=51602"}],"curies":[{"name":"wp","href":"https:\/\/api.w.org\/{rel}","templated":true}]}}