{"id":51592,"date":"2026-03-31T03:18:07","date_gmt":"2026-03-31T02:18:07","guid":{"rendered":"https:\/\/bigbuy.tupique.com\/produto\/uninterruptible-power-supply-system-interactive-ups-eaton-5px2200irt2ug2\/"},"modified":"2026-04-15T00:11:53","modified_gmt":"2026-04-14T23:11:53","slug":"uninterruptible-power-supply-system-interactive-ups-eaton-5px2200irt2ug2","status":"publish","type":"product","link":"https:\/\/bigbuy.tupique.com\/en\/produto\/uninterruptible-power-supply-system-interactive-ups-eaton-5px2200irt2ug2\/","title":{"rendered":"Syst\u00e8me d&#8217;Alimentation Sans Interruption Interactif Eaton 5PX2200IRT2UG2"},"content":{"rendered":"<p>Si vous \u00eates passionn\u00e9 d&#8217;<b>informatique et d&#8217;\u00e9lectronique<\/b>, si vous \u00eates \u00e0 la pointe de la technologie et qu&#8217;aucun d\u00e9tail ne vous \u00e9chappe, achetez <b>Syst\u00e8me d&#8217;Alimentation Sans Interruption Interactif Eaton 5PX2200IRT2UG2      <\/b> au meilleur prix.<\/p>\n<p>Le <b>Eaton 5PX2200IRT2UG2<\/b> est un <b>onduleur interactif<\/b> con\u00e7u pour offrir une protection \u00e9nerg\u00e9tique fiable dans les environnements professionnels n\u00e9cessitant une alimentation continue et stable. Ce syst\u00e8me d\u2019alimentation sans coupure dispose d\u2019une <b>puissance de sortie de 2200 W<\/b> et d\u2019une capacit\u00e9 nominale de <b>2,2 kVA<\/b>, lui permettant de supporter efficacement des charges critiques. Sa <b>topologie en ligne interactive<\/b> int\u00e8gre une technologie avanc\u00e9e qui filtre et r\u00e9gule les variations de tension, garantissant une alimentation en courant alternatif stable et s\u00e9curis\u00e9e pour les appareils connect\u00e9s. Il offre <b>10 sorties AC<\/b>, comprenant des connecteurs de type <b>C13, C19 et un connecteur C20<\/b>, s\u2019adaptant \u00e0 diverses configurations et besoins de connexion en rack ou en tour. L\u2019unit\u00e9 pr\u00e9sente un format polyvalent de <b>montage en rack ou en tour<\/b> avec une hauteur de 2U, facilitant son int\u00e9gration dans les environnements professionnels et centres de donn\u00e9es \u00e0 espace limit\u00e9. De plus, son design en couleur <b>noir<\/b> et l\u2019inclusion d\u2019un <b>\u00e9cran LCD<\/b> permettent un contr\u00f4le et une surveillance simples et pr\u00e9cis de l\u2019\u00e9tat et des param\u00e8tres de l\u2019appareil. Parmi ses caract\u00e9ristiques techniques figurent \u00e9galement la compatibilit\u00e9 avec <b>USB<\/b> pour les communications et la fonction <b>Hot Swap<\/b>, qui permet le remplacement des batteries sans interrompre l\u2019alimentation \u00e9lectrique. Cet \u00e9quipement respecte des normes et certifications strictes de s\u00e9curit\u00e9 et de qualit\u00e9, incluant <b>CE, IEC\/EN 62040-2, UL1778, FCC B, CISPR22 B, CB (TUV), cTUVus, EAC, UKCA<\/b> et <b>CSA22<\/b>, garantissant des standards \u00e9lev\u00e9s de performance et fiabilit\u00e9. En r\u00e9sum\u00e9, le Eaton 5PX2200IRT2UG2 offre une solution robuste et professionnelle pour la protection \u00e9nerg\u00e9tique des syst\u00e8mes critiques, alliant efficacit\u00e9, polyvalence et conformit\u00e9 r\u00e9glementaire dans un format compact et fonctionnel.<\/p>\n<ul>\n<li>Produit \u00e0 brancher: Oui<\/li>\n<li>Type de prise: Prise EU<\/li>\n<li>Type:\n<ul>\n<li>Tour<\/li>\n<li>Syst\u00e8me d&#8217;Alimentation Sans Interruption Interactif<\/li>\n<li>C19<\/li>\n<\/ul>\n<\/li>\n<li>Unit\u00e9s: 2 Unit\u00e9s<\/li>\n<li>Technologie: LCD<\/li>\n<li>Bloc d\u2019Alimentation: r\u00e9seau \u00e9lectrique<\/li>\n<li>Couleur: Noir<\/li>\n<li>Largeur: 438 mm<\/li>\n<li>Connexions:\n<ul>\n<li>RS-232<\/li>\n<li>AC x 10<\/li>\n<li>C20 coupler<\/li>\n<li>USB<\/li>\n<\/ul>\n<\/li>\n<li>Niveau sonore: 40 dB<\/li>\n<li>Caract\u00e9ristiques:\n<ul>\n<li>\u00c9cran LCD<\/li>\n<li>Interactif<\/li>\n<li>T\u00e9moin de fonctionnement LED<\/li>\n<\/ul>\n<\/li>\n<li>Fonctions: Hot Swap<\/li>\n<li>Langue: Anglais<\/li>\n<li>Tension: 230 V<\/li>\n<li>puissance: 2200 W<\/li>\n<li>Diagonale de l&#8217;\u00e9cran (cm): 11,9 cm<\/li>\n<\/ul>","protected":false},"excerpt":{"rendered":"<p><span class=\"unit-info\">870.9950 &euro; \/ 1 unit<\/span><\/p>","protected":false},"featured_media":51591,"comment_status":"open","ping_status":"closed","template":"","meta":[],"product_brand":[652],"product_cat":[65,581,603],"product_tag":[106],"class_list":{"0":"post-51592","1":"product","2":"type-product","3":"status-publish","4":"has-post-thumbnail","6":"product_brand-brandp_4815","7":"product_cat-informatique-electronique","8":"product_cat-informatique-peripheriques-et-consommables","9":"product_cat-ups","10":"product_tag-tag_1295","12":"first","13":"instock","14":"taxable","15":"shipping-taxable","16":"purchasable","17":"product-type-simple"},"_links":{"self":[{"href":"https:\/\/bigbuy.tupique.com\/en\/wp-json\/wp\/v2\/product\/51592","targetHints":{"allow":["GET"]}}],"collection":[{"href":"https:\/\/bigbuy.tupique.com\/en\/wp-json\/wp\/v2\/product"}],"about":[{"href":"https:\/\/bigbuy.tupique.com\/en\/wp-json\/wp\/v2\/types\/product"}],"replies":[{"embeddable":true,"href":"https:\/\/bigbuy.tupique.com\/en\/wp-json\/wp\/v2\/comments?post=51592"}],"wp:featuredmedia":[{"embeddable":true,"href":"https:\/\/bigbuy.tupique.com\/en\/wp-json\/wp\/v2\/media\/51591"}],"wp:attachment":[{"href":"https:\/\/bigbuy.tupique.com\/en\/wp-json\/wp\/v2\/media?parent=51592"}],"wp:term":[{"taxonomy":"product_brand","embeddable":true,"href":"https:\/\/bigbuy.tupique.com\/en\/wp-json\/wp\/v2\/product_brand?post=51592"},{"taxonomy":"product_cat","embeddable":true,"href":"https:\/\/bigbuy.tupique.com\/en\/wp-json\/wp\/v2\/product_cat?post=51592"},{"taxonomy":"product_tag","embeddable":true,"href":"https:\/\/bigbuy.tupique.com\/en\/wp-json\/wp\/v2\/product_tag?post=51592"}],"curies":[{"name":"wp","href":"https:\/\/api.w.org\/{rel}","templated":true}]}}