{"id":51524,"date":"2026-03-31T03:14:33","date_gmt":"2026-03-31T02:14:33","guid":{"rendered":"https:\/\/bigbuy.tupique.com\/produto\/monitor-elo-touch-systems-2702l-full-hd-27-60-hz-50-60-hz\/"},"modified":"2026-04-15T01:26:14","modified_gmt":"2026-04-15T00:26:14","slug":"monitor-elo-touch-systems-2702l-full-hd-27-60-hz-50-60-hz","status":"publish","type":"product","link":"https:\/\/bigbuy.tupique.com\/en\/produto\/monitor-elo-touch-systems-2702l-full-hd-27-60-hz-50-60-hz\/","title":{"rendered":"\u00c9cran Elo Touch Systems 2702L Full HD 27&#8243; 60 Hz 50-60 Hz"},"content":{"rendered":"<p>Si vous \u00eates passionn\u00e9 d&#8217;<b>informatique et d&#8217;\u00e9lectronique<\/b>, si vous \u00eates \u00e0 la pointe de la technologie et qu&#8217;aucun d\u00e9tail ne vous \u00e9chappe, achetez <b>\u00c9cran Elo Touch Systems 2702L Full HD 27&#8243; 60 Hz 50-60 Hz<\/b> au meilleur prix.<\/p>\n<p>Le <b>moniteur 27&#8243;<\/b> Elo Touch Systems mod\u00e8le <b>2702L<\/b> est une solution professionnelle con\u00e7ue pour des environnements n\u00e9cessitant une interaction tactile pr\u00e9cise et efficace. Dot\u00e9 d\u2019un <b>\u00e9cran de 27 pouces (68,6 cm)<\/b> avec technologie TFT LCD, il offre une r\u00e9solution Full HD de <b>1920 x 1080 pixels<\/b> garantissant des images nettes et des couleurs pr\u00e9cises, compl\u00e9t\u00e9es par une luminosit\u00e9 de <b>300 cd\/m\u00b2<\/b> pour une bonne visibilit\u00e9 sous diff\u00e9rentes conditions d\u2019\u00e9clairage. Son temps de r\u00e9ponse de <b>14 ms<\/b> convient aux applications ne demandant pas de taux de rafra\u00eechissement \u00e9lev\u00e9s, assurant un bon \u00e9quilibre entre performance visuelle et stabilit\u00e9 tactile. Ce moniteur se distingue \u00e9galement par sa fonctionnalit\u00e9 multitouch gr\u00e2ce \u00e0 un \u00e9cran tactile facilitant l\u2019interaction directe avec le contenu, ce qui en fait un choix id\u00e9al pour les points de vente, kiosques interactifs ou postes de contr\u00f4le. Sa construction robuste avec une combinaison de couleurs <b>noir et argent<\/b> offre une finition professionnelle et sobre, adapt\u00e9e aux espaces corporatifs et commerciaux. Il int\u00e8gre des haut-parleurs pour un support multim\u00e9dia basique et propose une option de <b>montage mural<\/b> pour plus de flexibilit\u00e9 d\u2019installation. Enfin, le moniteur est livr\u00e9 avec un guide d\u2019installation facilitant la mise en service dans divers contextes d\u2019utilisation. Ce mod\u00e8le se positionne comme un outil fiable et fonctionnel pour ceux qui recherchent un moniteur tactile aux performances \u00e9quilibr\u00e9es pour des applications interactives en milieu professionnel.<\/p>\n<ul>\n<li>Couleur:\n<ul>\n<li>Argent\u00e9<\/li>\n<li>Noir<\/li>\n<\/ul>\n<\/li>\n<li>Produit \u00e0 brancher: Oui<\/li>\n<li>Type de prise: Prise EU<\/li>\n<li>R\u00e9solution (px): 1920 x 1080 px<\/li>\n<li>R\u00e9solution:\n<ul>\n<li>Full HD<\/li>\n<li>LCD<\/li>\n<\/ul>\n<\/li>\n<li>Diagonale de l&#8217;\u00e9cran (cm): 68,6 cm<\/li>\n<li>Connexions:\n<ul>\n<li>HDMI<\/li>\n<li>VGA D-sub<\/li>\n<\/ul>\n<\/li>\n<li>Technologie:\n<ul>\n<li>LCD<\/li>\n<li>TFT<\/li>\n<\/ul>\n<\/li>\n<li>Type: \u00c9cran<\/li>\n<li>Ecran: 27&#8243;<\/li>\n<li>Classification \u00e9nerg\u00e9tique: E<\/li>\n<li>Bloc d\u2019Alimentation: r\u00e9seau \u00e9lectrique<\/li>\n<li>Temps de r\u00e9ponse: 14 ms<\/li>\n<li>VESA: 10 x 10 cm<\/li>\n<li>Brille: 300 cd\/m\u00b2<\/li>\n<li>Tension:\n<ul>\n<li>100-240 V<\/li>\n<li>240 V<\/li>\n<li>100 &#8211; 240 V<\/li>\n<\/ul>\n<\/li>\n<li>puissance: 4 W<\/li>\n<li>Rapport d&#8217;aspect: 16:9<\/li>\n<li>Caract\u00e9ristiques:\n<ul>\n<li>Ecran tactile<\/li>\n<li>Haut-parleurs int\u00e9gr\u00e9s<\/li>\n<li>Montage mural<\/li>\n<li>Guide d&#8217;installation inclus<\/li>\n<\/ul>\n<\/li>\n<li>Fr\u00e9quence:\n<ul>\n<li>60 Hz<\/li>\n<li>50-60 Hz<\/li>\n<li>50 &#8211; 60 Hz<\/li>\n<\/ul>\n<\/li>\n<li>Rapport de contraste: 1000:1<\/li>\n<li>Inclut: Adaptateur AC<\/li>\n<li>consommation d&#8217;\u00e9nergie: 28 kWh<\/li>\n<li>Flux lumineux: 300 Lm<\/li>\n<li>Angle: 178\u00ba<\/li>\n<li>Pr\u00e9cision (humidit\u00e9 relative): 20 % &#8211; 80 %<\/li>\n<li>Montage: VESA<\/li>\n<li>Compatible: VESA 100 x 100<\/li>\n<\/ul>","protected":false},"excerpt":{"rendered":"<p>Si vous \u00eates passionn\u00e9 d&#8217;informatique et d&#8217;\u00e9lectronique, si vous \u00eates \u00e0 la pointe de la technologie et qu&#8217;aucun d\u00e9tail ne vous \u00e9chappe, achetez \u00c9cran Elo Touch Systems 2702L Full HD 27&#8243; 60 Hz 50-60 Hz au meilleur prix. Le moniteur 27&#8243; Elo Touch Systems mod\u00e8le 2702L est une solution professionnelle con\u00e7ue pour des environnements n\u00e9cessitant [&hellip;]<\/p>\n","protected":false},"featured_media":51517,"comment_status":"open","ping_status":"closed","template":"","meta":[],"product_brand":[980],"product_cat":[65,581,616],"product_tag":[213,106],"class_list":{"0":"post-51524","1":"product","2":"type-product","3":"status-publish","4":"has-post-thumbnail","6":"product_brand-brandp_4775","7":"product_cat-informatique-electronique","8":"product_cat-informatique-peripheriques-et-consommables","9":"product_cat-moniteurs","10":"product_tag-tag_933","11":"product_tag-tag_1295","13":"first","14":"instock","15":"taxable","16":"shipping-taxable","17":"purchasable","18":"product-type-simple"},"_links":{"self":[{"href":"https:\/\/bigbuy.tupique.com\/en\/wp-json\/wp\/v2\/product\/51524","targetHints":{"allow":["GET"]}}],"collection":[{"href":"https:\/\/bigbuy.tupique.com\/en\/wp-json\/wp\/v2\/product"}],"about":[{"href":"https:\/\/bigbuy.tupique.com\/en\/wp-json\/wp\/v2\/types\/product"}],"replies":[{"embeddable":true,"href":"https:\/\/bigbuy.tupique.com\/en\/wp-json\/wp\/v2\/comments?post=51524"}],"wp:featuredmedia":[{"embeddable":true,"href":"https:\/\/bigbuy.tupique.com\/en\/wp-json\/wp\/v2\/media\/51517"}],"wp:attachment":[{"href":"https:\/\/bigbuy.tupique.com\/en\/wp-json\/wp\/v2\/media?parent=51524"}],"wp:term":[{"taxonomy":"product_brand","embeddable":true,"href":"https:\/\/bigbuy.tupique.com\/en\/wp-json\/wp\/v2\/product_brand?post=51524"},{"taxonomy":"product_cat","embeddable":true,"href":"https:\/\/bigbuy.tupique.com\/en\/wp-json\/wp\/v2\/product_cat?post=51524"},{"taxonomy":"product_tag","embeddable":true,"href":"https:\/\/bigbuy.tupique.com\/en\/wp-json\/wp\/v2\/product_tag?post=51524"}],"curies":[{"name":"wp","href":"https:\/\/api.w.org\/{rel}","templated":true}]}}