{"id":50627,"date":"2026-03-31T02:11:50","date_gmt":"2026-03-31T01:11:50","guid":{"rendered":"https:\/\/bigbuy.tupique.com\/produto\/smartphone-motorola\/"},"modified":"2026-04-15T07:39:23","modified_gmt":"2026-04-15T06:39:23","slug":"smartphone-motorola","status":"publish","type":"product","link":"https:\/\/bigbuy.tupique.com\/en\/produto\/smartphone-motorola\/","title":{"rendered":"Smartphone Motorola Moto Signature 5G 6,8&#8243; Octa Core 16 GB RAM 512 GB Noir"},"content":{"rendered":"<p>Si vous \u00eates passionn\u00e9 d&#8217;<b>informatique et d&#8217;\u00e9lectronique<\/b>, si vous \u00eates \u00e0 la pointe de la technologie et qu&#8217;aucun d\u00e9tail ne vous \u00e9chappe, achetez <b>Smartphone Motorola Moto Signature 5G 6,8&#8243; Octa Core 16 GB RAM 512 GB Noir<\/b> au meilleur prix.<\/p>\n<ul>\n<li>Type: Smartphone<\/li>\n<li>Produit \u00e0 brancher: Oui<\/li>\n<li>Capacit\u00e9 de la batterie: 5200 mAh<\/li>\n<li>Ecran: 6,8&#8243;<\/li>\n<li>Syst\u00e8me d&#8217;exploitation: Android<\/li>\n<li>puissance: 90 W<\/li>\n<li>Connectivit\u00e9:\n<ul>\n<li>NFC<\/li>\n<li>5G<\/li>\n<li>Bluetooth<\/li>\n<\/ul>\n<\/li>\n<li>Cam\u00e9ra\/Appareil Photo: 50 Mp<\/li>\n<li>Connexions: USB-C<\/li>\n<li>Processeur: Octa Core<\/li>\n<li>M\u00e9moire RAM: 16 GB RAM<\/li>\n<li>M\u00e9moire interne: 512 GB<\/li>\n<li>Couleur: Noir<\/li>\n<li>Caract\u00e9ristiques:\n<ul>\n<li>R\u00e9sistant \u00e0 l&#8217;eau<\/li>\n<li>GPS<\/li>\n<li>\u00c9cran couleur<\/li>\n<li>Ecran tactile<\/li>\n<li>Cam\u00e9ra\/Appareil Photo<\/li>\n<li>Connectivit\u00e9 NFC<\/li>\n<li>\u00c9cran AMOLED<\/li>\n<li>R\u00e9sistant \u00e0 la poussi\u00e8re<\/li>\n<li>Dual SIM<\/li>\n<li>Wi-Fi<\/li>\n<li>Batterie rechargeable<\/li>\n<li>Ecran<\/li>\n<li>Protection pour \u00c9cran<\/li>\n<li>Android<\/li>\n<li>Chargement rapide<\/li>\n<li>Gorilla Glass<\/li>\n<\/ul>\n<\/li>\n<li>Technologie: AMOLED<\/li>\n<li>SIM: Dual SIM<\/li>\n<li>Noyaux: 8 Noyaux<\/li>\n<li>Diagonale de l&#8217;\u00e9cran (cm): 17,2 cm<\/li>\n<\/ul>","protected":false},"excerpt":{"rendered":"<p>Si vous \u00eates passionn\u00e9 d&#8217;informatique et d&#8217;\u00e9lectronique, si vous \u00eates \u00e0 la pointe de la technologie et qu&#8217;aucun d\u00e9tail ne vous \u00e9chappe, achetez Smartphone Motorola Moto Signature 5G 6,8&#8243; Octa Core 16 GB RAM 512 GB Noir au meilleur prix. Type: Smartphone Produit \u00e0 brancher: Oui Capacit\u00e9 de la batterie: 5200 mAh Ecran: 6,8&#8243; Syst\u00e8me [&hellip;]<\/p>\n","protected":false},"featured_media":182299,"comment_status":"open","ping_status":"closed","template":"","meta":[],"product_brand":[1151],"product_cat":[575,65,960],"product_tag":[213,566,106],"class_list":{"0":"post-50627","1":"product","2":"type-product","3":"status-publish","4":"has-post-thumbnail","6":"product_brand-brandp_983","7":"product_cat-electronique-telephonie-et-tablettes","8":"product_cat-informatique-electronique","9":"product_cat-telephones-portables","10":"product_tag-tag_933","11":"product_tag-tag_547","12":"product_tag-tag_1295","14":"first","15":"instock","16":"taxable","17":"shipping-taxable","18":"purchasable","19":"product-type-simple"},"_links":{"self":[{"href":"https:\/\/bigbuy.tupique.com\/en\/wp-json\/wp\/v2\/product\/50627","targetHints":{"allow":["GET"]}}],"collection":[{"href":"https:\/\/bigbuy.tupique.com\/en\/wp-json\/wp\/v2\/product"}],"about":[{"href":"https:\/\/bigbuy.tupique.com\/en\/wp-json\/wp\/v2\/types\/product"}],"replies":[{"embeddable":true,"href":"https:\/\/bigbuy.tupique.com\/en\/wp-json\/wp\/v2\/comments?post=50627"}],"wp:featuredmedia":[{"embeddable":true,"href":"https:\/\/bigbuy.tupique.com\/en\/wp-json\/wp\/v2\/media\/182299"}],"wp:attachment":[{"href":"https:\/\/bigbuy.tupique.com\/en\/wp-json\/wp\/v2\/media?parent=50627"}],"wp:term":[{"taxonomy":"product_brand","embeddable":true,"href":"https:\/\/bigbuy.tupique.com\/en\/wp-json\/wp\/v2\/product_brand?post=50627"},{"taxonomy":"product_cat","embeddable":true,"href":"https:\/\/bigbuy.tupique.com\/en\/wp-json\/wp\/v2\/product_cat?post=50627"},{"taxonomy":"product_tag","embeddable":true,"href":"https:\/\/bigbuy.tupique.com\/en\/wp-json\/wp\/v2\/product_tag?post=50627"}],"curies":[{"name":"wp","href":"https:\/\/api.w.org\/{rel}","templated":true}]}}