{"id":50299,"date":"2026-03-31T01:50:52","date_gmt":"2026-03-31T00:50:52","guid":{"rendered":"https:\/\/bigbuy.tupique.com\/produto\/electric-planer-bosch-gho-12v-20-professional-36-w-12-v-3-pieces\/"},"modified":"2026-05-11T20:02:45","modified_gmt":"2026-05-11T18:02:45","slug":"electric-planer-bosch-gho-12v-20-professional-36-w-12-v-3-pieces","status":"publish","type":"product","link":"https:\/\/bigbuy.tupique.com\/en\/produto\/electric-planer-bosch-gho-12v-20-professional-36-w-12-v-3-pieces\/","title":{"rendered":"Rabot de charpente \u00e9lectrique BOSCH GHO 12V-20 Professional 36 W 12 V 3 Pi\u00e8ces"},"content":{"rendered":"<p>Si vous aimez prendre soin de chaque d\u00e9tail de votre maison et d&#8217;\u00eatre \u00e0 la derni\u00e8re mode en mati\u00e8re de produits qui vous rendront la vie plus facile, achetez <b>Rabot de charpente \u00e9lectrique BOSCH GHO 12V-20 Professional 36 W 12 V 3 Pi\u00e8ces<\/b> au meilleur prix.<\/p>\n<p>Le <b>GHO 12V-20 Professional<\/b> de BOSCH est un <b>rabot \u00e9lectrique de menuisier<\/b> compact et efficace, con\u00e7u pour offrir une pr\u00e9cision maximale et une grande maniabilit\u00e9 lors de travaux de menuiserie professionnels ou de bricolage avanc\u00e9. Dot\u00e9 d\u2019une batterie <b>12 V<\/b> \u00e0 technologie <b>ion lithium<\/b>, ce rabot assure une libert\u00e9 de mouvement sans fil et une autonomie adapt\u00e9e pour travailler en continu sur diff\u00e9rentes surfaces en bois. Son <b>poids l\u00e9ger de 1,5 kg<\/b> permet un contr\u00f4le optimal et r\u00e9duit la fatigue lors d\u2019une utilisation prolong\u00e9e, tandis que le <b>moteur de 36 W<\/b> fournit la puissance n\u00e9cessaire pour des performances constantes lors du rabotage et du nivellement, avec des r\u00e9sultats nets et uniformes. Le syst\u00e8me est livr\u00e9 en <b>3 pi\u00e8ces<\/b> \u2014 facilitant le remplacement ou l\u2019entretien des accessoires et des lames \u2014 et se distingue par la stabilit\u00e9 et la durabilit\u00e9 propres \u00e0 la gamme Professional de Bosch. Con\u00e7u pour r\u00e9pondre aux exigences des ateliers ou des chantiers, il int\u00e8gre des mat\u00e9riaux robustes et un design ergonomique favorisant le confort d\u2019utilisation. Id\u00e9al pour les r\u00e9glages pr\u00e9cis comme pour le dressage rapide des chants, le GHO 12V-20 Professional augmente la productivit\u00e9 tout en garantissant la s\u00e9curit\u00e9 et la fiabilit\u00e9 caract\u00e9ristiques des outils Bosch. En somme, ce rabot est une solution polyvalente et maniable pour les menuisiers et professionnels recherchant des r\u00e9sultats de haut niveau dans les travaux de d\u00e9grossissage et d\u2019ajustement du bois.<\/p>\n<ul>\n<li>Type: Pinceau de banc<\/li>\n<li>Tension: 12 V<\/li>\n<li>Non Inclus:\n<ul>\n<li>Batterie<\/li>\n<li>Chargeur<\/li>\n<\/ul>\n<\/li>\n<li>Poids: 1,5 Kg<\/li>\n<li>Bloc d\u2019Alimentation: Batterie<\/li>\n<li>Nombre de pi\u00e8ces: 3 Pi\u00e8ces<\/li>\n<li>Type de batterie:\n<ul>\n<li>Lithium<\/li>\n<li>Litio Ion<\/li>\n<\/ul>\n<\/li>\n<li>puissance: 36 W<\/li>\n<\/ul>","protected":false},"excerpt":{"rendered":"<p>Si vous aimez prendre soin de chaque d\u00e9tail de votre maison et d&#8217;\u00eatre \u00e0 la derni\u00e8re mode en mati\u00e8re de produits qui vous rendront la vie plus facile, achetez Rabot de charpente \u00e9lectrique BOSCH GHO 12V-20 Professional 36 W 12 V 3 Pi\u00e8ces au meilleur prix. Le GHO 12V-20 Professional de BOSCH est un rabot [&hellip;]<\/p>\n","protected":false},"featured_media":50295,"comment_status":"open","ping_status":"closed","template":"","meta":[],"product_brand":[162],"product_cat":[613,239],"product_tag":[59,210],"class_list":{"0":"post-50299","1":"product","2":"type-product","3":"status-publish","4":"has-post-thumbnail","6":"product_brand-brandp_959","7":"product_cat-bricolage-et-materiel","8":"product_cat-maison-jardin","9":"product_tag-tag_1304","10":"product_tag-tag_25","12":"first","13":"instock","14":"taxable","15":"shipping-taxable","16":"purchasable","17":"product-type-simple"},"_links":{"self":[{"href":"https:\/\/bigbuy.tupique.com\/en\/wp-json\/wp\/v2\/product\/50299","targetHints":{"allow":["GET"]}}],"collection":[{"href":"https:\/\/bigbuy.tupique.com\/en\/wp-json\/wp\/v2\/product"}],"about":[{"href":"https:\/\/bigbuy.tupique.com\/en\/wp-json\/wp\/v2\/types\/product"}],"replies":[{"embeddable":true,"href":"https:\/\/bigbuy.tupique.com\/en\/wp-json\/wp\/v2\/comments?post=50299"}],"wp:featuredmedia":[{"embeddable":true,"href":"https:\/\/bigbuy.tupique.com\/en\/wp-json\/wp\/v2\/media\/50295"}],"wp:attachment":[{"href":"https:\/\/bigbuy.tupique.com\/en\/wp-json\/wp\/v2\/media?parent=50299"}],"wp:term":[{"taxonomy":"product_brand","embeddable":true,"href":"https:\/\/bigbuy.tupique.com\/en\/wp-json\/wp\/v2\/product_brand?post=50299"},{"taxonomy":"product_cat","embeddable":true,"href":"https:\/\/bigbuy.tupique.com\/en\/wp-json\/wp\/v2\/product_cat?post=50299"},{"taxonomy":"product_tag","embeddable":true,"href":"https:\/\/bigbuy.tupique.com\/en\/wp-json\/wp\/v2\/product_tag?post=50299"}],"curies":[{"name":"wp","href":"https:\/\/api.w.org\/{rel}","templated":true}]}}