{"id":50228,"date":"2026-03-31T01:37:09","date_gmt":"2026-03-31T00:37:09","guid":{"rendered":"https:\/\/bigbuy.tupique.com\/produto\/lawn-brusher-ryobi-r18sw3-0\/"},"modified":"2026-04-16T20:51:29","modified_gmt":"2026-04-16T19:51:29","slug":"lawn-brusher-ryobi-r18sw3-0","status":"publish","type":"product","link":"https:\/\/bigbuy.tupique.com\/en\/produto\/lawn-brusher-ryobi-r18sw3-0\/","title":{"rendered":"Balayeuse \u00e0 gazon Ryobi R18SW3-0"},"content":{"rendered":"<p>Si vous aimez prendre soin de chaque d\u00e9tail de votre maison et d&#8217;\u00eatre \u00e0 la derni\u00e8re mode en mati\u00e8re de produits qui vous rendront la vie plus facile, achetez <b>Balayeuse \u00e0 gazon Ryobi R18SW3-0<\/b> au meilleur prix.<\/p>\n<p>La <b>balayeuse de pelouse R18SW3-0<\/b> de <b>Ryobi<\/b> fait partie de la gamme motoris\u00e9e ONE+ et est con\u00e7ue pour faciliter le nettoyage et l\u2019entretien des jardins et espaces verts avec efficacit\u00e9 et confort. Elle fonctionne avec une source d\u2019\u00e9nergie <b>18 V<\/b> au format <b>batterie<\/b>, s\u2019int\u00e9grant parfaitement au syst\u00e8me sans fil ONE+ de Ryobi, qui permet d\u2019utiliser la m\u00eame batterie sur plusieurs outils \u00e9lectriques de la marque sans c\u00e2bles ni chargeurs. Sa structure pr\u00e9sente un design robuste mais maniable, soulign\u00e9 par la couleur <b>verte<\/b> caract\u00e9ristique de la marque, et offre une grande capacit\u00e9 de collecte gr\u00e2ce \u00e0 son bac de <b>17 litres<\/b>, r\u00e9duisant les interruptions pour vider les d\u00e9chets et optimisant le nettoyage. La largeur de travail, qui atteint <b>533 mm<\/b>, permet de couvrir une surface importante \u00e0 chaque passage, acc\u00e9l\u00e9rant l\u2019entretien des surfaces herbeuses ou recouvertes de feuilles et d\u00e9bris. Cette balayeuse n\u2019inclut ni batterie ni chargeur, elle s\u2019adresse donc aux utilisateurs poss\u00e9dant d\u00e9j\u00e0 des \u00e9quipements dans l\u2019\u00e9cosyst\u00e8me ONE+ ou pr\u00e9f\u00e9rant acheter ces \u00e9l\u00e9ments s\u00e9par\u00e9ment selon leurs besoins. Son moteur fournit une puissance adapt\u00e9e pour ramasser efficacement les r\u00e9sidus d\u2019herbe courte, feuilles s\u00e8ches et autres d\u00e9chets superficiels, offrant une solution pratique et polyvalente pour les jardiniers amateurs ou professionnels recherchant un outil l\u00e9ger, facile \u00e0 manier et avec une autonomie suffisante pour leurs t\u00e2ches courantes. En r\u00e9sum\u00e9, la balayeuse Ryobi R18SW3-0 est un outil \u00e9lectronique sans fil de qualit\u00e9, con\u00e7u pour optimiser l\u2019entretien du jardin avec la flexibilit\u00e9 et la libert\u00e9 offertes par la technologie de batteries ONE+.<\/p>\n<ul>\n<li>Couleur: Vert<\/li>\n<li>Tension: 18 V<\/li>\n<li>Non Inclus: Batterie<\/li>\n<li>Capacit\u00e9: 17 L<\/li>\n<\/ul>","protected":false},"excerpt":{"rendered":"<p><span class=\"unit-info\">16.2347 &euro; \/ 1 l<\/span><\/p>","protected":false},"featured_media":175874,"comment_status":"open","ping_status":"closed","template":"","meta":[],"product_brand":[830],"product_cat":[613,239],"product_tag":[59,210],"class_list":{"0":"post-50228","1":"product","2":"type-product","3":"status-publish","4":"has-post-thumbnail","6":"product_brand-brandp_3104","7":"product_cat-bricolage-et-materiel","8":"product_cat-maison-jardin","9":"product_tag-tag_1304","10":"product_tag-tag_25","12":"first","13":"instock","14":"taxable","15":"shipping-taxable","16":"purchasable","17":"product-type-simple"},"_links":{"self":[{"href":"https:\/\/bigbuy.tupique.com\/en\/wp-json\/wp\/v2\/product\/50228","targetHints":{"allow":["GET"]}}],"collection":[{"href":"https:\/\/bigbuy.tupique.com\/en\/wp-json\/wp\/v2\/product"}],"about":[{"href":"https:\/\/bigbuy.tupique.com\/en\/wp-json\/wp\/v2\/types\/product"}],"replies":[{"embeddable":true,"href":"https:\/\/bigbuy.tupique.com\/en\/wp-json\/wp\/v2\/comments?post=50228"}],"wp:featuredmedia":[{"embeddable":true,"href":"https:\/\/bigbuy.tupique.com\/en\/wp-json\/wp\/v2\/media\/175874"}],"wp:attachment":[{"href":"https:\/\/bigbuy.tupique.com\/en\/wp-json\/wp\/v2\/media?parent=50228"}],"wp:term":[{"taxonomy":"product_brand","embeddable":true,"href":"https:\/\/bigbuy.tupique.com\/en\/wp-json\/wp\/v2\/product_brand?post=50228"},{"taxonomy":"product_cat","embeddable":true,"href":"https:\/\/bigbuy.tupique.com\/en\/wp-json\/wp\/v2\/product_cat?post=50228"},{"taxonomy":"product_tag","embeddable":true,"href":"https:\/\/bigbuy.tupique.com\/en\/wp-json\/wp\/v2\/product_tag?post=50228"}],"curies":[{"name":"wp","href":"https:\/\/api.w.org\/{rel}","templated":true}]}}