{"id":50189,"date":"2026-03-31T01:35:32","date_gmt":"2026-03-31T00:35:32","guid":{"rendered":"https:\/\/bigbuy.tupique.com\/produto\/subwoofer-mtx-audio\/"},"modified":"2026-04-16T19:14:45","modified_gmt":"2026-04-16T18:14:45","slug":"subwoofer-mtx-audio","status":"publish","type":"product","link":"https:\/\/bigbuy.tupique.com\/en\/produto\/subwoofer-mtx-audio\/","title":{"rendered":"Caisson de basse Mtx Audio"},"content":{"rendered":"<p>Si vous \u00eates \u00e0 la recherche de nouvelles tendances sur le march\u00e9, nous vous pr\u00e9sentons <b>Caisson de basse Mtx Audio<\/b> !<\/p>\n<p>Le <b>subwoofer<\/b> actif de la marque <b>MTX Audio<\/b> est con\u00e7u pour offrir une exp\u00e9rience sonore am\u00e9lior\u00e9e dans les syst\u00e8mes audio, notamment pour les applications de son surround et de renforcement des basses. Cet appareil dispose d\u2019une configuration <b>reflex actif<\/b> int\u00e9grant deux subwoofers de <b>20 cm<\/b> chacun, capables de reproduire les basses fr\u00e9quences avec clart\u00e9 et puissance, apportant profondeur et corps au son. Il int\u00e8gre \u00e9galement un <b>amplificateur de classe D d\u2019une puissance de 240 Wrms<\/b>, qui assure une efficacit\u00e9 \u00e9nerg\u00e9tique et une performance solide sans surchauffe, garantissant un fonctionnement fiable m\u00eame en usage prolong\u00e9. Le subwoofer comprend un <b>filtre actif<\/b> facilitant l\u2019optimisation de la plage de fr\u00e9quences \u00e9mises, permettant un r\u00e9glage pr\u00e9cis pour s\u2019adapter \u00e0 diff\u00e9rents environnements et pr\u00e9f\u00e9rences auditives. Pour une utilisation confortable et polyvalente, il est livr\u00e9 avec une <b>t\u00e9l\u00e9commande MTX0715442560080<\/b>, offrant la possibilit\u00e9 de contr\u00f4ler les param\u00e8tres cl\u00e9s sans acc\u00e8s direct \u00e0 l\u2019appareil. Cette combinaison de composants et fonctionnalit\u00e9s fait de ce subwoofer une solution pratique et efficace pour ceux qui souhaitent am\u00e9liorer la r\u00e9ponse des basses dans leur syst\u00e8me audio avec un appareil compact, technologiquement avanc\u00e9 et reconnu pour sa qualit\u00e9. En r\u00e9sum\u00e9, le subwoofer MTX Audio se positionne comme un \u00e9quipement fiable et polyvalent pour les utilisateurs d\u00e9sirant ajouter puissance et d\u00e9finition \u00e0 leur exp\u00e9rience sonore.<\/p>\n<ul>\n<li>Type: Subwoofer<\/li>\n<\/ul>","protected":false},"excerpt":{"rendered":"<p>Si vous \u00eates \u00e0 la recherche de nouvelles tendances sur le march\u00e9, nous vous pr\u00e9sentons Caisson de basse Mtx Audio ! Le subwoofer actif de la marque MTX Audio est con\u00e7u pour offrir une exp\u00e9rience sonore am\u00e9lior\u00e9e dans les syst\u00e8mes audio, notamment pour les applications de son surround et de renforcement des basses. Cet appareil [&hellip;]<\/p>\n","protected":false},"featured_media":50185,"comment_status":"open","ping_status":"closed","template":"","meta":[],"product_brand":[1097],"product_cat":[755,763,65],"product_tag":[59,106],"class_list":{"0":"post-50189","1":"product","2":"type-product","3":"status-publish","4":"has-post-thumbnail","6":"product_brand-brandp_5967","7":"product_cat-electronique-son","8":"product_cat-haut-parleurs","9":"product_cat-informatique-electronique","10":"product_tag-tag_1304","11":"product_tag-tag_1295","13":"first","14":"instock","15":"taxable","16":"shipping-taxable","17":"purchasable","18":"product-type-simple"},"_links":{"self":[{"href":"https:\/\/bigbuy.tupique.com\/en\/wp-json\/wp\/v2\/product\/50189","targetHints":{"allow":["GET"]}}],"collection":[{"href":"https:\/\/bigbuy.tupique.com\/en\/wp-json\/wp\/v2\/product"}],"about":[{"href":"https:\/\/bigbuy.tupique.com\/en\/wp-json\/wp\/v2\/types\/product"}],"replies":[{"embeddable":true,"href":"https:\/\/bigbuy.tupique.com\/en\/wp-json\/wp\/v2\/comments?post=50189"}],"wp:featuredmedia":[{"embeddable":true,"href":"https:\/\/bigbuy.tupique.com\/en\/wp-json\/wp\/v2\/media\/50185"}],"wp:attachment":[{"href":"https:\/\/bigbuy.tupique.com\/en\/wp-json\/wp\/v2\/media?parent=50189"}],"wp:term":[{"taxonomy":"product_brand","embeddable":true,"href":"https:\/\/bigbuy.tupique.com\/en\/wp-json\/wp\/v2\/product_brand?post=50189"},{"taxonomy":"product_cat","embeddable":true,"href":"https:\/\/bigbuy.tupique.com\/en\/wp-json\/wp\/v2\/product_cat?post=50189"},{"taxonomy":"product_tag","embeddable":true,"href":"https:\/\/bigbuy.tupique.com\/en\/wp-json\/wp\/v2\/product_tag?post=50189"}],"curies":[{"name":"wp","href":"https:\/\/api.w.org\/{rel}","templated":true}]}}