{"id":50135,"date":"2026-03-31T01:33:14","date_gmt":"2026-03-31T00:33:14","guid":{"rendered":"https:\/\/bigbuy.tupique.com\/produto\/microwave-candy-cmca29edlb-st-black\/"},"modified":"2026-04-16T17:11:14","modified_gmt":"2026-04-16T16:11:14","slug":"microwave-candy-cmca29edlb-st-black","status":"publish","type":"product","link":"https:\/\/bigbuy.tupique.com\/en\/produto\/microwave-candy-cmca29edlb-st-black\/","title":{"rendered":"Micro-ondes Candy CMCA29EDLB\/ST Noir"},"content":{"rendered":"<p>Si vous recherchez des \u00e9lectrom\u00e9nagers pour votre maison aux meilleurs prix, ne manquez pas <b>Micro-ondes Candy CMCA29EDLB\/ST Noir<\/b> et une large s\u00e9lection de petits \u00e9lectrom\u00e9nagers de qualit\u00e9 !<\/p>\n<p>Le <b>micro-ondes<\/b> <b>Candy CMCA29EDLB\/ST<\/b> est une solution polyvalente pour la maison qui allie efficacit\u00e9 et fonctionnalit\u00e9 dans un design moderne. Avec une <b>capacit\u00e9 de 29 litres<\/b>, il offre suffisamment d\u2019espace pour cuisiner et r\u00e9chauffer une grande vari\u00e9t\u00e9 d\u2019aliments, id\u00e9al pour les familles ou les environnements n\u00e9cessitant une cuisson pratique. Sa <b>puissance de 1000 W<\/b> permet un chauffage rapide et uniforme, tandis que les <b>8 niveaux de puissance<\/b> offrent la flexibilit\u00e9 d\u2019adapter le temps et l\u2019intensit\u00e9 \u00e0 chaque type de plat ou besoin culinaire. Ce mod\u00e8le se distingue par sa cavit\u00e9 int\u00e9rieure en <b>acier inoxydable<\/b>, facilitant le nettoyage et am\u00e9liorant la durabilit\u00e9 face \u00e0 une utilisation fr\u00e9quente. Il dispose \u00e9galement d\u2019une fonction grill de <b>1000 W<\/b>, permettant de dorer et gratiner les aliments, \u00e9largissant les options de pr\u00e9paration dans un seul appareil. Sa finition combine un \u00e9l\u00e9gant <b>coloris noir<\/b> avec des d\u00e9tails en <b>acier<\/b> qui s\u2019adaptent \u00e0 tout style de cuisine contemporaine. L\u2019interface digitale permet une utilisation simple et pr\u00e9cise des fonctions, offrant plus de confort et de contr\u00f4le pendant la cuisson. Le micro-ondes est \u00e9quip\u00e9 d\u2019une <b>prise EU<\/b>, adapt\u00e9e au march\u00e9 europ\u00e9en. Ce mod\u00e8le Candy CMCA29EDLB\/ST r\u00e9unit des caract\u00e9ristiques \u00e9quilibrant capacit\u00e9, puissance et design, se positionnant comme une option pratique et compl\u00e8te pour ceux qui recherchent un micro-ondes combin\u00e9 grill efficace et facile \u00e0 entretenir.<\/p>\n<ul>\n<li>Produit \u00e0 brancher: Oui<\/li>\n<li>Type de prise: Prise EU<\/li>\n<li>puissance:\n<ul>\n<li>1000 W<\/li>\n<li>8 niveaux<\/li>\n<\/ul>\n<\/li>\n<li>Capacit\u00e9: 29 L<\/li>\n<li>Couleur:\n<ul>\n<li>Acier<\/li>\n<li>Noir<\/li>\n<\/ul>\n<\/li>\n<li>Bloc d\u2019Alimentation: r\u00e9seau \u00e9lectrique<\/li>\n<li>Dimensions approx.: 50 x 36 x 58 cm<\/li>\n<\/ul>","protected":false},"excerpt":{"rendered":"<p><span class=\"unit-info\">9.5859 &euro; \/ 1 l<\/span><\/p>","protected":false},"featured_media":50129,"comment_status":"open","ping_status":"closed","template":"","meta":[],"product_brand":[995],"product_cat":[60,727,77],"product_tag":[55,59,56],"class_list":{"0":"post-50135","1":"product","2":"type-product","3":"status-publish","4":"has-post-thumbnail","6":"product_brand-brandp_1688","7":"product_cat-cuisine-gourmet","8":"product_cat-micro-ondes","9":"product_cat-petit-electromenager","10":"product_tag-tag_926","11":"product_tag-tag_1304","12":"product_tag-tag_930","14":"first","15":"instock","16":"taxable","17":"shipping-taxable","18":"purchasable","19":"product-type-simple"},"_links":{"self":[{"href":"https:\/\/bigbuy.tupique.com\/en\/wp-json\/wp\/v2\/product\/50135","targetHints":{"allow":["GET"]}}],"collection":[{"href":"https:\/\/bigbuy.tupique.com\/en\/wp-json\/wp\/v2\/product"}],"about":[{"href":"https:\/\/bigbuy.tupique.com\/en\/wp-json\/wp\/v2\/types\/product"}],"replies":[{"embeddable":true,"href":"https:\/\/bigbuy.tupique.com\/en\/wp-json\/wp\/v2\/comments?post=50135"}],"wp:featuredmedia":[{"embeddable":true,"href":"https:\/\/bigbuy.tupique.com\/en\/wp-json\/wp\/v2\/media\/50129"}],"wp:attachment":[{"href":"https:\/\/bigbuy.tupique.com\/en\/wp-json\/wp\/v2\/media?parent=50135"}],"wp:term":[{"taxonomy":"product_brand","embeddable":true,"href":"https:\/\/bigbuy.tupique.com\/en\/wp-json\/wp\/v2\/product_brand?post=50135"},{"taxonomy":"product_cat","embeddable":true,"href":"https:\/\/bigbuy.tupique.com\/en\/wp-json\/wp\/v2\/product_cat?post=50135"},{"taxonomy":"product_tag","embeddable":true,"href":"https:\/\/bigbuy.tupique.com\/en\/wp-json\/wp\/v2\/product_tag?post=50135"}],"curies":[{"name":"wp","href":"https:\/\/api.w.org\/{rel}","templated":true}]}}