{"id":50031,"date":"2026-03-31T01:17:20","date_gmt":"2026-03-31T00:17:20","guid":{"rendered":"https:\/\/bigbuy.tupique.com\/produto\/keyboard-microsoft-8x8-00143-black-qwerty\/"},"modified":"2026-05-11T20:00:47","modified_gmt":"2026-05-11T18:00:47","slug":"keyboard-microsoft-8x8-00143-black-qwerty","status":"publish","type":"product","link":"https:\/\/bigbuy.tupique.com\/en\/produto\/keyboard-microsoft-8x8-00143-black-qwerty\/","title":{"rendered":"Clavier Microsoft 8X8-00143 Noir QWERTY"},"content":{"rendered":"<p>Si vous \u00eates passionn\u00e9 d&#8217;<b>informatique et d&#8217;\u00e9lectronique<\/b>, si vous \u00eates \u00e0 la pointe de la technologie et qu&#8217;aucun d\u00e9tail ne vous \u00e9chappe, achetez <b>Clavier Microsoft 8X8-00143 Noir QWERTY<\/b> au meilleur prix.<\/p>\n<ul>\n<li>Type: Clavier<\/li>\n<li>Clavier:\n<ul>\n<li>Espagnol Qwerty<\/li>\n<li>QWERTY<\/li>\n<\/ul>\n<\/li>\n<li>Couleur: Noir<\/li>\n<li>Connexions: Couplage<\/li>\n<li>Inclut: Touchpad<\/li>\n<\/ul>","protected":false},"excerpt":{"rendered":"<p>Si vous \u00eates passionn\u00e9 d&#8217;informatique et d&#8217;\u00e9lectronique, si vous \u00eates \u00e0 la pointe de la technologie et qu&#8217;aucun d\u00e9tail ne vous \u00e9chappe, achetez Clavier Microsoft 8X8-00143 Noir QWERTY au meilleur prix. Type: Clavier Clavier: Espagnol Qwerty QWERTY Couleur: Noir Connexions: Couplage Inclut: Touchpad<\/p>","protected":false},"featured_media":50030,"comment_status":"open","ping_status":"closed","template":"","meta":[],"product_brand":[852],"product_cat":[729,65,581],"product_tag":[213,106],"class_list":{"0":"post-50031","1":"product","2":"type-product","3":"status-publish","4":"has-post-thumbnail","6":"product_brand-brandp_564","7":"product_cat-claviers","8":"product_cat-informatique-electronique","9":"product_cat-informatique-peripheriques-et-consommables","10":"product_tag-tag_933","11":"product_tag-tag_1295","13":"first","14":"instock","15":"taxable","16":"shipping-taxable","17":"purchasable","18":"product-type-simple"},"_links":{"self":[{"href":"https:\/\/bigbuy.tupique.com\/en\/wp-json\/wp\/v2\/product\/50031","targetHints":{"allow":["GET"]}}],"collection":[{"href":"https:\/\/bigbuy.tupique.com\/en\/wp-json\/wp\/v2\/product"}],"about":[{"href":"https:\/\/bigbuy.tupique.com\/en\/wp-json\/wp\/v2\/types\/product"}],"replies":[{"embeddable":true,"href":"https:\/\/bigbuy.tupique.com\/en\/wp-json\/wp\/v2\/comments?post=50031"}],"wp:featuredmedia":[{"embeddable":true,"href":"https:\/\/bigbuy.tupique.com\/en\/wp-json\/wp\/v2\/media\/50030"}],"wp:attachment":[{"href":"https:\/\/bigbuy.tupique.com\/en\/wp-json\/wp\/v2\/media?parent=50031"}],"wp:term":[{"taxonomy":"product_brand","embeddable":true,"href":"https:\/\/bigbuy.tupique.com\/en\/wp-json\/wp\/v2\/product_brand?post=50031"},{"taxonomy":"product_cat","embeddable":true,"href":"https:\/\/bigbuy.tupique.com\/en\/wp-json\/wp\/v2\/product_cat?post=50031"},{"taxonomy":"product_tag","embeddable":true,"href":"https:\/\/bigbuy.tupique.com\/en\/wp-json\/wp\/v2\/product_tag?post=50031"}],"curies":[{"name":"wp","href":"https:\/\/api.w.org\/{rel}","templated":true}]}}