{"id":49716,"date":"2026-03-31T00:43:55","date_gmt":"2026-03-30T23:43:55","guid":{"rendered":"https:\/\/bigbuy.tupique.com\/produto\/switch-tp-link-es228gmp\/"},"modified":"2026-04-16T09:05:56","modified_gmt":"2026-04-16T08:05:56","slug":"switch-tp-link-es228gmp","status":"publish","type":"product","link":"https:\/\/bigbuy.tupique.com\/en\/produto\/switch-tp-link-es228gmp\/","title":{"rendered":"Switch TP-Link ES228GMP"},"content":{"rendered":"<p>Si vous \u00eates \u00e0 la recherche de nouvelles tendances sur le march\u00e9, nous vous pr\u00e9sentons <b>Switch TP-Link ES228GMP<\/b> !<\/p>\n<p>Le <b>TP-Link ES228GMP<\/b> est un <b>switch<\/b> r\u00e9seau con\u00e7u pour les environnements professionnels n\u00e9cessitant une solution efficace et robuste pour la gestion des connexions Gigabit. Ce mod\u00e8le se distingue par ses <b>28 ports<\/b>, dont <b>24 sont PoE+<\/b>, permettant d\u2019alimenter directement les appareils compatibles via le c\u00e2ble Ethernet sans adaptateurs suppl\u00e9mentaires, simplifiant ainsi l\u2019installation de cam\u00e9ras IP, points d\u2019acc\u00e8s sans fil ou t\u00e9l\u00e9phones VoIP. Il dispose \u00e9galement d\u2019un <b>port PoE suppl\u00e9mentaire<\/b> et d\u2019un total de <b>26 ports RJ45<\/b> garantissant un grand nombre de connexions simultan\u00e9es. Sa structure m\u00e9tallique de couleur <b>noire<\/b> offre durabilit\u00e9 et r\u00e9sistance dans les environnements exigeants, compl\u00e9t\u00e9e par des voyants LED facilitant la surveillance en temps r\u00e9el de chaque port. Avec la technologie <b>Gigabit Ethernet<\/b>, ce switch assure des transferts rapides et stables, adapt\u00e9s aux r\u00e9seaux \u00e0 forte demande de bande passante. Il inclut un guide d\u2019installation pour simplifier le processus et un syst\u00e8me multi-supports permettant une adaptation facile aux diff\u00e9rentes configurations physiques, que ce soit en montage rack ou sur bureau. Sa puissance maximale g\u00e9r\u00e9e est de <b>30W<\/b>, suffisante pour alimenter plusieurs appareils sans compromettre la stabilit\u00e9 du r\u00e9seau. L\u2019alliance de son design intelligent et de ses performances fait de l\u2019ES228GMP une option solide et polyvalente pour am\u00e9liorer l\u2019infrastructure r\u00e9seau, optimisant \u00e0 la fois la performance et la gestion centralis\u00e9e dans les bureaux, PME ou environnements r\u00e9seau complexes. En r\u00e9sum\u00e9, ce switch offre un \u00e9quilibre id\u00e9al entre capacit\u00e9, facilit\u00e9 d\u2019utilisation et fiabilit\u00e9 pour les r\u00e9seaux Gigabit avec support PoE+ int\u00e9gr\u00e9.<\/p>\n<ul>\n<li>Produit \u00e0 brancher: Oui<\/li>\n<li>Type: Switch<\/li>\n<\/ul>","protected":false},"excerpt":{"rendered":"<p><span class=\"unit-info\">1106.0303 &euro; \/ 1 m<\/span><\/p>","protected":false},"featured_media":49711,"comment_status":"open","ping_status":"closed","template":"","meta":[],"product_brand":[1435],"product_cat":[65,584,585],"product_tag":[106],"class_list":{"0":"post-49716","1":"product","2":"type-product","3":"status-publish","4":"has-post-thumbnail","6":"product_brand-brandp_585","7":"product_cat-informatique-electronique","8":"product_cat-informatique-reseaux-et-composants","9":"product_cat-switch","10":"product_tag-tag_1295","12":"first","13":"instock","14":"taxable","15":"shipping-taxable","16":"purchasable","17":"product-type-simple"},"_links":{"self":[{"href":"https:\/\/bigbuy.tupique.com\/en\/wp-json\/wp\/v2\/product\/49716","targetHints":{"allow":["GET"]}}],"collection":[{"href":"https:\/\/bigbuy.tupique.com\/en\/wp-json\/wp\/v2\/product"}],"about":[{"href":"https:\/\/bigbuy.tupique.com\/en\/wp-json\/wp\/v2\/types\/product"}],"replies":[{"embeddable":true,"href":"https:\/\/bigbuy.tupique.com\/en\/wp-json\/wp\/v2\/comments?post=49716"}],"wp:featuredmedia":[{"embeddable":true,"href":"https:\/\/bigbuy.tupique.com\/en\/wp-json\/wp\/v2\/media\/49711"}],"wp:attachment":[{"href":"https:\/\/bigbuy.tupique.com\/en\/wp-json\/wp\/v2\/media?parent=49716"}],"wp:term":[{"taxonomy":"product_brand","embeddable":true,"href":"https:\/\/bigbuy.tupique.com\/en\/wp-json\/wp\/v2\/product_brand?post=49716"},{"taxonomy":"product_cat","embeddable":true,"href":"https:\/\/bigbuy.tupique.com\/en\/wp-json\/wp\/v2\/product_cat?post=49716"},{"taxonomy":"product_tag","embeddable":true,"href":"https:\/\/bigbuy.tupique.com\/en\/wp-json\/wp\/v2\/product_tag?post=49716"}],"curies":[{"name":"wp","href":"https:\/\/api.w.org\/{rel}","templated":true}]}}