{"id":49108,"date":"2026-03-30T23:57:02","date_gmt":"2026-03-30T22:57:02","guid":{"rendered":"https:\/\/bigbuy.tupique.com\/produto\/server-hpe-p89227-425\/"},"modified":"2026-04-15T07:38:35","modified_gmt":"2026-04-15T06:38:35","slug":"server-hpe-p89227-425","status":"publish","type":"product","link":"https:\/\/bigbuy.tupique.com\/en\/produto\/server-hpe-p89227-425\/","title":{"rendered":"Serveur HPE P89227-425"},"content":{"rendered":"<p>Si vous \u00eates \u00e0 la recherche de nouvelles tendances sur le march\u00e9, nous vous pr\u00e9sentons <b>Serveur HPE P89227-425<\/b> !<\/p>\n<ul>\n<li>Type: Serveur<\/li>\n<li>Produit \u00e0 brancher: Oui<\/li>\n<li>Connexions: Ethernet LAN<\/li>\n<li>Bloc d\u2019Alimentation:\n<ul>\n<li>800 W<\/li>\n<li>800 V<\/li>\n<\/ul>\n<\/li>\n<li>Type de m\u00e9moire: DDR5 SDRAM<\/li>\n<li>Connectivit\u00e9: Ethernet LAN<\/li>\n<li>Non Inclus: Type d&#8217;unit\u00e9 optique<\/li>\n<\/ul>","protected":false},"excerpt":{"rendered":"<p>Si vous \u00eates \u00e0 la recherche de nouvelles tendances sur le march\u00e9, nous vous pr\u00e9sentons Serveur HPE P89227-425 ! Type: Serveur Produit \u00e0 brancher: Oui Connexions: Ethernet LAN Bloc d\u2019Alimentation: 800 W 800 V Type de m\u00e9moire: DDR5 SDRAM Connectivit\u00e9: Ethernet LAN Non Inclus: Type d&#8217;unit\u00e9 optique<\/p>","protected":false},"featured_media":49105,"comment_status":"open","ping_status":"closed","template":"","meta":[],"product_brand":[644],"product_cat":[65,958,959],"product_tag":[106],"class_list":{"0":"post-49108","1":"product","2":"type-product","3":"status-publish","4":"has-post-thumbnail","6":"product_brand-brandp_662","7":"product_cat-informatique-electronique","8":"product_cat-informatique-ordinateurs","9":"product_cat-serveurs","10":"product_tag-tag_1295","12":"first","13":"instock","14":"taxable","15":"shipping-taxable","16":"purchasable","17":"product-type-simple"},"_links":{"self":[{"href":"https:\/\/bigbuy.tupique.com\/en\/wp-json\/wp\/v2\/product\/49108","targetHints":{"allow":["GET"]}}],"collection":[{"href":"https:\/\/bigbuy.tupique.com\/en\/wp-json\/wp\/v2\/product"}],"about":[{"href":"https:\/\/bigbuy.tupique.com\/en\/wp-json\/wp\/v2\/types\/product"}],"replies":[{"embeddable":true,"href":"https:\/\/bigbuy.tupique.com\/en\/wp-json\/wp\/v2\/comments?post=49108"}],"wp:featuredmedia":[{"embeddable":true,"href":"https:\/\/bigbuy.tupique.com\/en\/wp-json\/wp\/v2\/media\/49105"}],"wp:attachment":[{"href":"https:\/\/bigbuy.tupique.com\/en\/wp-json\/wp\/v2\/media?parent=49108"}],"wp:term":[{"taxonomy":"product_brand","embeddable":true,"href":"https:\/\/bigbuy.tupique.com\/en\/wp-json\/wp\/v2\/product_brand?post=49108"},{"taxonomy":"product_cat","embeddable":true,"href":"https:\/\/bigbuy.tupique.com\/en\/wp-json\/wp\/v2\/product_cat?post=49108"},{"taxonomy":"product_tag","embeddable":true,"href":"https:\/\/bigbuy.tupique.com\/en\/wp-json\/wp\/v2\/product_tag?post=49108"}],"curies":[{"name":"wp","href":"https:\/\/api.w.org\/{rel}","templated":true}]}}