{"id":49090,"date":"2026-03-30T23:56:22","date_gmt":"2026-03-30T22:56:22","guid":{"rendered":"https:\/\/bigbuy.tupique.com\/produto\/tablet-microsoft-pro11-plus-16-512-13-qualcomm-snapdragon-16-gb-ram-512-gb-platinum\/"},"modified":"2026-05-11T20:00:00","modified_gmt":"2026-05-11T18:00:00","slug":"tablet-microsoft-pro11-plus-16-512-13-qualcomm-snapdragon-16-gb-ram-512-gb-platinum","status":"publish","type":"product","link":"https:\/\/bigbuy.tupique.com\/en\/produto\/tablet-microsoft-pro11-plus-16-512-13-qualcomm-snapdragon-16-gb-ram-512-gb-platinum\/","title":{"rendered":"Tablette Microsoft PRO11 PLUS\/16\/512 13&#8243; Qualcomm Snapdragon 16 GB RAM 512 GB Platine"},"content":{"rendered":"<p>Si vous \u00eates \u00e0 la recherche de nouvelles tendances sur le march\u00e9, nous vous pr\u00e9sentons <b>Tablette Microsoft PRO11 PLUS\/16\/512 13&#8243; Qualcomm Snapdragon 16 GB RAM 512 GB Platine<\/b> !<\/p>\n<ul>\n<li>Diagonale de l&#8217;\u00e9cran (cm):\n<ul>\n<li>33 cm<\/li>\n<li>27,9 cm<\/li>\n<\/ul>\n<\/li>\n<li>Type:\n<ul>\n<li>Tablette<\/li>\n<li>SSD<\/li>\n<\/ul>\n<\/li>\n<li>Produit \u00e0 brancher: Oui<\/li>\n<li>Type de prise: Prise EU<\/li>\n<li>Gyroscope: Oui<\/li>\n<li>Mati\u00e8re: Aluminium<\/li>\n<li>Pile incluse: Oui<\/li>\n<li>Capacit\u00e9 de la batterie: 48 Wh<\/li>\n<li>Acc\u00e9l\u00e9rom\u00e8tre: Oui<\/li>\n<li>Plate-forme: Windows<\/li>\n<li>Connectivit\u00e9: Bluetooth<\/li>\n<li>Connexions: USB<\/li>\n<li>Ecran: 13&#8243;<\/li>\n<li>Processeur: Qualcomm Snapdragon<\/li>\n<li>M\u00e9moire RAM: 16 GB RAM<\/li>\n<li>M\u00e9moire interne: 512 GB<\/li>\n<li>Couleur: Platine<\/li>\n<\/ul>","protected":false},"excerpt":{"rendered":"<p>Si vous \u00eates \u00e0 la recherche de nouvelles tendances sur le march\u00e9, nous vous pr\u00e9sentons Tablette Microsoft PRO11 PLUS\/16\/512 13&#8243; Qualcomm Snapdragon 16 GB RAM 512 GB Platine ! Diagonale de l&#8217;\u00e9cran (cm): 33 cm 27,9 cm Type: Tablette SSD Produit \u00e0 brancher: Oui Type de prise: Prise EU Gyroscope: Oui Mati\u00e8re: Aluminium Pile incluse: [&hellip;]<\/p>\n","protected":false},"featured_media":49085,"comment_status":"open","ping_status":"closed","template":"","meta":[],"product_brand":[852],"product_cat":[575,65,1052],"product_tag":[566,106],"class_list":{"0":"post-49090","1":"product","2":"type-product","3":"status-publish","4":"has-post-thumbnail","6":"product_brand-brandp_564","7":"product_cat-electronique-telephonie-et-tablettes","8":"product_cat-informatique-electronique","9":"product_cat-tablettes","10":"product_tag-tag_547","11":"product_tag-tag_1295","13":"first","14":"instock","15":"taxable","16":"shipping-taxable","17":"purchasable","18":"product-type-simple"},"_links":{"self":[{"href":"https:\/\/bigbuy.tupique.com\/en\/wp-json\/wp\/v2\/product\/49090","targetHints":{"allow":["GET"]}}],"collection":[{"href":"https:\/\/bigbuy.tupique.com\/en\/wp-json\/wp\/v2\/product"}],"about":[{"href":"https:\/\/bigbuy.tupique.com\/en\/wp-json\/wp\/v2\/types\/product"}],"replies":[{"embeddable":true,"href":"https:\/\/bigbuy.tupique.com\/en\/wp-json\/wp\/v2\/comments?post=49090"}],"wp:featuredmedia":[{"embeddable":true,"href":"https:\/\/bigbuy.tupique.com\/en\/wp-json\/wp\/v2\/media\/49085"}],"wp:attachment":[{"href":"https:\/\/bigbuy.tupique.com\/en\/wp-json\/wp\/v2\/media?parent=49090"}],"wp:term":[{"taxonomy":"product_brand","embeddable":true,"href":"https:\/\/bigbuy.tupique.com\/en\/wp-json\/wp\/v2\/product_brand?post=49090"},{"taxonomy":"product_cat","embeddable":true,"href":"https:\/\/bigbuy.tupique.com\/en\/wp-json\/wp\/v2\/product_cat?post=49090"},{"taxonomy":"product_tag","embeddable":true,"href":"https:\/\/bigbuy.tupique.com\/en\/wp-json\/wp\/v2\/product_tag?post=49090"}],"curies":[{"name":"wp","href":"https:\/\/api.w.org\/{rel}","templated":true}]}}