{"id":49080,"date":"2026-03-30T23:55:58","date_gmt":"2026-03-30T22:55:58","guid":{"rendered":"https:\/\/bigbuy.tupique.com\/produto\/screen-table-support-samsung-stn-km24cxen\/"},"modified":"2026-04-15T07:38:34","modified_gmt":"2026-04-15T06:38:34","slug":"screen-table-support-samsung-stn-km24cxen","status":"publish","type":"product","link":"https:\/\/bigbuy.tupique.com\/en\/produto\/screen-table-support-samsung-stn-km24cxen\/","title":{"rendered":"Support de table d&#8217;\u00e9cran Samsung STN-KM24CXEN"},"content":{"rendered":"<p>Si vous \u00eates \u00e0 la recherche de nouvelles tendances sur le march\u00e9, nous vous pr\u00e9sentons <b>Support de table d&#8217;\u00e9cran Samsung STN-KM24CXEN<\/b> !<\/p>\n<ul>\n<li>Type: Support<\/li>\n<\/ul>","protected":false},"excerpt":{"rendered":"<p>Si vous \u00eates \u00e0 la recherche de nouvelles tendances sur le march\u00e9, nous vous pr\u00e9sentons Support de table d&#8217;\u00e9cran Samsung STN-KM24CXEN ! Type: Support<\/p>","protected":false},"featured_media":49079,"comment_status":"open","ping_status":"closed","template":"","meta":[],"product_brand":[183],"product_cat":[65,581,586],"product_tag":[106],"class_list":{"0":"post-49080","1":"product","2":"type-product","3":"status-publish","4":"has-post-thumbnail","6":"product_brand-brandp_576","7":"product_cat-informatique-electronique","8":"product_cat-informatique-peripheriques-et-consommables","9":"product_cat-supports-pour-ecrans","10":"product_tag-tag_1295","12":"first","13":"instock","14":"taxable","15":"shipping-taxable","16":"purchasable","17":"product-type-simple"},"_links":{"self":[{"href":"https:\/\/bigbuy.tupique.com\/en\/wp-json\/wp\/v2\/product\/49080","targetHints":{"allow":["GET"]}}],"collection":[{"href":"https:\/\/bigbuy.tupique.com\/en\/wp-json\/wp\/v2\/product"}],"about":[{"href":"https:\/\/bigbuy.tupique.com\/en\/wp-json\/wp\/v2\/types\/product"}],"replies":[{"embeddable":true,"href":"https:\/\/bigbuy.tupique.com\/en\/wp-json\/wp\/v2\/comments?post=49080"}],"wp:featuredmedia":[{"embeddable":true,"href":"https:\/\/bigbuy.tupique.com\/en\/wp-json\/wp\/v2\/media\/49079"}],"wp:attachment":[{"href":"https:\/\/bigbuy.tupique.com\/en\/wp-json\/wp\/v2\/media?parent=49080"}],"wp:term":[{"taxonomy":"product_brand","embeddable":true,"href":"https:\/\/bigbuy.tupique.com\/en\/wp-json\/wp\/v2\/product_brand?post=49080"},{"taxonomy":"product_cat","embeddable":true,"href":"https:\/\/bigbuy.tupique.com\/en\/wp-json\/wp\/v2\/product_cat?post=49080"},{"taxonomy":"product_tag","embeddable":true,"href":"https:\/\/bigbuy.tupique.com\/en\/wp-json\/wp\/v2\/product_tag?post=49080"}],"curies":[{"name":"wp","href":"https:\/\/api.w.org\/{rel}","templated":true}]}}