{"id":49076,"date":"2026-03-30T23:55:53","date_gmt":"2026-03-30T22:55:53","guid":{"rendered":"https:\/\/bigbuy.tupique.com\/produto\/bluetooth-headband-headphones-jabra-evolve3-75-ms-link390c-black\/"},"modified":"2026-04-16T09:21:19","modified_gmt":"2026-04-16T08:21:19","slug":"bluetooth-headband-headphones-jabra-evolve3-75-ms-link390c-black","status":"publish","type":"product","link":"https:\/\/bigbuy.tupique.com\/en\/produto\/bluetooth-headband-headphones-jabra-evolve3-75-ms-link390c-black\/","title":{"rendered":"Casque Bluetooth \u00e0 Bandeau Jabra EVOLVE3 75 MS LINK390C Noir"},"content":{"rendered":"<p>Si vous \u00eates \u00e0 la recherche de nouvelles tendances sur le march\u00e9, nous vous pr\u00e9sentons <b>Casque Bluetooth \u00e0 Bandeau Jabra EVOLVE3 75 MS LINK390C Noir<\/b> !<\/p>\n<ul>\n<li>Type:\n<ul>\n<li>Casques Sans Fil<\/li>\n<li>\u00c9couteur<\/li>\n<li>Sans fil<\/li>\n<li>Casque audio<\/li>\n<\/ul>\n<\/li>\n<li>Fr\u00e9quence: 20 &#8211; 20000 Hz<\/li>\n<li>Longueur du c\u00e2ble: 1,2 m<\/li>\n<li>Type de casque: Externe supra-aural<\/li>\n<li>Connectivit\u00e9:\n<ul>\n<li>Bluetooth<\/li>\n<li>Sans fil<\/li>\n<\/ul>\n<\/li>\n<li>Type de batterie:\n<ul>\n<li>Litio Ion<\/li>\n<li>Batterie au lithium rechargeable<\/li>\n<\/ul>\n<\/li>\n<li>Connexions:\n<ul>\n<li>USB-C<\/li>\n<li>Jack 3.5 mm<\/li>\n<\/ul>\n<\/li>\n<li>Caract\u00e9ristiques: Batterie int\u00e9gr\u00e9e<\/li>\n<li>Couleur: Noir<\/li>\n<li>Port\u00e9e: 30 m<\/li>\n<li>Langue: Anglais<\/li>\n<li>\u00c2ge recommand\u00e9: Adultes<\/li>\n<\/ul>","protected":false},"excerpt":{"rendered":"<p>Si vous \u00eates \u00e0 la recherche de nouvelles tendances sur le march\u00e9, nous vous pr\u00e9sentons Casque Bluetooth \u00e0 Bandeau Jabra EVOLVE3 75 MS LINK390C Noir ! Type: Casques Sans Fil \u00c9couteur Sans fil Casque audio Fr\u00e9quence: 20 &#8211; 20000 Hz Longueur du c\u00e2ble: 1,2 m Type de casque: Externe supra-aural Connectivit\u00e9: Bluetooth Sans fil Type [&hellip;]<\/p>\n","protected":false},"featured_media":49075,"comment_status":"open","ping_status":"closed","template":"","meta":[],"product_brand":[642],"product_cat":[65,581,594],"product_tag":[213,566,106],"class_list":{"0":"post-49076","1":"product","2":"type-product","3":"status-publish","4":"has-post-thumbnail","6":"product_brand-brandp_3341","7":"product_cat-informatique-electronique","8":"product_cat-informatique-peripheriques-et-consommables","9":"product_cat-micros-et-ecouteurs","10":"product_tag-tag_933","11":"product_tag-tag_547","12":"product_tag-tag_1295","14":"first","15":"instock","16":"taxable","17":"shipping-taxable","18":"purchasable","19":"product-type-simple"},"_links":{"self":[{"href":"https:\/\/bigbuy.tupique.com\/en\/wp-json\/wp\/v2\/product\/49076","targetHints":{"allow":["GET"]}}],"collection":[{"href":"https:\/\/bigbuy.tupique.com\/en\/wp-json\/wp\/v2\/product"}],"about":[{"href":"https:\/\/bigbuy.tupique.com\/en\/wp-json\/wp\/v2\/types\/product"}],"replies":[{"embeddable":true,"href":"https:\/\/bigbuy.tupique.com\/en\/wp-json\/wp\/v2\/comments?post=49076"}],"wp:featuredmedia":[{"embeddable":true,"href":"https:\/\/bigbuy.tupique.com\/en\/wp-json\/wp\/v2\/media\/49075"}],"wp:attachment":[{"href":"https:\/\/bigbuy.tupique.com\/en\/wp-json\/wp\/v2\/media?parent=49076"}],"wp:term":[{"taxonomy":"product_brand","embeddable":true,"href":"https:\/\/bigbuy.tupique.com\/en\/wp-json\/wp\/v2\/product_brand?post=49076"},{"taxonomy":"product_cat","embeddable":true,"href":"https:\/\/bigbuy.tupique.com\/en\/wp-json\/wp\/v2\/product_cat?post=49076"},{"taxonomy":"product_tag","embeddable":true,"href":"https:\/\/bigbuy.tupique.com\/en\/wp-json\/wp\/v2\/product_tag?post=49076"}],"curies":[{"name":"wp","href":"https:\/\/api.w.org\/{rel}","templated":true}]}}