{"id":48867,"date":"2026-03-30T23:38:34","date_gmt":"2026-03-30T22:38:34","guid":{"rendered":"https:\/\/bigbuy.tupique.com\/produto\/mens-watch-baume-mercier-clifton\/"},"modified":"2026-04-15T07:38:25","modified_gmt":"2026-04-15T06:38:25","slug":"mens-watch-baume-mercier-clifton","status":"publish","type":"product","link":"https:\/\/bigbuy.tupique.com\/en\/produto\/mens-watch-baume-mercier-clifton\/","title":{"rendered":"Montre Homme Baume &amp; Mercier CLIFTON"},"content":{"rendered":"<p>Si vous \u00eates \u00e0 la recherche de nouvelles tendances sur le march\u00e9, nous vous pr\u00e9sentons <b>Montre Homme Baume &amp; Mercier CLIFTON<\/b> !<\/p>\n<ul>\n<li>Liens suppl\u00e9mentaires: Non<\/li>\n<li>Type de montre: Montre-bracelet<\/li>\n<li>Genre: Homme<\/li>\n<li>Mat\u00e9riau du bracelet: Cuir<\/li>\n<li>Inclut: Inclut un \u00e9tui ou une housse de la marque<\/li>\n<li>Imperm\u00e9abilit\u00e9: 5 atm<\/li>\n<li>Verre: Saphir<\/li>\n<li>Type de mouvement: Automatique<\/li>\n<\/ul>","protected":false},"excerpt":{"rendered":"<p>Si vous \u00eates \u00e0 la recherche de nouvelles tendances sur le march\u00e9, nous vous pr\u00e9sentons Montre Homme Baume &amp; Mercier CLIFTON ! Liens suppl\u00e9mentaires: Non Type de montre: Montre-bracelet Genre: Homme Mat\u00e9riau du bracelet: Cuir Inclut: Inclut un \u00e9tui ou une housse de la marque Imperm\u00e9abilit\u00e9: 5 atm Verre: Saphir Type de mouvement: Automatique<\/p>","protected":false},"featured_media":48865,"comment_status":"open","ping_status":"closed","template":"","meta":[],"product_brand":[1434],"product_cat":[544,574,545],"product_tag":[103,543],"class_list":{"0":"post-48867","1":"product","2":"type-product","3":"status-publish","4":"has-post-thumbnail","6":"product_brand-brandp_6827","7":"product_cat-mode-accessoires","8":"product_cat-montres-homme","9":"product_cat-montres-bracelets","10":"product_tag-tag_1261","11":"product_tag-tag_61","13":"first","14":"instock","15":"taxable","16":"shipping-taxable","17":"purchasable","18":"product-type-simple"},"_links":{"self":[{"href":"https:\/\/bigbuy.tupique.com\/en\/wp-json\/wp\/v2\/product\/48867","targetHints":{"allow":["GET"]}}],"collection":[{"href":"https:\/\/bigbuy.tupique.com\/en\/wp-json\/wp\/v2\/product"}],"about":[{"href":"https:\/\/bigbuy.tupique.com\/en\/wp-json\/wp\/v2\/types\/product"}],"replies":[{"embeddable":true,"href":"https:\/\/bigbuy.tupique.com\/en\/wp-json\/wp\/v2\/comments?post=48867"}],"wp:featuredmedia":[{"embeddable":true,"href":"https:\/\/bigbuy.tupique.com\/en\/wp-json\/wp\/v2\/media\/48865"}],"wp:attachment":[{"href":"https:\/\/bigbuy.tupique.com\/en\/wp-json\/wp\/v2\/media?parent=48867"}],"wp:term":[{"taxonomy":"product_brand","embeddable":true,"href":"https:\/\/bigbuy.tupique.com\/en\/wp-json\/wp\/v2\/product_brand?post=48867"},{"taxonomy":"product_cat","embeddable":true,"href":"https:\/\/bigbuy.tupique.com\/en\/wp-json\/wp\/v2\/product_cat?post=48867"},{"taxonomy":"product_tag","embeddable":true,"href":"https:\/\/bigbuy.tupique.com\/en\/wp-json\/wp\/v2\/product_tag?post=48867"}],"curies":[{"name":"wp","href":"https:\/\/api.w.org\/{rel}","templated":true}]}}