{"id":48668,"date":"2026-03-30T23:19:33","date_gmt":"2026-03-30T22:19:33","guid":{"rendered":"https:\/\/bigbuy.tupique.com\/produto\/ladies-sunglasses-carrera-flaglab-19\/"},"modified":"2026-04-15T07:38:15","modified_gmt":"2026-04-15T06:38:15","slug":"ladies-sunglasses-carrera-flaglab-19","status":"publish","type":"product","link":"https:\/\/bigbuy.tupique.com\/en\/produto\/ladies-sunglasses-carrera-flaglab-19\/","title":{"rendered":"Lunettes de soleil Femme Carrera FLAGLAB 19"},"content":{"rendered":"<p>Si vous aimez avoir les derni\u00e8res nouveaut\u00e9s en<b>mode et accessoires<\/b> et si les accessoires sont indispensables pour l&#8217;ensemble de votre image, ne passez pas \u00e0 c\u00f4t\u00e9 de <b>Lunettes de soleil Femme Carrera FLAGLAB 19<\/b> ! B\u00e9n\u00e9ficiez des meilleures marques de <b>lunettes de soleil<\/b>.<\/p>\n<ul>\n<li>Type: Lunettes de soleil Femme<\/li>\n<li>Protection: Prot\u00e8gent contre 100 % des rayons UV (UV400)<\/li>\n<li>Mati\u00e8re: M\u00e9tal<\/li>\n<li>Genre: Femme<\/li>\n<li>Couleur: Gris<\/li>\n<\/ul>","protected":false},"excerpt":{"rendered":"<p>Si vous aimez avoir les derni\u00e8res nouveaut\u00e9s enmode et accessoires et si les accessoires sont indispensables pour l&#8217;ensemble de votre image, ne passez pas \u00e0 c\u00f4t\u00e9 de Lunettes de soleil Femme Carrera FLAGLAB 19 ! B\u00e9n\u00e9ficiez des meilleures marques de lunettes de soleil. Type: Lunettes de soleil Femme Protection: Prot\u00e8gent contre 100 % des rayons [&hellip;]<\/p>\n","protected":false},"featured_media":48666,"comment_status":"open","ping_status":"closed","template":"","meta":[],"product_brand":[1432],"product_cat":[773,774,544],"product_tag":[103,542,721,543],"class_list":{"0":"post-48668","1":"product","2":"type-product","3":"status-publish","4":"has-post-thumbnail","6":"product_brand-brandp_340","7":"product_cat-lunettes-de-soleil","8":"product_cat-lunettes-de-soleil-femme","9":"product_cat-mode-accessoires","10":"product_tag-tag_1261","11":"product_tag-tag_1274","12":"product_tag-tag_124","13":"product_tag-tag_61","15":"first","16":"instock","17":"taxable","18":"shipping-taxable","19":"purchasable","20":"product-type-simple"},"_links":{"self":[{"href":"https:\/\/bigbuy.tupique.com\/en\/wp-json\/wp\/v2\/product\/48668","targetHints":{"allow":["GET"]}}],"collection":[{"href":"https:\/\/bigbuy.tupique.com\/en\/wp-json\/wp\/v2\/product"}],"about":[{"href":"https:\/\/bigbuy.tupique.com\/en\/wp-json\/wp\/v2\/types\/product"}],"replies":[{"embeddable":true,"href":"https:\/\/bigbuy.tupique.com\/en\/wp-json\/wp\/v2\/comments?post=48668"}],"wp:featuredmedia":[{"embeddable":true,"href":"https:\/\/bigbuy.tupique.com\/en\/wp-json\/wp\/v2\/media\/48666"}],"wp:attachment":[{"href":"https:\/\/bigbuy.tupique.com\/en\/wp-json\/wp\/v2\/media?parent=48668"}],"wp:term":[{"taxonomy":"product_brand","embeddable":true,"href":"https:\/\/bigbuy.tupique.com\/en\/wp-json\/wp\/v2\/product_brand?post=48668"},{"taxonomy":"product_cat","embeddable":true,"href":"https:\/\/bigbuy.tupique.com\/en\/wp-json\/wp\/v2\/product_cat?post=48668"},{"taxonomy":"product_tag","embeddable":true,"href":"https:\/\/bigbuy.tupique.com\/en\/wp-json\/wp\/v2\/product_tag?post=48668"}],"curies":[{"name":"wp","href":"https:\/\/api.w.org\/{rel}","templated":true}]}}