{"id":48243,"date":"2026-03-30T22:44:58","date_gmt":"2026-03-30T21:44:58","guid":{"rendered":"https:\/\/bigbuy.tupique.com\/produto\/ram-memory-kingston-kf548s38ib-16-16-gb-ddr5-4800-mhz\/"},"modified":"2026-04-16T09:17:13","modified_gmt":"2026-04-16T08:17:13","slug":"ram-memory-kingston-kf548s38ib-16-16-gb-ddr5-4800-mhz","status":"publish","type":"product","link":"https:\/\/bigbuy.tupique.com\/en\/produto\/ram-memory-kingston-kf548s38ib-16-16-gb-ddr5-4800-mhz\/","title":{"rendered":"M\u00e9moire RAM Kingston KF548S38IB-16 16 GB DDR5 4800 MHz"},"content":{"rendered":"<p>Si vous \u00eates passionn\u00e9 d&#8217;<b>informatique et d&#8217;\u00e9lectronique<\/b>, si vous \u00eates \u00e0 la pointe de la technologie et qu&#8217;aucun d\u00e9tail ne vous \u00e9chappe, achetez <b>M\u00e9moire RAM Kingston KF548S38IB-16 16 GB DDR5 4800 MHz<\/b> au meilleur prix.<\/p>\n<ul>\n<li>Type:\n<ul>\n<li>M\u00e9moire (RAM)<\/li>\n<li>DDR5<\/li>\n<\/ul>\n<\/li>\n<li>vitesse:\n<ul>\n<li>2400 MHz<\/li>\n<li>4800 MHz<\/li>\n<\/ul>\n<\/li>\n<li>Largeur: 7 cm<\/li>\n<li>\u00c9lev\u00e9:\n<ul>\n<li>3 cm<\/li>\n<li>30 mm<\/li>\n<\/ul>\n<\/li>\n<li>Long: 7 cm<\/li>\n<li>Latence:\n<ul>\n<li>CL40<\/li>\n<li>CL38<\/li>\n<\/ul>\n<\/li>\n<li>Format: 1 x 16 GB<\/li>\n<li>Facteur de forme:\n<ul>\n<li>262-PIN SO-DIMM<\/li>\n<li>SO-DIMM<\/li>\n<\/ul>\n<\/li>\n<li>Capacit\u00e9: 16 GB<\/li>\n<li>Couleur: Noir<\/li>\n<li>M\u00e9moire RAM: 16 GB RAM<\/li>\n<li>Compatible:\n<ul>\n<li>Ordinateur Portable<\/li>\n<li>Intel XMP 2.0<\/li>\n<\/ul>\n<\/li>\n<li>Tension: 1,1 V<\/li>\n<li>Type de m\u00e9moire: DDR5<\/li>\n<\/ul>","protected":false},"excerpt":{"rendered":"<p>Si vous \u00eates passionn\u00e9 d&#8217;informatique et d&#8217;\u00e9lectronique, si vous \u00eates \u00e0 la pointe de la technologie et qu&#8217;aucun d\u00e9tail ne vous \u00e9chappe, achetez M\u00e9moire RAM Kingston KF548S38IB-16 16 GB DDR5 4800 MHz au meilleur prix. Type: M\u00e9moire (RAM) DDR5 vitesse: 2400 MHz 4800 MHz Largeur: 7 cm \u00c9lev\u00e9: 3 cm 30 mm Long: 7 cm [&hellip;]<\/p>\n","protected":false},"featured_media":48224,"comment_status":"open","ping_status":"closed","template":"","meta":[],"product_brand":[638],"product_cat":[65,584,593],"product_tag":[106],"class_list":{"0":"post-48243","1":"product","2":"type-product","3":"status-publish","4":"has-post-thumbnail","6":"product_brand-brandp_557","7":"product_cat-informatique-electronique","8":"product_cat-informatique-reseaux-et-composants","9":"product_cat-memoires-ram","10":"product_tag-tag_1295","12":"first","13":"instock","14":"taxable","15":"shipping-taxable","16":"purchasable","17":"product-type-simple"},"_links":{"self":[{"href":"https:\/\/bigbuy.tupique.com\/en\/wp-json\/wp\/v2\/product\/48243","targetHints":{"allow":["GET"]}}],"collection":[{"href":"https:\/\/bigbuy.tupique.com\/en\/wp-json\/wp\/v2\/product"}],"about":[{"href":"https:\/\/bigbuy.tupique.com\/en\/wp-json\/wp\/v2\/types\/product"}],"replies":[{"embeddable":true,"href":"https:\/\/bigbuy.tupique.com\/en\/wp-json\/wp\/v2\/comments?post=48243"}],"wp:featuredmedia":[{"embeddable":true,"href":"https:\/\/bigbuy.tupique.com\/en\/wp-json\/wp\/v2\/media\/48224"}],"wp:attachment":[{"href":"https:\/\/bigbuy.tupique.com\/en\/wp-json\/wp\/v2\/media?parent=48243"}],"wp:term":[{"taxonomy":"product_brand","embeddable":true,"href":"https:\/\/bigbuy.tupique.com\/en\/wp-json\/wp\/v2\/product_brand?post=48243"},{"taxonomy":"product_cat","embeddable":true,"href":"https:\/\/bigbuy.tupique.com\/en\/wp-json\/wp\/v2\/product_cat?post=48243"},{"taxonomy":"product_tag","embeddable":true,"href":"https:\/\/bigbuy.tupique.com\/en\/wp-json\/wp\/v2\/product_tag?post=48243"}],"curies":[{"name":"wp","href":"https:\/\/api.w.org\/{rel}","templated":true}]}}