{"id":48118,"date":"2026-03-30T22:33:46","date_gmt":"2026-03-30T21:33:46","guid":{"rendered":"https:\/\/bigbuy.tupique.com\/produto\/mens-watch-guess-gw0748l3\/"},"modified":"2026-04-15T07:37:22","modified_gmt":"2026-04-15T06:37:22","slug":"mens-watch-guess-gw0748l3","status":"publish","type":"product","link":"https:\/\/bigbuy.tupique.com\/en\/produto\/mens-watch-guess-gw0748l3\/","title":{"rendered":"Montre Homme Guess GW0748L3"},"content":{"rendered":"<p>Si vous aimez suivre les derni\u00e8res tendances en mati\u00e8re de mode et accessoires, achetez <b>Montre Homme Guess GW0748L3<\/b> au meilleur prix.<\/p>\n<ul>\n<li>Genre:\n<ul>\n<li>Femme<\/li>\n<li>Homme<\/li>\n<\/ul>\n<\/li>\n<li>Liens suppl\u00e9mentaires: Non<\/li>\n<li>Type de montre: Montre-bracelet<\/li>\n<li>Inclut: Inclut un \u00e9tui ou une housse de la marque<\/li>\n<li>Diam\u00e8tre du bo\u00eetier de la montre: \u00d8 32 mm<\/li>\n<li>Mat\u00e9riau du bo\u00eetier de la montre: Acier inoxydable<\/li>\n<li>Type de mouvement: Quartz<\/li>\n<li>Couleur du cadran: Multicouleur<\/li>\n<li>Type de fermeture: Pression<\/li>\n<li>Mat\u00e9riau du bracelet: Acier inoxydable<\/li>\n<li>Couleur du bracelet: Multicouleur<\/li>\n<li>Couleur du bo\u00eetier de l&#8217;horloge: Multicouleur<\/li>\n<li>Verre: Min\u00e9ral<\/li>\n<\/ul>","protected":false},"excerpt":{"rendered":"<p>Si vous aimez suivre les derni\u00e8res tendances en mati\u00e8re de mode et accessoires, achetez Montre Homme Guess GW0748L3 au meilleur prix. Genre: Femme Homme Liens suppl\u00e9mentaires: Non Type de montre: Montre-bracelet Inclut: Inclut un \u00e9tui ou une housse de la marque Diam\u00e8tre du bo\u00eetier de la montre: \u00d8 32 mm Mat\u00e9riau du bo\u00eetier de la [&hellip;]<\/p>\n","protected":false},"featured_media":48113,"comment_status":"open","ping_status":"closed","template":"","meta":[],"product_brand":[553],"product_cat":[544,574,545],"product_tag":[103,543],"class_list":{"0":"post-48118","1":"product","2":"type-product","3":"status-publish","4":"has-post-thumbnail","6":"product_brand-brandp_835","7":"product_cat-mode-accessoires","8":"product_cat-montres-homme","9":"product_cat-montres-bracelets","10":"product_tag-tag_1261","11":"product_tag-tag_61","13":"first","14":"instock","15":"taxable","16":"shipping-taxable","17":"purchasable","18":"product-type-simple"},"_links":{"self":[{"href":"https:\/\/bigbuy.tupique.com\/en\/wp-json\/wp\/v2\/product\/48118","targetHints":{"allow":["GET"]}}],"collection":[{"href":"https:\/\/bigbuy.tupique.com\/en\/wp-json\/wp\/v2\/product"}],"about":[{"href":"https:\/\/bigbuy.tupique.com\/en\/wp-json\/wp\/v2\/types\/product"}],"replies":[{"embeddable":true,"href":"https:\/\/bigbuy.tupique.com\/en\/wp-json\/wp\/v2\/comments?post=48118"}],"wp:featuredmedia":[{"embeddable":true,"href":"https:\/\/bigbuy.tupique.com\/en\/wp-json\/wp\/v2\/media\/48113"}],"wp:attachment":[{"href":"https:\/\/bigbuy.tupique.com\/en\/wp-json\/wp\/v2\/media?parent=48118"}],"wp:term":[{"taxonomy":"product_brand","embeddable":true,"href":"https:\/\/bigbuy.tupique.com\/en\/wp-json\/wp\/v2\/product_brand?post=48118"},{"taxonomy":"product_cat","embeddable":true,"href":"https:\/\/bigbuy.tupique.com\/en\/wp-json\/wp\/v2\/product_cat?post=48118"},{"taxonomy":"product_tag","embeddable":true,"href":"https:\/\/bigbuy.tupique.com\/en\/wp-json\/wp\/v2\/product_tag?post=48118"}],"curies":[{"name":"wp","href":"https:\/\/api.w.org\/{rel}","templated":true}]}}