{"id":48103,"date":"2026-03-30T22:33:11","date_gmt":"2026-03-30T21:33:11","guid":{"rendered":"https:\/\/bigbuy.tupique.com\/produto\/smartwatch-garmin-vivoactive-6-black-12\/"},"modified":"2026-05-11T19:55:54","modified_gmt":"2026-05-11T17:55:54","slug":"smartwatch-garmin-vivoactive-6-black-12","status":"publish","type":"product","link":"https:\/\/bigbuy.tupique.com\/en\/produto\/smartwatch-garmin-vivoactive-6-black-12\/","title":{"rendered":"Montre intelligente GARMIN Vivoactive 6 Noir 1,2&#8243;"},"content":{"rendered":"<p>Si vous \u00eates passionn\u00e9 d&#8217;<b>informatique et d&#8217;\u00e9lectronique<\/b>, si vous \u00eates \u00e0 la pointe de la technologie et qu&#8217;aucun d\u00e9tail ne vous \u00e9chappe, achetez <b>Montre intelligente GARMIN Vivoactive 6 Noir 1,2&#8243;<\/b> au meilleur prix.<\/p>\n<p>La <b>smartwatch<\/b> Garmin en couleur <b>noir<\/b> est con\u00e7ue pour offrir une exp\u00e9rience technologique avanc\u00e9e gr\u00e2ce \u00e0 une finition robuste et confortable. Son \u00e9cran est prot\u00e9g\u00e9 par un <b>verre<\/b> haute r\u00e9sistance, garantissant durabilit\u00e9 face aux chocs et rayures, tandis que le bracelet en <b>silicone<\/b> assure un ajustement flexible, confortable et adapt\u00e9 \u00e0 une utilisation prolong\u00e9e lors d\u2019activit\u00e9s physiques et quotidiennes. Cet appareil intelligent se distingue par sa connectivit\u00e9 sans fil, int\u00e9grant \u00e0 la fois le <b>Bluetooth<\/b> et le <b>Wi-Fi<\/b>, ce qui permet une synchronisation facile avec les smartphones, la r\u00e9ception de notifications et la mise \u00e0 jour des donn\u00e9es en temps r\u00e9el sans c\u00e2bles. Sa configuration en tant que <b>smartwatch<\/b> facilite le contr\u00f4le des fonctions li\u00e9es \u00e0 la sant\u00e9, au sport et \u00e0 la communication, s\u2019adaptant \u00e0 un style de vie actif et technologique sans renoncer \u00e0 l\u2019\u00e9l\u00e9gance gr\u00e2ce \u00e0 son design sobre et fonctionnel. En r\u00e9sum\u00e9, cette montre connect\u00e9e Garmin offre un \u00e9quilibre id\u00e9al entre fonctionnalit\u00e9, connectivit\u00e9 et confort, destin\u00e9e aux utilisateurs recherchant un appareil fiable et moderne au quotidien.<\/p>\n<ul>\n<li>Bloc d\u2019Alimentation: r\u00e9seau \u00e9lectrique<\/li>\n<li>Type de prise: Prise EU<\/li>\n<li>Type de montre: Montre intelligente<\/li>\n<li>Produit \u00e0 brancher: Oui<\/li>\n<li>Couleur: Noir<\/li>\n<li>Connexions: USB<\/li>\n<li>Connectivit\u00e9:\n<ul>\n<li>Wi-Fi<\/li>\n<li>Bluetooth<\/li>\n<li>GPS<\/li>\n<li>NFC<\/li>\n<li>Glonass<\/li>\n<li>ANT+<\/li>\n<li>BeiDou<\/li>\n<li>Galileo<\/li>\n<\/ul>\n<\/li>\n<li>Syst\u00e8me d&#8217;exploitation: Android<\/li>\n<li>Ecran: 1,2&#8243;<\/li>\n<li>Technologie: AMOLED<\/li>\n<li>Mati\u00e8re:\n<ul>\n<li>verre<\/li>\n<li>Silicone<\/li>\n<\/ul>\n<\/li>\n<li>Caract\u00e9ristiques:\n<ul>\n<li>R\u00e9sistant \u00e0 l&#8217;eau<\/li>\n<li>Acc\u00e9l\u00e9rom\u00e8tre<\/li>\n<li>Ecran tactile<\/li>\n<li>Capteur de lumi\u00e8re ambiante<\/li>\n<li>Gyroscope<\/li>\n<li>Alarme<\/li>\n<li>Capteur optique<\/li>\n<li>Thermom\u00e8tre<\/li>\n<li>Distance parcourue<\/li>\n<li>Chronom\u00e8tre<\/li>\n<li>Moniteur de Sommeil<\/li>\n<li>5 atm<\/li>\n<li>Notifications d\u2019appels et de messages<\/li>\n<li>Capteur de niveau d&#8217;oxyg\u00e8ne dans le sang<\/li>\n<\/ul>\n<\/li>\n<li>Fonctions:\n<ul>\n<li>\u00c9cran couleur<\/li>\n<li>Consommation de Calories<\/li>\n<li>Moniteur de Sommeil<\/li>\n<li>Recherche d&#8217;un appareil<\/li>\n<li>Moniteur de fr\u00e9quence cardiaque<\/li>\n<\/ul>\n<\/li>\n<li>Type de batterie:\n<ul>\n<li>Int\u00e9gr\u00e9e<\/li>\n<li>Litio Ion<\/li>\n<\/ul>\n<\/li>\n<li>Forme:\n<ul>\n<li>Rond<\/li>\n<li>Ronde<\/li>\n<\/ul>\n<\/li>\n<li>Inclut:\n<ul>\n<li>Batterie<\/li>\n<li>Minuterie<\/li>\n<li>Chargeur<\/li>\n<li>Manuel de l&#8217;utilisateur<\/li>\n<\/ul>\n<\/li>\n<li>Genre:\n<ul>\n<li>Adultes unisexes<\/li>\n<li>Unisexe<\/li>\n<\/ul>\n<\/li>\n<li>M\u00e9moire RAM: 8 GB RAM<\/li>\n<li>R\u00e9solution: 390 x 390 px<\/li>\n<li>Fonctionne \u00e0 piles: 1 Litio Ion, incluidas<\/li>\n<li>Connexion USB: Non<\/li>\n<li>Dimensions approx.: 20 mm<\/li>\n<li>Non Inclus: Connexion au r\u00e9seau mobile<\/li>\n<li>M\u00e9moire Flash: 1024 Mb<\/li>\n<\/ul>","protected":false},"excerpt":{"rendered":"<p>Si vous \u00eates passionn\u00e9 d&#8217;informatique et d&#8217;\u00e9lectronique, si vous \u00eates \u00e0 la pointe de la technologie et qu&#8217;aucun d\u00e9tail ne vous \u00e9chappe, achetez Montre intelligente GARMIN Vivoactive 6 Noir 1,2&#8243; au meilleur prix. La smartwatch Garmin en couleur noir est con\u00e7ue pour offrir une exp\u00e9rience technologique avanc\u00e9e gr\u00e2ce \u00e0 une finition robuste et confortable. Son [&hellip;]<\/p>\n","protected":false},"featured_media":48099,"comment_status":"open","ping_status":"closed","template":"","meta":[],"product_brand":[826],"product_cat":[575,65,748],"product_tag":[103,566,106],"class_list":{"0":"post-48103","1":"product","2":"type-product","3":"status-publish","4":"has-post-thumbnail","6":"product_brand-brandp_649","7":"product_cat-electronique-telephonie-et-tablettes","8":"product_cat-informatique-electronique","9":"product_cat-smartwatches","10":"product_tag-tag_1261","11":"product_tag-tag_547","12":"product_tag-tag_1295","14":"first","15":"instock","16":"taxable","17":"shipping-taxable","18":"purchasable","19":"product-type-simple"},"_links":{"self":[{"href":"https:\/\/bigbuy.tupique.com\/en\/wp-json\/wp\/v2\/product\/48103","targetHints":{"allow":["GET"]}}],"collection":[{"href":"https:\/\/bigbuy.tupique.com\/en\/wp-json\/wp\/v2\/product"}],"about":[{"href":"https:\/\/bigbuy.tupique.com\/en\/wp-json\/wp\/v2\/types\/product"}],"replies":[{"embeddable":true,"href":"https:\/\/bigbuy.tupique.com\/en\/wp-json\/wp\/v2\/comments?post=48103"}],"wp:featuredmedia":[{"embeddable":true,"href":"https:\/\/bigbuy.tupique.com\/en\/wp-json\/wp\/v2\/media\/48099"}],"wp:attachment":[{"href":"https:\/\/bigbuy.tupique.com\/en\/wp-json\/wp\/v2\/media?parent=48103"}],"wp:term":[{"taxonomy":"product_brand","embeddable":true,"href":"https:\/\/bigbuy.tupique.com\/en\/wp-json\/wp\/v2\/product_brand?post=48103"},{"taxonomy":"product_cat","embeddable":true,"href":"https:\/\/bigbuy.tupique.com\/en\/wp-json\/wp\/v2\/product_cat?post=48103"},{"taxonomy":"product_tag","embeddable":true,"href":"https:\/\/bigbuy.tupique.com\/en\/wp-json\/wp\/v2\/product_tag?post=48103"}],"curies":[{"name":"wp","href":"https:\/\/api.w.org\/{rel}","templated":true}]}}