{"id":47967,"date":"2026-03-30T22:22:42","date_gmt":"2026-03-30T21:22:42","guid":{"rendered":"https:\/\/bigbuy.tupique.com\/produto\/webcam-jabra-8700-231-4k-ultra-hd\/"},"modified":"2026-04-16T09:11:46","modified_gmt":"2026-04-16T08:11:46","slug":"webcam-jabra-8700-231-4k-ultra-hd","status":"publish","type":"product","link":"https:\/\/bigbuy.tupique.com\/en\/produto\/webcam-jabra-8700-231-4k-ultra-hd\/","title":{"rendered":"Webcam Jabra 8700-231 4K Ultra HD"},"content":{"rendered":"<p>Si vous \u00eates \u00e0 la recherche de nouvelles tendances sur le march\u00e9, nous vous pr\u00e9sentons <b>Webcam Jabra 8700-231 4K Ultra HD<\/b> !<\/p>\n<ul>\n<li>Type: Webcam<\/li>\n<li>Caract\u00e9ristiques:\n<ul>\n<li>Sans fil<\/li>\n<li>Haut-parleurs int\u00e9gr\u00e9s<\/li>\n<li>Microphone int\u00e9gr\u00e9<\/li>\n<li>Organisateur de C\u00e2bles<\/li>\n<\/ul>\n<\/li>\n<li>Couleur: Noir<\/li>\n<li>Connexions:\n<ul>\n<li>HDMI<\/li>\n<li>USB<\/li>\n<li>USB-C<\/li>\n<li>RJ45<\/li>\n<li>USB 3.2<\/li>\n<li>USB-C 3.2 Gen 1 (3.1 Gen 1)<\/li>\n<\/ul>\n<\/li>\n<li>Connectivit\u00e9:\n<ul>\n<li>Bluetooth<\/li>\n<li>Wi-Fi<\/li>\n<\/ul>\n<\/li>\n<li>Microphone int\u00e9gr\u00e9: Oui<\/li>\n<li>Mati\u00e8re:\n<ul>\n<li>Aluminium<\/li>\n<li>Plastique<\/li>\n<\/ul>\n<\/li>\n<li>Largeur: 53 cm<\/li>\n<li>Pile incluse: Non<\/li>\n<li>Microphone: Incorpor\u00e9<\/li>\n<li>Technologie: Sans fil<\/li>\n<li>R\u00e9solution: 4K Ultra HD<\/li>\n<li>Tension: 100 &#8211; 240 V<\/li>\n<li>R\u00e9solution d&#8217;enregistrement de vid\u00e9o: 3840 x 2160 px<\/li>\n<li>Compatible: Windows, Mac, Linux, Chrome OS<\/li>\n<li>vitesse: 10\/100\/1000 Mbps<\/li>\n<li>Connecteurs: Kensington<\/li>\n<li>R\u00e9solution (px): 1080 px<\/li>\n<\/ul>","protected":false},"excerpt":{"rendered":"<p>Si vous \u00eates \u00e0 la recherche de nouvelles tendances sur le march\u00e9, nous vous pr\u00e9sentons Webcam Jabra 8700-231 4K Ultra HD ! Type: Webcam Caract\u00e9ristiques: Sans fil Haut-parleurs int\u00e9gr\u00e9s Microphone int\u00e9gr\u00e9 Organisateur de C\u00e2bles Couleur: Noir Connexions: HDMI USB USB-C RJ45 USB 3.2 USB-C 3.2 Gen 1 (3.1 Gen 1) Connectivit\u00e9: Bluetooth Wi-Fi Microphone int\u00e9gr\u00e9: [&hellip;]<\/p>\n","protected":false},"featured_media":47955,"comment_status":"open","ping_status":"closed","template":"","meta":[],"product_brand":[642],"product_cat":[65,581,607],"product_tag":[213,106],"class_list":{"0":"post-47967","1":"product","2":"type-product","3":"status-publish","4":"has-post-thumbnail","6":"product_brand-brandp_3341","7":"product_cat-informatique-electronique","8":"product_cat-informatique-peripheriques-et-consommables","9":"product_cat-webcam","10":"product_tag-tag_933","11":"product_tag-tag_1295","13":"first","14":"instock","15":"taxable","16":"shipping-taxable","17":"purchasable","18":"product-type-simple"},"_links":{"self":[{"href":"https:\/\/bigbuy.tupique.com\/en\/wp-json\/wp\/v2\/product\/47967","targetHints":{"allow":["GET"]}}],"collection":[{"href":"https:\/\/bigbuy.tupique.com\/en\/wp-json\/wp\/v2\/product"}],"about":[{"href":"https:\/\/bigbuy.tupique.com\/en\/wp-json\/wp\/v2\/types\/product"}],"replies":[{"embeddable":true,"href":"https:\/\/bigbuy.tupique.com\/en\/wp-json\/wp\/v2\/comments?post=47967"}],"wp:featuredmedia":[{"embeddable":true,"href":"https:\/\/bigbuy.tupique.com\/en\/wp-json\/wp\/v2\/media\/47955"}],"wp:attachment":[{"href":"https:\/\/bigbuy.tupique.com\/en\/wp-json\/wp\/v2\/media?parent=47967"}],"wp:term":[{"taxonomy":"product_brand","embeddable":true,"href":"https:\/\/bigbuy.tupique.com\/en\/wp-json\/wp\/v2\/product_brand?post=47967"},{"taxonomy":"product_cat","embeddable":true,"href":"https:\/\/bigbuy.tupique.com\/en\/wp-json\/wp\/v2\/product_cat?post=47967"},{"taxonomy":"product_tag","embeddable":true,"href":"https:\/\/bigbuy.tupique.com\/en\/wp-json\/wp\/v2\/product_tag?post=47967"}],"curies":[{"name":"wp","href":"https:\/\/api.w.org\/{rel}","templated":true}]}}