{"id":47864,"date":"2026-03-30T22:18:20","date_gmt":"2026-03-30T21:18:20","guid":{"rendered":"https:\/\/bigbuy.tupique.com\/produto\/smartwatch-garmin-forerunner-165-music-blue-12-43-mm\/"},"modified":"2026-05-11T19:55:54","modified_gmt":"2026-05-11T17:55:54","slug":"smartwatch-garmin-forerunner-165-music-blue-12-43-mm","status":"publish","type":"product","link":"https:\/\/bigbuy.tupique.com\/en\/produto\/smartwatch-garmin-forerunner-165-music-blue-12-43-mm\/","title":{"rendered":"Montre intelligente GARMIN Forerunner 165 Music Bleu 1,2&#8243; 43 mm"},"content":{"rendered":"<p>Si vous \u00eates passionn\u00e9 d&#8217;<b>informatique et d&#8217;\u00e9lectronique<\/b>, si vous \u00eates \u00e0 la pointe de la technologie et qu&#8217;aucun d\u00e9tail ne vous \u00e9chappe, achetez <b>Montre intelligente GARMIN Forerunner 165 Music Bleu 1,2&#8243; 43 mm<\/b> au meilleur prix.<\/p>\n<ul>\n<li>Bloc d\u2019Alimentation: r\u00e9seau \u00e9lectrique<\/li>\n<li>Type de montre: Montre intelligente<\/li>\n<li>Produit \u00e0 brancher: Oui<\/li>\n<li>\u00c2ge recommand\u00e9: Adultes<\/li>\n<li>Taille: 43 mm<\/li>\n<li>Type de prise: Prise EU<\/li>\n<li>Couleur:\n<ul>\n<li>Bleu<\/li>\n<li>Argent\u00e9<\/li>\n<\/ul>\n<\/li>\n<li>Connexions:\n<ul>\n<li>USB<\/li>\n<li>USB-C<\/li>\n<\/ul>\n<\/li>\n<li>Connectivit\u00e9:\n<ul>\n<li>Wi-Fi<\/li>\n<li>Bluetooth<\/li>\n<li>GPS<\/li>\n<li>Glonass<\/li>\n<li>ANT+<\/li>\n<li>Galileo<\/li>\n<\/ul>\n<\/li>\n<li>M\u00e9moire interne: 4 GB<\/li>\n<li>Ecran: 1,2&#8243;<\/li>\n<li>Technologie: AMOLED<\/li>\n<li>Mati\u00e8re:\n<ul>\n<li>verre<\/li>\n<li>Silicone<\/li>\n<li>Polym\u00e8re<\/li>\n<\/ul>\n<\/li>\n<li>Caract\u00e9ristiques:\n<ul>\n<li>R\u00e9sistant \u00e0 l&#8217;eau<\/li>\n<li>Acc\u00e9l\u00e9rom\u00e8tre<\/li>\n<li>Barom\u00e8tre<\/li>\n<li>Ecran tactile<\/li>\n<li>Capteur de lumi\u00e8re ambiante<\/li>\n<li>Altim\u00e8tre<\/li>\n<li>Alarme<\/li>\n<li>Thermom\u00e8tre<\/li>\n<li>Distance parcourue<\/li>\n<li>Chronom\u00e8tre<\/li>\n<li>Moniteur de Sommeil<\/li>\n<li>5 atm<\/li>\n<li>Notifications d\u2019appels et de messages<\/li>\n<li>Connexion au r\u00e9seau mobile<\/li>\n<li>Batterie int\u00e9gr\u00e9e<\/li>\n<li>Capteur de niveau d&#8217;oxyg\u00e8ne dans le sang<\/li>\n<\/ul>\n<\/li>\n<li>Fonctions:\n<ul>\n<li>\u00c9cran couleur<\/li>\n<li>Consommation de Calories<\/li>\n<li>Recherche d&#8217;un appareil<\/li>\n<li>Moniteur de fr\u00e9quence cardiaque<\/li>\n<\/ul>\n<\/li>\n<li>Type de batterie:\n<ul>\n<li>Int\u00e9gr\u00e9e<\/li>\n<li>Batterie rechargeable<\/li>\n<\/ul>\n<\/li>\n<li>Syst\u00e8me d&#8217;exploitation: Android<\/li>\n<li>Forme:\n<ul>\n<li>Rond<\/li>\n<li>Ronde<\/li>\n<\/ul>\n<\/li>\n<li>Type de fermeture: Boucle<\/li>\n<li>Genre: Unisexe<\/li>\n<li>Compatible: iOS, Android<\/li>\n<li>R\u00e9solution: 390 x 390 px<\/li>\n<li>Non Inclus: Wi-Fi<\/li>\n<li>Diam\u00e8tre du bo\u00eetier: 43 mm<\/li>\n<li>Inclut:\n<ul>\n<li>Minuterie<\/li>\n<li>Chargeur<\/li>\n<li>Manuel de l&#8217;utilisateur<\/li>\n<\/ul>\n<\/li>\n<li>Fonctionne \u00e0 piles: 1 Litio Ion, incluidas<\/li>\n<li>M\u00e9moire Flash: 4 MB<\/li>\n<li>Capacit\u00e9: 4 GB<\/li>\n<\/ul>","protected":false},"excerpt":{"rendered":"<p><span class=\"unit-info\">9023.0233 &euro; \/ 1 m<\/span><\/p>","protected":false},"featured_media":47859,"comment_status":"open","ping_status":"closed","template":"","meta":[],"product_brand":[826],"product_cat":[575,65,748],"product_tag":[103,566,106],"class_list":{"0":"post-47864","1":"product","2":"type-product","3":"status-publish","4":"has-post-thumbnail","6":"product_brand-brandp_649","7":"product_cat-electronique-telephonie-et-tablettes","8":"product_cat-informatique-electronique","9":"product_cat-smartwatches","10":"product_tag-tag_1261","11":"product_tag-tag_547","12":"product_tag-tag_1295","14":"first","15":"instock","16":"taxable","17":"shipping-taxable","18":"purchasable","19":"product-type-simple"},"_links":{"self":[{"href":"https:\/\/bigbuy.tupique.com\/en\/wp-json\/wp\/v2\/product\/47864","targetHints":{"allow":["GET"]}}],"collection":[{"href":"https:\/\/bigbuy.tupique.com\/en\/wp-json\/wp\/v2\/product"}],"about":[{"href":"https:\/\/bigbuy.tupique.com\/en\/wp-json\/wp\/v2\/types\/product"}],"replies":[{"embeddable":true,"href":"https:\/\/bigbuy.tupique.com\/en\/wp-json\/wp\/v2\/comments?post=47864"}],"wp:featuredmedia":[{"embeddable":true,"href":"https:\/\/bigbuy.tupique.com\/en\/wp-json\/wp\/v2\/media\/47859"}],"wp:attachment":[{"href":"https:\/\/bigbuy.tupique.com\/en\/wp-json\/wp\/v2\/media?parent=47864"}],"wp:term":[{"taxonomy":"product_brand","embeddable":true,"href":"https:\/\/bigbuy.tupique.com\/en\/wp-json\/wp\/v2\/product_brand?post=47864"},{"taxonomy":"product_cat","embeddable":true,"href":"https:\/\/bigbuy.tupique.com\/en\/wp-json\/wp\/v2\/product_cat?post=47864"},{"taxonomy":"product_tag","embeddable":true,"href":"https:\/\/bigbuy.tupique.com\/en\/wp-json\/wp\/v2\/product_tag?post=47864"}],"curies":[{"name":"wp","href":"https:\/\/api.w.org\/{rel}","templated":true}]}}