{"id":47831,"date":"2026-03-30T22:06:29","date_gmt":"2026-03-30T21:06:29","guid":{"rendered":"https:\/\/bigbuy.tupique.com\/produto\/smartwatch-garmin-instinct-2x-solar-white-11\/"},"modified":"2026-05-11T19:55:54","modified_gmt":"2026-05-11T17:55:54","slug":"smartwatch-garmin-instinct-2x-solar-white-11","status":"publish","type":"product","link":"https:\/\/bigbuy.tupique.com\/en\/produto\/smartwatch-garmin-instinct-2x-solar-white-11\/","title":{"rendered":"Montre intelligente GARMIN Instinct 2X Solar Blanc 1,1&#8243;"},"content":{"rendered":"<p>Si vous \u00eates passionn\u00e9 d&#8217;<b>informatique et d&#8217;\u00e9lectronique<\/b>, si vous \u00eates \u00e0 la pointe de la technologie et qu&#8217;aucun d\u00e9tail ne vous \u00e9chappe, achetez <b>Montre intelligente GARMIN Instinct 2X Solar Blanc 1,1&#8243;<\/b> au meilleur prix.<\/p>\n<p>La <b>smartwatch<\/b> Garmin mod\u00e8le 010-02805-04 offre une combinaison polyvalente de fonctionnalit\u00e9s et de confort gr\u00e2ce \u00e0 ses mat\u00e9riaux soigneusement s\u00e9lectionn\u00e9s et son design pens\u00e9 pour un usage quotidien. Cet appareil int\u00e8gre un bracelet en <b>silicone et polym\u00e8re<\/b>, des mat\u00e9riaux garantissant une sensation agr\u00e9able sur la peau, une r\u00e9sistance \u00e0 l\u2019usure et une flexibilit\u00e9 lors d\u2019activit\u00e9s physiques ou de longues journ\u00e9es d\u2019utilisation. Disponible en tons <b>blanc et gris<\/b>, il propose des options stylistiques adapt\u00e9es \u00e0 diff\u00e9rents go\u00fbts et styles personnels. \u00c9quip\u00e9e d\u2019un <b>acc\u00e9l\u00e9rom\u00e8tre<\/b>, cette montre digitale permet d\u2019enregistrer avec pr\u00e9cision les mouvements et les pas, facilitant le suivi de l\u2019activit\u00e9 physique et contribuant \u00e0 un contr\u00f4le plus d\u00e9taill\u00e9 de la sant\u00e9 et des performances. Sa nature digitale assure une interface intuitive, avec des mesures et fonctions destin\u00e9es aux utilisateurs cherchant un accessoire intelligent pour surveiller leur activit\u00e9 quotidienne sans renoncer \u00e0 la l\u00e9g\u00e8ret\u00e9 et au confort apport\u00e9s par ses composants. L\u2019alliance d\u2019un design fonctionnel, de mat\u00e9riaux durables et de la technologie int\u00e9gr\u00e9e fait de cette smartwatch Garmin une option \u00e9quilibr\u00e9e pour ceux qui souhaitent un appareil fiable, aussi bien au quotidien que pour le sport. En r\u00e9sum\u00e9, la Garmin 010-02805-04 repr\u00e9sente une proposition efficace dans le segment des montres connect\u00e9es, avec un accent pr\u00e9cis sur le confort, la durabilit\u00e9 et la surveillance simple de l\u2019activit\u00e9 physique.<\/p>\n<ul>\n<li>Type de prise: Prise EU<\/li>\n<li>Type de montre: Montre intelligente<\/li>\n<li>Produit \u00e0 brancher: Oui<\/li>\n<li>Bloc d\u2019Alimentation: r\u00e9seau \u00e9lectrique<\/li>\n<li>Caract\u00e9ristiques:\n<ul>\n<li>Moniteur de Sommeil<\/li>\n<li>Moniteur de fr\u00e9quence cardiaque<\/li>\n<li>Acc\u00e9l\u00e9rom\u00e8tre<\/li>\n<li>Ecran tactile<\/li>\n<li>Gyroscope<\/li>\n<li>R\u00e9sistant \u00e0 l&#8217;eau<\/li>\n<li>Alarme<\/li>\n<li>Thermom\u00e8tre<\/li>\n<li>Distance parcourue<\/li>\n<li>Chronom\u00e8tre<\/li>\n<li>SMS<\/li>\n<li>Notifications d\u2019appels et de messages<\/li>\n<li>Format 12h \/ 24h<\/li>\n<li>Capteur de niveau d&#8217;oxyg\u00e8ne dans le sang<\/li>\n<li>\u00c9cran avec coins arrondis<\/li>\n<\/ul>\n<\/li>\n<li>Fonctions:\n<ul>\n<li>Acc\u00e9l\u00e9rom\u00e8tre<\/li>\n<li>Alarme<\/li>\n<li>Barom\u00e8tre<\/li>\n<li>Chronom\u00e8tre<\/li>\n<li>Podom\u00e8tre<\/li>\n<li>Consommation de Calories<\/li>\n<li>Moniteur de Sommeil<\/li>\n<li>Recherche d&#8217;un appareil<\/li>\n<li>Moniteur de fr\u00e9quence cardiaque<\/li>\n<\/ul>\n<\/li>\n<li>Podom\u00e8tre: Oui<\/li>\n<li>Utilisation recommand\u00e9e:\n<ul>\n<li>Courir<\/li>\n<li>Montagne<\/li>\n<li>Cyclisme<\/li>\n<li>Natation<\/li>\n<li>Rame<\/li>\n<li>Randonn\u00e9e<\/li>\n<li>Ski<\/li>\n<\/ul>\n<\/li>\n<li>Thermom\u00e8tre: Oui<\/li>\n<li>Sport: Fitness<\/li>\n<li>Ecran tactile: Oui<\/li>\n<li>Type: Num\u00e9rique<\/li>\n<li>Microphone int\u00e9gr\u00e9: Non<\/li>\n<li>Imperm\u00e9abilit\u00e9: 10 atm<\/li>\n<li>Genre:\n<ul>\n<li>cualquier g\u00e9nero<\/li>\n<li>Unisexe<\/li>\n<\/ul>\n<\/li>\n<li>Couleur:\n<ul>\n<li>Non<\/li>\n<li>Blanc<\/li>\n<li>Gris<\/li>\n<\/ul>\n<\/li>\n<li>Largeur: 5 cm<\/li>\n<li>Caisse: 50 mm<\/li>\n<li>Poids approx.: 67 g<\/li>\n<li>Long: 5 cm<\/li>\n<li>\u00c2ge recommand\u00e9: Adultes<\/li>\n<li>Taille: Taille unique<\/li>\n<li>Connexions:\n<ul>\n<li>USB<\/li>\n<li>USB-C<\/li>\n<\/ul>\n<\/li>\n<li>Connectivit\u00e9:\n<ul>\n<li>Bluetooth<\/li>\n<li>Wi-Fi<\/li>\n<li>GPS<\/li>\n<li>NFC<\/li>\n<li>Glonass<\/li>\n<li>Galileo<\/li>\n<\/ul>\n<\/li>\n<li>M\u00e9moire interne: 64 MB<\/li>\n<li>Syst\u00e8me d&#8217;exploitation: Android<\/li>\n<li>Ecran: 1,1&#8243;<\/li>\n<li>Mati\u00e8re:\n<ul>\n<li>Silicone<\/li>\n<li>Polym\u00e8re<\/li>\n<li>Plastique<\/li>\n<\/ul>\n<\/li>\n<li>Type de batterie:\n<ul>\n<li>Int\u00e9gr\u00e9e<\/li>\n<li>Litio Ion<\/li>\n<\/ul>\n<\/li>\n<li>Forme: Rond<\/li>\n<li>Inclut:\n<ul>\n<li>Batterie<\/li>\n<li>Minuterie<\/li>\n<li>Manuel de l&#8217;utilisateur<\/li>\n<\/ul>\n<\/li>\n<li>Cam\u00e9ra\/Appareil Photo: Non<\/li>\n<li>R\u00e9solution: 176 x 176 px<\/li>\n<li>Non Inclus:\n<ul>\n<li>Wi-Fi<\/li>\n<li>Connexion au r\u00e9seau mobile<\/li>\n<\/ul>\n<\/li>\n<li>R\u00e9sistant \u00e0 l&#8217;eau: 10 atm<\/li>\n<\/ul>","protected":false},"excerpt":{"rendered":"<p>Si vous \u00eates passionn\u00e9 d&#8217;informatique et d&#8217;\u00e9lectronique, si vous \u00eates \u00e0 la pointe de la technologie et qu&#8217;aucun d\u00e9tail ne vous \u00e9chappe, achetez Montre intelligente GARMIN Instinct 2X Solar Blanc 1,1&#8243; au meilleur prix. La smartwatch Garmin mod\u00e8le 010-02805-04 offre une combinaison polyvalente de fonctionnalit\u00e9s et de confort gr\u00e2ce \u00e0 ses mat\u00e9riaux soigneusement s\u00e9lectionn\u00e9s et [&hellip;]<\/p>\n","protected":false},"featured_media":47826,"comment_status":"open","ping_status":"closed","template":"","meta":[],"product_brand":[826],"product_cat":[575,65,748],"product_tag":[103,566,106],"class_list":{"0":"post-47831","1":"product","2":"type-product","3":"status-publish","4":"has-post-thumbnail","6":"product_brand-brandp_649","7":"product_cat-electronique-telephonie-et-tablettes","8":"product_cat-informatique-electronique","9":"product_cat-smartwatches","10":"product_tag-tag_1261","11":"product_tag-tag_547","12":"product_tag-tag_1295","14":"first","15":"instock","16":"taxable","17":"shipping-taxable","18":"purchasable","19":"product-type-simple"},"_links":{"self":[{"href":"https:\/\/bigbuy.tupique.com\/en\/wp-json\/wp\/v2\/product\/47831","targetHints":{"allow":["GET"]}}],"collection":[{"href":"https:\/\/bigbuy.tupique.com\/en\/wp-json\/wp\/v2\/product"}],"about":[{"href":"https:\/\/bigbuy.tupique.com\/en\/wp-json\/wp\/v2\/types\/product"}],"replies":[{"embeddable":true,"href":"https:\/\/bigbuy.tupique.com\/en\/wp-json\/wp\/v2\/comments?post=47831"}],"wp:featuredmedia":[{"embeddable":true,"href":"https:\/\/bigbuy.tupique.com\/en\/wp-json\/wp\/v2\/media\/47826"}],"wp:attachment":[{"href":"https:\/\/bigbuy.tupique.com\/en\/wp-json\/wp\/v2\/media?parent=47831"}],"wp:term":[{"taxonomy":"product_brand","embeddable":true,"href":"https:\/\/bigbuy.tupique.com\/en\/wp-json\/wp\/v2\/product_brand?post=47831"},{"taxonomy":"product_cat","embeddable":true,"href":"https:\/\/bigbuy.tupique.com\/en\/wp-json\/wp\/v2\/product_cat?post=47831"},{"taxonomy":"product_tag","embeddable":true,"href":"https:\/\/bigbuy.tupique.com\/en\/wp-json\/wp\/v2\/product_tag?post=47831"}],"curies":[{"name":"wp","href":"https:\/\/api.w.org\/{rel}","templated":true}]}}